{"id":518,"date":"2021-02-28T00:03:00","date_gmt":"2021-02-28T03:03:00","guid":{"rendered":"http:\/\/tce.pb.gov.br\/site-50-anos\/?page_id=518"},"modified":"2021-03-01T00:06:53","modified_gmt":"2021-03-01T03:06:53","slug":"historia-dos-tribunais-de-contas-do-brasil","status":"publish","type":"page","link":"https:\/\/tce.pb.gov.br\/site-50-anos\/historia-dos-tribunais-de-contas-do-brasil\/","title":{"rendered":"Hist\u00f3ria dos Tribunais de Contas do Brasil"},"content":{"rendered":"<div data-colibri-id=\"518-c1\" class=\"style-251 style-local-518-c1 position-relative\">\n  <!---->\n  <div data-colibri-component=\"section\" data-colibri-id=\"518-c6\" id=\"custom\" class=\"h-section h-section-global-spacing d-flex align-items-lg-center align-items-md-center align-items-center style-256 style-local-518-c6 position-relative\">\n    <!---->\n    <!---->\n    <div class=\"h-section-grid-container h-section-boxed-container\">\n      <!---->\n      <div data-colibri-id=\"518-c9\" class=\"h-row-container gutters-row-lg-2 gutters-row-md-2 gutters-row-0 gutters-row-v-lg-2 gutters-row-v-md-2 gutters-row-v-2 style-259 style-local-518-c9 position-relative\">\n        <!---->\n        <div class=\"h-row justify-content-lg-center justify-content-md-center justify-content-center align-items-lg-stretch align-items-md-stretch align-items-stretch gutters-col-lg-2 gutters-col-md-2 gutters-col-0 gutters-col-v-lg-2 gutters-col-v-md-2 gutters-col-v-2\">\n          <!---->\n          <div class=\"h-column h-column-container d-flex h-col-lg-auto h-col-md-auto h-col-auto style-260-outer style-local-518-c10-outer\">\n            <div data-colibri-id=\"518-c10\" class=\"d-flex h-flex-basis h-column__inner h-px-lg-2 h-px-md-2 h-px-2 v-inner-lg-2 v-inner-md-2 v-inner-2 style-260 style-local-518-c10 position-relative\">\n              <!---->\n              <!---->\n              <div class=\"w-100 h-y-container h-column__content h-column__v-align flex-basis-100 align-self-lg-start align-self-md-start align-self-start\">\n                <!---->\n                <div data-colibri-id=\"518-c11\" class=\"h-text h-text-component style-261 style-local-518-c11 position-relative h-element\">\n                  <!---->\n                  <!---->\n                  <div class=\"\">\n                    <p><strong style=\"font-size: 14pt;\">Hist\u00f3ria dos Tribunais de Contas do Brasil<\/strong><\/p>\n                    <p>O controle das finan\u00e7as p\u00fablicas remonta \u00e0 Antiguidade cl\u00e1ssica nas legisla\u00e7\u00f5es romana e grega, mas somente na Idade M\u00e9dia \u00e9 que h\u00e1 registros de fatos atribu\u00eddos aos Tribunais de Contas como institui\u00e7\u00e3o.&nbsp;<\/p>\n                    <p>No Brasil, as primeiras manifesta\u00e7\u00f5es de Controle das Contas P\u00fablicas ocorreram em 1680, quando a Coroa Portuguesa criou as Juntas das Fazendas das Capitanias e a Junta da Fazenda do Rio de Janeiro.&nbsp;<\/p>\n                    <p>Com a Independ\u00eancia do Brasil (1822) e a cria\u00e7\u00e3o da Constitui\u00e7\u00e3o Mon\u00e1rquica (1824) foi determinada a cria\u00e7\u00e3o de um Tribunal denominado de Tesouro Nacional, por\u00e9m este sistema n\u00e3o foi implantado. Ap\u00f3s a Proclama\u00e7\u00e3o da Rep\u00fablica (1889),\n                      durante o governo provis\u00f3rio do Marechal Deodoro da Fonseca, sob orienta\u00e7\u00e3o do Ministro da Fazenda, Ruy Barbosa, foi promulgado o Decreto n\u00ba. 966-A, de 01 de novembro de 1890, criando o Tribunal de Contas da Uni\u00e3o \u2013 TCU. O Tribunal\n                      foi definitivamente institucionalizado pela Constitui\u00e7\u00e3o de 1891, mas sua instala\u00e7\u00e3o s\u00f3 ocorreu em janeiro de 1893.<\/p>\n                    <p>&nbsp;Por suas insistentes interven\u00e7\u00f5es para a cria\u00e7\u00e3o de um \u00f3rg\u00e3o que fiscalizasse as Contas P\u00fablicas do pa\u00eds, Ruy Barbosa \u00e9 considerado o Patrono dos Tribunais de Contas do Brasil.<\/p>\n                  <\/div>\n                <\/div>\n              <\/div>\n            <\/div>\n          <\/div>\n        <\/div>\n      <\/div>\n      <div data-colibri-id=\"518-c7\" class=\"h-row-container gutters-row-lg-2 gutters-row-md-2 gutters-row-0 gutters-row-v-lg-2 gutters-row-v-md-2 gutters-row-v-2 style-257 style-local-518-c7 position-relative\">\n        <!---->\n        <div class=\"h-row justify-content-lg-center justify-content-md-center justify-content-center align-items-lg-stretch align-items-md-stretch align-items-stretch gutters-col-lg-2 gutters-col-md-2 gutters-col-0 gutters-col-v-lg-2 gutters-col-v-md-2 gutters-col-v-2\">\n          <!---->\n          <div class=\"h-column h-column-container d-flex h-col-lg-auto h-col-md-auto h-col-auto style-258-outer style-local-518-c8-outer\">\n            <div data-colibri-id=\"518-c8\" class=\"d-flex h-flex-basis h-column__inner h-ui-empty-state-container h-px-lg-2 h-px-md-2 h-px-2 v-inner-lg-2 v-inner-md-2 v-inner-2 style-258 style-local-518-c8 position-relative\">\n              <!---->\n              <!---->\n              <div class=\"w-100 h-y-container h-column__content h-column__v-align flex-basis-100\">\n                <!---->\n              <\/div>\n            <\/div>\n          <\/div>\n        <\/div>\n      <\/div>\n    <\/div>\n  <\/div>\n<\/div>","protected":false},"excerpt":{"rendered":"<p>Hist\u00f3ria dos Tribunais de Contas do Brasil O controle das finan\u00e7as p\u00fablicas remonta \u00e0 Antiguidade cl\u00e1ssica nas legisla\u00e7\u00f5es romana e grega, mas somente na Idade M\u00e9dia \u00e9 que h\u00e1 registros de fatos atribu\u00eddos aos Tribunais de Contas como institui\u00e7\u00e3o.&nbsp; No Brasil, as primeiras manifesta\u00e7\u00f5es de Controle das Contas P\u00fablicas ocorreram em 1680, quando a Coroa [&hellip;]<\/p>\n","protected":false},"author":1,"featured_media":0,"parent":0,"menu_order":0,"comment_status":"closed","ping_status":"closed","template":"page-templates\/full-width-page.php","meta":{"footnotes":""},"class_list":["post-518","page","type-page","status-publish","hentry"],"_links":{"self":[{"href":"https:\/\/tce.pb.gov.br\/site-50-anos\/wp-json\/wp\/v2\/pages\/518","targetHints":{"allow":["GET"]}}],"collection":[{"href":"https:\/\/tce.pb.gov.br\/site-50-anos\/wp-json\/wp\/v2\/pages"}],"about":[{"href":"https:\/\/tce.pb.gov.br\/site-50-anos\/wp-json\/wp\/v2\/types\/page"}],"author":[{"embeddable":true,"href":"https:\/\/tce.pb.gov.br\/site-50-anos\/wp-json\/wp\/v2\/users\/1"}],"replies":[{"embeddable":true,"href":"https:\/\/tce.pb.gov.br\/site-50-anos\/wp-json\/wp\/v2\/comments?post=518"}],"version-history":[{"count":2,"href":"https:\/\/tce.pb.gov.br\/site-50-anos\/wp-json\/wp\/v2\/pages\/518\/revisions"}],"predecessor-version":[{"id":522,"href":"https:\/\/tce.pb.gov.br\/site-50-anos\/wp-json\/wp\/v2\/pages\/518\/revisions\/522"}],"wp:attachment":[{"href":"https:\/\/tce.pb.gov.br\/site-50-anos\/wp-json\/wp\/v2\/media?parent=518"}],"curies":[{"name":"wp","href":"https:\/\/api.w.org\/{rel}","templated":true}]}}