{"id":427,"date":"2021-02-27T12:13:00","date_gmt":"2021-02-27T15:13:00","guid":{"rendered":"http:\/\/tce.pb.gov.br\/site-50-anos\/?page_id=427"},"modified":"2021-11-23T12:48:58","modified_gmt":"2021-11-23T15:48:58","slug":"damasio-barbosa-da-franca","status":"publish","type":"page","link":"https:\/\/tce.pb.gov.br\/site-50-anos\/galeria-dos-conselheiros\/damasio-barbosa-da-franca\/","title":{"rendered":"Dam\u00e1sio Barbosa da Franca"},"content":{"rendered":"<div data-colibri-id=\"427-c1\" class=\"style-1769 style-local-427-c1 position-relative\">\n  <!---->\n  <div data-colibri-component=\"section\" data-colibri-id=\"427-c6\" id=\"reusable-sections\" class=\"h-section h-section-global-spacing d-flex align-items-lg-center align-items-md-center align-items-center style-1774 style-local-427-c6 position-relative\">\n    <!---->\n    <!---->\n    <div class=\"h-section-grid-container h-section-boxed-container\">\n      <!---->\n      <div data-colibri-id=\"427-c7\" class=\"h-row-container gutters-row-lg-2 gutters-row-md-2 gutters-row-2 gutters-row-v-lg-2 gutters-row-v-md-2 gutters-row-v-2 style-1775 style-local-427-c7 position-relative\">\n        <!---->\n        <div class=\"h-row justify-content-lg-center justify-content-md-center justify-content-center align-items-lg-stretch align-items-md-stretch align-items-stretch gutters-col-lg-2 gutters-col-md-2 gutters-col-2 gutters-col-v-lg-2 gutters-col-v-md-2 gutters-col-v-2\">\n          <!---->\n          <div class=\"h-column h-column-container d-flex h-col-lg-auto h-col-md-auto h-col-auto style-1776-outer style-local-427-c8-outer\">\n            <div data-colibri-id=\"427-c8\" class=\"d-flex h-flex-basis h-column__inner h-px-lg-2 h-px-md-2 h-px-2 v-inner-lg-2 v-inner-md-2 v-inner-2 style-1776 style-local-427-c8 position-relative\">\n              <!---->\n              <!---->\n              <div class=\"w-100 h-y-container h-column__content h-column__v-align flex-basis-100 align-self-lg-center align-self-md-center align-self-center\">\n                <!---->\n                <div data-colibri-id=\"427-c9\" class=\"h-global-transition-all h-heading style-1777 style-local-427-c9 position-relative h-element\">\n                  <!---->\n                  <div class=\"h-heading__outer style-1777 style-local-427-c9\">\n                    <!---->\n                    <!---->\n                    <h5 class=\"\">DAM\u00c1SIO BARBOSA DA FRAN\u00c7A.<\/h5>\n                  <\/div>\n                <\/div>\n                <div data-colibri-id=\"427-c10\" class=\"h-lead h-text h-text-component style-1778 style-local-427-c10 position-relative h-element\">\n                  <!---->\n                  <!---->\n                  <div class=\"\">\n                    <p>Nascimento: 19\/09\/1918, Jo\u00e3o Pessoa-PB.\n                      <br>Falecimento: 09\/09\/1988.<\/p>\n                    <p>Forma\u00e7\u00e3o Acad\u00eamica: Curso Secund\u00e1rio, Liceu Paraibano.<\/p>\n                    <p>Ingresso no Tribunal:&nbsp;Nomeado para o cargo de Conselheiro pelo Governador Jo\u00e3o Agripino Maia Filho. Expediente do dia 08\/01\/71, DOE de 09\/01\/71 com base na Lei 3.627, de 31\/08\/1970. Posse 09\/03\/71. Aposentadoria: 16\/03\/1979. DOE\n                      17\/03\/79. Processo TC 1243\/79.<\/p>\n                    <p>Atua\u00e7\u00e3o no TCE-PB:<\/p>\n                    <p>Vice-presidente \u20131975-1976; 1977-1978.<\/p>\n                    <p>Conselheiro Fundador<\/p>\n                  <\/div>\n                <\/div>\n              <\/div>\n            <\/div>\n          <\/div>\n          <div class=\"h-column h-column-container d-flex h-col-lg-auto h-col-md-auto h-col-auto style-1779-outer style-local-427-c11-outer\">\n            <div data-colibri-id=\"427-c11\" class=\"d-flex h-flex-basis h-column__inner h-px-lg-2 h-px-md-2 h-px-2 v-inner-lg-2 v-inner-md-2 v-inner-2 style-1779 style-local-427-c11 position-relative\">\n              <!---->\n              <!---->\n              <div class=\"w-100 h-y-container h-column__content h-column__v-align flex-basis-100 align-self-lg-center align-self-md-center align-self-center\">\n                <!---->\n                <div data-colibri-id=\"427-c12\" class=\"d-block style-1780 style-local-427-c12 position-relative h-element\">\n                  <!---->\n                  <div class=\"h-image__frame-container-outer\">\n                    <div class=\"h-image__frame-container\">\n                      <!---->\n                      <!---->\n                      <img loading=\"lazy\" decoding=\"async\" width=\"255\" height=\"255\" src=\"http:\/\/tce.pb.gov.br\/site-50-anos\/wp-content\/uploads\/2021\/02\/cropped-dbarbosa-1.jpg\" class=\"wp-image-3200 style-1780-image style-local-427-c12-image\" alt=\"\" srcset=\"https:\/\/tce.pb.gov.br\/site-50-anos\/wp-content\/uploads\/2021\/02\/cropped-dbarbosa-1.jpg 255w, https:\/\/tce.pb.gov.br\/site-50-anos\/wp-content\/uploads\/2021\/02\/cropped-dbarbosa-1-150x150.jpg 150w\" sizes=\"auto, (max-width: 255px) 100vw, 255px\" \/>\n                      <div class=\"h-image__frame h-hide-sm style-1780-frameImage style-local-427-c12-frameImage\"><\/div>\n                    <\/div>\n                  <\/div>\n                <\/div>\n              <\/div>\n            <\/div>\n          <\/div>\n        <\/div>\n      <\/div>\n    <\/div>\n  <\/div>\n<\/div>","protected":false},"excerpt":{"rendered":"<p>DAM\u00c1SIO BARBOSA DA FRAN\u00c7A. Nascimento: 19\/09\/1918, Jo\u00e3o Pessoa-PB. Falecimento: 09\/09\/1988. Forma\u00e7\u00e3o Acad\u00eamica: Curso Secund\u00e1rio, Liceu Paraibano. Ingresso no Tribunal:&nbsp;Nomeado para o cargo de Conselheiro pelo Governador Jo\u00e3o Agripino Maia Filho. Expediente do dia 08\/01\/71, DOE de 09\/01\/71 com base na Lei 3.627, de 31\/08\/1970. Posse 09\/03\/71. Aposentadoria: 16\/03\/1979. DOE 17\/03\/79. Processo TC 1243\/79. Atua\u00e7\u00e3o no [&hellip;]<\/p>\n","protected":false},"author":1,"featured_media":0,"parent":400,"menu_order":5,"comment_status":"closed","ping_status":"closed","template":"page-templates\/full-width-page.php","meta":{"footnotes":""},"class_list":["post-427","page","type-page","status-publish","hentry"],"_links":{"self":[{"href":"https:\/\/tce.pb.gov.br\/site-50-anos\/wp-json\/wp\/v2\/pages\/427","targetHints":{"allow":["GET"]}}],"collection":[{"href":"https:\/\/tce.pb.gov.br\/site-50-anos\/wp-json\/wp\/v2\/pages"}],"about":[{"href":"https:\/\/tce.pb.gov.br\/site-50-anos\/wp-json\/wp\/v2\/types\/page"}],"author":[{"embeddable":true,"href":"https:\/\/tce.pb.gov.br\/site-50-anos\/wp-json\/wp\/v2\/users\/1"}],"replies":[{"embeddable":true,"href":"https:\/\/tce.pb.gov.br\/site-50-anos\/wp-json\/wp\/v2\/comments?post=427"}],"version-history":[{"count":7,"href":"https:\/\/tce.pb.gov.br\/site-50-anos\/wp-json\/wp\/v2\/pages\/427\/revisions"}],"predecessor-version":[{"id":3223,"href":"https:\/\/tce.pb.gov.br\/site-50-anos\/wp-json\/wp\/v2\/pages\/427\/revisions\/3223"}],"up":[{"embeddable":true,"href":"https:\/\/tce.pb.gov.br\/site-50-anos\/wp-json\/wp\/v2\/pages\/400"}],"wp:attachment":[{"href":"https:\/\/tce.pb.gov.br\/site-50-anos\/wp-json\/wp\/v2\/media?parent=427"}],"curies":[{"name":"wp","href":"https:\/\/api.w.org\/{rel}","templated":true}]}}