{"id":425,"date":"2021-02-27T12:08:00","date_gmt":"2021-02-27T15:08:00","guid":{"rendered":"http:\/\/tce.pb.gov.br\/site-50-anos\/?page_id=425"},"modified":"2021-11-23T12:35:02","modified_gmt":"2021-11-23T15:35:02","slug":"carmelo-dos-santos-coelho","status":"publish","type":"page","link":"https:\/\/tce.pb.gov.br\/site-50-anos\/galeria-dos-conselheiros\/carmelo-dos-santos-coelho\/","title":{"rendered":"Carmelo dos Santos Coelho"},"content":{"rendered":"<div data-colibri-id=\"425-c1\" class=\"style-1757 style-local-425-c1 position-relative\">\n  <!---->\n  <div data-colibri-component=\"section\" data-colibri-id=\"425-c6\" id=\"reusable-sections\" class=\"h-section h-section-global-spacing d-flex align-items-lg-center align-items-md-center align-items-center style-1762 style-local-425-c6 position-relative\">\n    <!---->\n    <!---->\n    <div class=\"h-section-grid-container h-section-boxed-container\">\n      <!---->\n      <div data-colibri-id=\"425-c7\" class=\"h-row-container gutters-row-lg-2 gutters-row-md-2 gutters-row-2 gutters-row-v-lg-2 gutters-row-v-md-2 gutters-row-v-2 style-1763 style-local-425-c7 position-relative\">\n        <!---->\n        <div class=\"h-row justify-content-lg-center justify-content-md-center justify-content-center align-items-lg-stretch align-items-md-stretch align-items-stretch gutters-col-lg-2 gutters-col-md-2 gutters-col-2 gutters-col-v-lg-2 gutters-col-v-md-2 gutters-col-v-2\">\n          <!---->\n          <div class=\"h-column h-column-container d-flex h-col-lg-auto h-col-md-auto h-col-auto style-1764-outer style-local-425-c8-outer\">\n            <div data-colibri-id=\"425-c8\" class=\"d-flex h-flex-basis h-column__inner h-px-lg-2 h-px-md-2 h-px-2 v-inner-lg-2 v-inner-md-2 v-inner-2 style-1764 style-local-425-c8 position-relative\">\n              <!---->\n              <!---->\n              <div class=\"w-100 h-y-container h-column__content h-column__v-align flex-basis-100 align-self-lg-center align-self-md-center align-self-center\">\n                <!---->\n                <div data-colibri-id=\"425-c9\" class=\"h-global-transition-all h-heading style-1765 style-local-425-c9 position-relative h-element\">\n                  <!---->\n                  <div class=\"h-heading__outer style-1765 style-local-425-c9\">\n                    <!---->\n                    <!---->\n                    <h5 class=\"\">CARMELO DOS SANTOS COELHO.<\/h5>\n                  <\/div>\n                <\/div>\n                <div data-colibri-id=\"425-c10\" class=\"h-lead h-text h-text-component style-1766 style-local-425-c10 position-relative h-element\">\n                  <!---->\n                  <!---->\n                  <div class=\"\">\n                    <p>Nascimento: 12\/08\/25, Jo\u00e3o Pessoa-PB.\n                      <br>Falecimento: 04\/11\/79.<\/p>\n                    <p>Forma\u00e7\u00e3o acad\u00eamica: Bacharel em Direito,1953 (Faculdade de Direito de Recife).<\/p>\n                    <p>Ingresso no TCE: Nomeado para o cargo de Conselheiro pelo Governador Jo\u00e3o Agripino Maia Filho. Expediente do dia 8\/01\/71, DOE de 09\/01\/71 com base na Lei 3.627, de 31\/08\/70.Posse em 01\/03\/1971. Aposentadoria: Expediente do dia 01\/08\/75.\n                      DOE 02\/09\/75. Processo TC 5358\/75.<\/p>\n                    <p>Atua\u00e7\u00e3o no TCE-PB:<\/p>\n                    <p>Presidente 2\u00aa C\u00e2mara (1971-1972; 1973-1974; 1975).<\/p>\n                    <p>Conselheiro Fundador.<\/p>\n                  <\/div>\n                <\/div>\n              <\/div>\n            <\/div>\n          <\/div>\n          <div class=\"h-column h-column-container d-flex h-col-lg-auto h-col-md-auto h-col-auto style-1767-outer style-local-425-c11-outer\">\n            <div data-colibri-id=\"425-c11\" class=\"d-flex h-flex-basis h-column__inner h-px-lg-2 h-px-md-2 h-px-2 v-inner-lg-2 v-inner-md-2 v-inner-2 style-1767 style-local-425-c11 position-relative\">\n              <!---->\n              <!---->\n              <div class=\"w-100 h-y-container h-column__content h-column__v-align flex-basis-100 align-self-lg-center align-self-md-center align-self-center\">\n                <!---->\n                <div data-colibri-id=\"425-c12\" class=\"d-block style-1768 style-local-425-c12 position-relative h-element\">\n                  <!---->\n                  <div class=\"h-image__frame-container-outer\">\n                    <div class=\"h-image__frame-container\">\n                      <!---->\n                      <!---->\n                      <img loading=\"lazy\" decoding=\"async\" width=\"609\" height=\"758\" src=\"http:\/\/tce.pb.gov.br\/site-50-anos\/wp-content\/uploads\/2021\/02\/cropped-csantos-1.jpg\" class=\"wp-image-3192 style-1768-image style-local-425-c12-image\" alt=\"\" srcset=\"https:\/\/tce.pb.gov.br\/site-50-anos\/wp-content\/uploads\/2021\/02\/cropped-csantos-1.jpg 609w, https:\/\/tce.pb.gov.br\/site-50-anos\/wp-content\/uploads\/2021\/02\/cropped-csantos-1-241x300.jpg 241w\" sizes=\"auto, (max-width: 609px) 100vw, 609px\" \/>\n                      <div class=\"h-image__frame h-hide-sm style-1768-frameImage style-local-425-c12-frameImage\"><\/div>\n                    <\/div>\n                  <\/div>\n                <\/div>\n              <\/div>\n            <\/div>\n          <\/div>\n        <\/div>\n      <\/div>\n    <\/div>\n  <\/div>\n<\/div>","protected":false},"excerpt":{"rendered":"<p>CARMELO DOS SANTOS COELHO. Nascimento: 12\/08\/25, Jo\u00e3o Pessoa-PB. Falecimento: 04\/11\/79. Forma\u00e7\u00e3o acad\u00eamica: Bacharel em Direito,1953 (Faculdade de Direito de Recife). Ingresso no TCE: Nomeado para o cargo de Conselheiro pelo Governador Jo\u00e3o Agripino Maia Filho. Expediente do dia 8\/01\/71, DOE de 09\/01\/71 com base na Lei 3.627, de 31\/08\/70.Posse em 01\/03\/1971. Aposentadoria: Expediente do dia [&hellip;]<\/p>\n","protected":false},"author":1,"featured_media":0,"parent":400,"menu_order":4,"comment_status":"closed","ping_status":"closed","template":"page-templates\/full-width-page.php","meta":{"footnotes":""},"class_list":["post-425","page","type-page","status-publish","hentry"],"_links":{"self":[{"href":"https:\/\/tce.pb.gov.br\/site-50-anos\/wp-json\/wp\/v2\/pages\/425","targetHints":{"allow":["GET"]}}],"collection":[{"href":"https:\/\/tce.pb.gov.br\/site-50-anos\/wp-json\/wp\/v2\/pages"}],"about":[{"href":"https:\/\/tce.pb.gov.br\/site-50-anos\/wp-json\/wp\/v2\/types\/page"}],"author":[{"embeddable":true,"href":"https:\/\/tce.pb.gov.br\/site-50-anos\/wp-json\/wp\/v2\/users\/1"}],"replies":[{"embeddable":true,"href":"https:\/\/tce.pb.gov.br\/site-50-anos\/wp-json\/wp\/v2\/comments?post=425"}],"version-history":[{"count":4,"href":"https:\/\/tce.pb.gov.br\/site-50-anos\/wp-json\/wp\/v2\/pages\/425\/revisions"}],"predecessor-version":[{"id":3194,"href":"https:\/\/tce.pb.gov.br\/site-50-anos\/wp-json\/wp\/v2\/pages\/425\/revisions\/3194"}],"up":[{"embeddable":true,"href":"https:\/\/tce.pb.gov.br\/site-50-anos\/wp-json\/wp\/v2\/pages\/400"}],"wp:attachment":[{"href":"https:\/\/tce.pb.gov.br\/site-50-anos\/wp-json\/wp\/v2\/media?parent=425"}],"curies":[{"name":"wp","href":"https:\/\/api.w.org\/{rel}","templated":true}]}}