{"id":417,"date":"2021-02-27T11:53:00","date_gmt":"2021-02-27T14:53:00","guid":{"rendered":"http:\/\/tce.pb.gov.br\/site-50-anos\/?page_id=417"},"modified":"2021-11-23T12:16:16","modified_gmt":"2021-11-23T15:16:16","slug":"marcos-antonio-da-costa","status":"publish","type":"page","link":"https:\/\/tce.pb.gov.br\/site-50-anos\/galeria-dos-conselheiros\/marcos-antonio-da-costa\/","title":{"rendered":"Marcos Ant\u00f4nio da Costa"},"content":{"rendered":"<div data-colibri-id=\"417-c1\" class=\"style-1661 style-local-417-c1 position-relative\">\r\n  <!---->\r\n  <div data-colibri-component=\"section\" data-colibri-id=\"417-c6\" id=\"about\" class=\"h-section h-section-global-spacing d-flex align-items-lg-center align-items-md-center align-items-center style-1711 style-local-417-c6 position-relative\">\r\n    <!---->\r\n    <!---->\r\n    <div class=\"h-section-grid-container h-section-boxed-container\">\r\n      <!---->\r\n      <div data-colibri-id=\"417-c7\" class=\"h-row-container gutters-row-lg-2 gutters-row-md-2 gutters-row-2 gutters-row-v-lg-2 gutters-row-v-md-2 gutters-row-v-2 style-1712 style-local-417-c7 position-relative\">\r\n        <!---->\r\n        <div class=\"h-row justify-content-lg-center justify-content-md-center justify-content-center align-items-lg-stretch align-items-md-stretch align-items-stretch gutters-col-lg-2 gutters-col-md-2 gutters-col-2 gutters-col-v-lg-2 gutters-col-v-md-2 gutters-col-v-2\">\r\n          <!---->\r\n          <div class=\"h-column h-column-container d-flex h-col-lg-auto h-col-md-auto h-col-auto style-1713-outer style-local-417-c8-outer\">\r\n            <div data-colibri-id=\"417-c8\" class=\"d-flex h-flex-basis h-column__inner h-px-lg-2 h-px-md-2 h-px-2 v-inner-lg-2 v-inner-md-2 v-inner-2 style-1713 style-local-417-c8 position-relative\">\r\n              <!---->\r\n              <!---->\r\n              <div class=\"w-100 h-y-container h-column__content h-column__v-align flex-basis-100 align-self-lg-center align-self-md-center align-self-center\">\r\n                <!---->\r\n                <div data-colibri-id=\"417-c9\" class=\"h-global-transition-all h-heading style-1714 style-local-417-c9 position-relative h-element\">\r\n                  <!---->\r\n                  <div class=\"h-heading__outer style-1714 style-local-417-c9\">\r\n                    <!---->\r\n                    <!---->\r\n                    <h5 class=\"\">MARCOS ANT\u00d4NIO COSTA<\/h5>\r\n                  <\/div>\r\n                <\/div>\r\n                <div data-colibri-id=\"417-c10\" class=\"h-lead h-text h-text-component style-1716 style-local-417-c10 position-relative h-element\">\r\n                  <!---->\r\n                  <!---->\r\n                  <div class=\"\">\r\n                    <p>Nascimento: 06\/01\/53,Itaporanga &#8211; PB.\r\n                      <br>Falecimento:09\/08\/2019.<\/p>\r\n                    <p>Forma\u00e7\u00e3o Acad\u00eamica: Bacharel em Direito, 1978 (UFPB).<\/p>\r\n                    <p>Ingresso no Tribunal: Nomeado T\u00e9cnico de Controle Externo em 29\/12\/86. Posse em 16\/01\/87.Nomeado para o cargo de Auditor (Conselheiro Substituto) por concurso p\u00fablico, Ato Governamental 118\/99, de 29\/01\/99. Posse em 05\/02\/99. Exonerado\r\n                      a pedido Portaria 189\/15 de 28\/10\/15, DOE 29\/10\/15 para assumir o cargo de Conselheiro. Nomeado para o cargo de Conselheiro pelo Governador Ricardo Vieira Coutinho. Ato Governamental n\u00ba 3.813, de 15\/10\/15, DOE 17\/10\/15, aprovado\r\n                      por Decreto Legislativo 245\/15 de 22\/10\/15. DOE de 24\/10\/15. Posse 28\/10\/2015.<\/p>\r\n                    <p>Atua\u00e7\u00e3o no TCE-PB:<\/p>\r\n                    <p>Presidente 1\u00aa C\u00e2mara \u2013 (25\/01\/19-02\/08\/19).<\/p>\r\n                    <p>Coordenador da ECOSIL: (2017-2018).<\/p>\r\n                    <p>\r\n                      <br>\r\n                    <\/p>\r\n                  <\/div>\r\n                <\/div>\r\n              <\/div>\r\n            <\/div>\r\n          <\/div>\r\n          <div class=\"h-column h-column-container d-flex h-col-lg-auto h-col-md-auto h-col-auto style-1719-outer style-local-417-c11-outer\">\r\n            <div data-colibri-id=\"417-c11\" class=\"d-flex h-flex-basis h-column__inner h-px-lg-2 h-px-md-2 h-px-2 v-inner-lg-2 v-inner-md-2 v-inner-2 style-1719 style-local-417-c11 position-relative\">\r\n              <!---->\r\n              <!---->\r\n              <div class=\"w-100 h-y-container h-column__content h-column__v-align flex-basis-100 align-self-lg-center align-self-md-center align-self-center\">\r\n                <!---->\r\n                <div data-colibri-id=\"417-c12\" class=\"d-block style-1720 style-local-417-c12 position-relative h-element\">\r\n                  <!---->\r\n                  <div class=\"h-image__frame-container-outer\">\r\n                    <div class=\"h-image__frame-container\">\r\n                      <!---->\r\n                      <!---->\r\n                      <img loading=\"lazy\" decoding=\"async\" width=\"453\" height=\"563\" src=\"http:\/\/tce.pb.gov.br\/site-50-anos\/wp-content\/uploads\/2021\/02\/mantonio.jpg\" class=\"wp-image-461 style-1720-image style-local-417-c12-image\" alt=\"\" srcset=\"https:\/\/tce.pb.gov.br\/site-50-anos\/wp-content\/uploads\/2021\/02\/mantonio.jpg 453w, https:\/\/tce.pb.gov.br\/site-50-anos\/wp-content\/uploads\/2021\/02\/mantonio-241x300.jpg 241w\" sizes=\"auto, (max-width: 453px) 100vw, 453px\" \/>\r\n                      <div class=\"h-image__frame h-hide-sm style-1720-frameImage style-local-417-c12-frameImage\"><\/div>\r\n                    <\/div>\r\n                  <\/div>\r\n                <\/div>\r\n              <\/div>\r\n            <\/div>\r\n          <\/div>\r\n        <\/div>\r\n      <\/div>\r\n    <\/div>\r\n  <\/div>\r\n<\/div>","protected":false},"excerpt":{"rendered":"<p>MARCOS ANT\u00d4NIO COSTA Nascimento: 06\/01\/53,Itaporanga &#8211; PB. Falecimento:09\/08\/2019. Forma\u00e7\u00e3o Acad\u00eamica: Bacharel em Direito, 1978 (UFPB). Ingresso no Tribunal: Nomeado T\u00e9cnico de Controle Externo em 29\/12\/86. Posse em 16\/01\/87.Nomeado para o cargo de Auditor (Conselheiro Substituto) por concurso p\u00fablico, Ato Governamental 118\/99, de 29\/01\/99. Posse em 05\/02\/99. Exonerado a pedido Portaria 189\/15 de 28\/10\/15, DOE 29\/10\/15 [&hellip;]<\/p>\n","protected":false},"author":1,"featured_media":0,"parent":400,"menu_order":2,"comment_status":"closed","ping_status":"closed","template":"page-templates\/full-width-page.php","meta":{"footnotes":""},"class_list":["post-417","page","type-page","status-publish","hentry"],"_links":{"self":[{"href":"https:\/\/tce.pb.gov.br\/site-50-anos\/wp-json\/wp\/v2\/pages\/417","targetHints":{"allow":["GET"]}}],"collection":[{"href":"https:\/\/tce.pb.gov.br\/site-50-anos\/wp-json\/wp\/v2\/pages"}],"about":[{"href":"https:\/\/tce.pb.gov.br\/site-50-anos\/wp-json\/wp\/v2\/types\/page"}],"author":[{"embeddable":true,"href":"https:\/\/tce.pb.gov.br\/site-50-anos\/wp-json\/wp\/v2\/users\/1"}],"replies":[{"embeddable":true,"href":"https:\/\/tce.pb.gov.br\/site-50-anos\/wp-json\/wp\/v2\/comments?post=417"}],"version-history":[{"count":8,"href":"https:\/\/tce.pb.gov.br\/site-50-anos\/wp-json\/wp\/v2\/pages\/417\/revisions"}],"predecessor-version":[{"id":3077,"href":"https:\/\/tce.pb.gov.br\/site-50-anos\/wp-json\/wp\/v2\/pages\/417\/revisions\/3077"}],"up":[{"embeddable":true,"href":"https:\/\/tce.pb.gov.br\/site-50-anos\/wp-json\/wp\/v2\/pages\/400"}],"wp:attachment":[{"href":"https:\/\/tce.pb.gov.br\/site-50-anos\/wp-json\/wp\/v2\/media?parent=417"}],"curies":[{"name":"wp","href":"https:\/\/api.w.org\/{rel}","templated":true}]}}