{"id":414,"date":"2021-02-27T11:50:00","date_gmt":"2021-02-27T14:50:00","guid":{"rendered":"http:\/\/tce.pb.gov.br\/site-50-anos\/?page_id=414"},"modified":"2021-11-23T12:28:57","modified_gmt":"2021-11-23T15:28:57","slug":"antonio-gomes-vieira-filho","status":"publish","type":"page","link":"https:\/\/tce.pb.gov.br\/site-50-anos\/galeria-dos-conselheiros\/antonio-gomes-vieira-filho\/","title":{"rendered":"Ant\u00f4nio Gomes Vieira Filho"},"content":{"rendered":"<div data-colibri-id=\"414-c1\" class=\"style-1745 style-local-414-c1 position-relative\">\n  <!---->\n  <div data-colibri-component=\"section\" data-colibri-id=\"414-c6\" id=\"reusable-sections\" class=\"h-section h-section-global-spacing d-flex align-items-lg-center align-items-md-center align-items-center style-1750 style-local-414-c6 position-relative\">\n    <!---->\n    <!---->\n    <div class=\"h-section-grid-container h-section-boxed-container\">\n      <!---->\n      <div data-colibri-id=\"414-c7\" class=\"h-row-container gutters-row-lg-2 gutters-row-md-2 gutters-row-2 gutters-row-v-lg-2 gutters-row-v-md-2 gutters-row-v-2 style-1751 style-local-414-c7 position-relative\">\n        <!---->\n        <div class=\"h-row justify-content-lg-center justify-content-md-center justify-content-center align-items-lg-stretch align-items-md-stretch align-items-stretch gutters-col-lg-2 gutters-col-md-2 gutters-col-2 gutters-col-v-lg-2 gutters-col-v-md-2 gutters-col-v-2\">\n          <!---->\n          <div class=\"h-column h-column-container d-flex h-col-lg-auto h-col-md-auto h-col-auto style-1752-outer style-local-414-c8-outer\">\n            <div data-colibri-id=\"414-c8\" class=\"d-flex h-flex-basis h-column__inner h-px-lg-2 h-px-md-2 h-px-2 v-inner-lg-2 v-inner-md-2 v-inner-2 style-1752 style-local-414-c8 position-relative\">\n              <!---->\n              <!---->\n              <div class=\"w-100 h-y-container h-column__content h-column__v-align flex-basis-100 align-self-lg-center align-self-md-center align-self-center\">\n                <!---->\n                <div data-colibri-id=\"414-c9\" class=\"h-global-transition-all h-heading style-1753 style-local-414-c9 position-relative h-element\">\n                  <!---->\n                  <div class=\"h-heading__outer style-1753 style-local-414-c9\">\n                    <!---->\n                    <!---->\n                    <h5 class=\"\">ANT\u00d4NIO GOMES VIEIRA FILHO.<\/h5>\n                  <\/div>\n                <\/div>\n                <div data-colibri-id=\"414-c10\" class=\"h-lead h-text h-text-component style-1754 style-local-414-c10 position-relative h-element\">\n                  <!---->\n                  <!---->\n                  <div class=\"\">\n                    <p>Nascimento:13\/04\/1962, Rio de Janeiro &#8211; RJ.<\/p>\n                    <p>Forma\u00e7\u00e3o acad\u00eamica: Bacharel em Ci\u00eancias Econ\u00f4micas, 1983 (UFPB). Bacharel em Arquitetura e Urbanismo, 1983 (UFPB). Bacharel em Direito,1995(UFPB).<\/p>\n                    <p>Ingresso no TCE: Nomeado para o cargo de Auditor de Contas P\u00fablicas, Portaria n\u00ba 77\/95, 22\/02\/95, DOE 25\/02\/95. Posse em 13\/03\/95. Exonerado a pedido Portaria 41\/98, de 20\/03\/98 para exercer o cargo de Auditor. Nomeado para o cargo\n                      de Auditor (Conselheiro Substituto) por concurso p\u00fablico, Ato Governamental 0198\/98, de 13\/03\/98. Posse em 17\/03\/1998. Exonerado a pedido Portaria 202\/19 DOE 13\/12\/19 para assumir o cargo de Conselheiro. Nomeado para o cargo de Conselheiro\n                      pelo Governador Jo\u00e3o Azevedo Lins Filho, Ato Governamental n\u00ba 2.999 de 27\/11\/19. DOE 28\/11\/19, de acordo com lista tr\u00edplice Of\u00edcio TCE 298\/19 e Decreto Legislativo n\u00ba 255 de 06\/11\/19. Posse 11\/12\/2019.<\/p>\n                    <p>Atua\u00e7\u00e3o no TCE-PB<\/p>\n                    <p>Presidente 1\u00aa C\u00e2mara (2019-2020).<\/p>\n                    <p>Corregedor (2021-2022).<\/p>\n                  <\/div>\n                <\/div>\n              <\/div>\n            <\/div>\n          <\/div>\n          <div class=\"h-column h-column-container d-flex h-col-lg-auto h-col-md-auto h-col-auto style-1755-outer style-local-414-c11-outer\">\n            <div data-colibri-id=\"414-c11\" class=\"d-flex h-flex-basis h-column__inner h-px-lg-2 h-px-md-2 h-px-2 v-inner-lg-2 v-inner-md-2 v-inner-2 style-1755 style-local-414-c11 position-relative\">\n              <!---->\n              <!---->\n              <div class=\"w-100 h-y-container h-column__content h-column__v-align flex-basis-100 align-self-lg-center align-self-md-center align-self-center\">\n                <!---->\n                <div data-colibri-id=\"414-c12\" class=\"d-block style-1756 style-local-414-c12 position-relative h-element\">\n                  <!---->\n                  <div class=\"h-image__frame-container-outer\">\n                    <div class=\"h-image__frame-container\">\n                      <!---->\n                      <!---->\n                      <img loading=\"lazy\" decoding=\"async\" width=\"236\" height=\"236\" src=\"http:\/\/tce.pb.gov.br\/site-50-anos\/wp-content\/uploads\/2021\/02\/cropped-agomes-1.jpg\" class=\"wp-image-3156 style-1756-image style-local-414-c12-image\" alt=\"\" srcset=\"https:\/\/tce.pb.gov.br\/site-50-anos\/wp-content\/uploads\/2021\/02\/cropped-agomes-1.jpg 236w, https:\/\/tce.pb.gov.br\/site-50-anos\/wp-content\/uploads\/2021\/02\/cropped-agomes-1-150x150.jpg 150w\" sizes=\"auto, (max-width: 236px) 100vw, 236px\" \/>\n                      <div class=\"h-image__frame h-hide-sm style-1756-frameImage style-local-414-c12-frameImage\"><\/div>\n                    <\/div>\n                  <\/div>\n                <\/div>\n              <\/div>\n            <\/div>\n          <\/div>\n        <\/div>\n      <\/div>\n    <\/div>\n  <\/div>\n<\/div>","protected":false},"excerpt":{"rendered":"<p>ANT\u00d4NIO GOMES VIEIRA FILHO. Nascimento:13\/04\/1962, Rio de Janeiro &#8211; RJ. Forma\u00e7\u00e3o acad\u00eamica: Bacharel em Ci\u00eancias Econ\u00f4micas, 1983 (UFPB). Bacharel em Arquitetura e Urbanismo, 1983 (UFPB). Bacharel em Direito,1995(UFPB). Ingresso no TCE: Nomeado para o cargo de Auditor de Contas P\u00fablicas, Portaria n\u00ba 77\/95, 22\/02\/95, DOE 25\/02\/95. Posse em 13\/03\/95. Exonerado a pedido Portaria 41\/98, de [&hellip;]<\/p>\n","protected":false},"author":1,"featured_media":0,"parent":400,"menu_order":1,"comment_status":"closed","ping_status":"closed","template":"page-templates\/full-width-page.php","meta":{"footnotes":""},"class_list":["post-414","page","type-page","status-publish","hentry"],"_links":{"self":[{"href":"https:\/\/tce.pb.gov.br\/site-50-anos\/wp-json\/wp\/v2\/pages\/414","targetHints":{"allow":["GET"]}}],"collection":[{"href":"https:\/\/tce.pb.gov.br\/site-50-anos\/wp-json\/wp\/v2\/pages"}],"about":[{"href":"https:\/\/tce.pb.gov.br\/site-50-anos\/wp-json\/wp\/v2\/types\/page"}],"author":[{"embeddable":true,"href":"https:\/\/tce.pb.gov.br\/site-50-anos\/wp-json\/wp\/v2\/users\/1"}],"replies":[{"embeddable":true,"href":"https:\/\/tce.pb.gov.br\/site-50-anos\/wp-json\/wp\/v2\/comments?post=414"}],"version-history":[{"count":11,"href":"https:\/\/tce.pb.gov.br\/site-50-anos\/wp-json\/wp\/v2\/pages\/414\/revisions"}],"predecessor-version":[{"id":3186,"href":"https:\/\/tce.pb.gov.br\/site-50-anos\/wp-json\/wp\/v2\/pages\/414\/revisions\/3186"}],"up":[{"embeddable":true,"href":"https:\/\/tce.pb.gov.br\/site-50-anos\/wp-json\/wp\/v2\/pages\/400"}],"wp:attachment":[{"href":"https:\/\/tce.pb.gov.br\/site-50-anos\/wp-json\/wp\/v2\/media?parent=414"}],"curies":[{"name":"wp","href":"https:\/\/api.w.org\/{rel}","templated":true}]}}