{"id":409,"date":"2021-02-27T11:45:00","date_gmt":"2021-02-27T14:45:00","guid":{"rendered":"http:\/\/tce.pb.gov.br\/site-50-anos\/?page_id=409"},"modified":"2021-11-23T12:18:13","modified_gmt":"2021-11-23T15:18:13","slug":"adailton-coelho-costa","status":"publish","type":"page","link":"https:\/\/tce.pb.gov.br\/site-50-anos\/galeria-dos-conselheiros\/adailton-coelho-costa\/","title":{"rendered":"Adailton Coelho Costa"},"content":{"rendered":"<div data-colibri-id=\"409-c1\" class=\"style-1721 style-local-409-c1 position-relative\">\n  <!---->\n  <div data-colibri-component=\"section\" data-colibri-id=\"409-c6\" id=\"reusable-sections\" class=\"h-section h-section-global-spacing d-flex align-items-lg-center align-items-md-center align-items-center style-1726 style-local-409-c6 position-relative\">\n    <!---->\n    <!---->\n    <div class=\"h-section-grid-container h-section-boxed-container\">\n      <!---->\n      <div data-colibri-id=\"409-c7\" class=\"h-row-container gutters-row-lg-2 gutters-row-md-2 gutters-row-2 gutters-row-v-lg-2 gutters-row-v-md-2 gutters-row-v-2 style-1727 style-local-409-c7 position-relative\">\n        <!---->\n        <div class=\"h-row justify-content-lg-center justify-content-md-center justify-content-center align-items-lg-stretch align-items-md-stretch align-items-stretch gutters-col-lg-2 gutters-col-md-2 gutters-col-2 gutters-col-v-lg-2 gutters-col-v-md-2 gutters-col-v-2\">\n          <!---->\n          <div class=\"h-column h-column-container d-flex h-col-lg-auto h-col-md-auto h-col-auto style-1728-outer style-local-409-c8-outer\">\n            <div data-colibri-id=\"409-c8\" class=\"d-flex h-flex-basis h-column__inner h-px-lg-2 h-px-md-2 h-px-2 v-inner-lg-2 v-inner-md-2 v-inner-2 style-1728 style-local-409-c8 position-relative\">\n              <!---->\n              <!---->\n              <div class=\"w-100 h-y-container h-column__content h-column__v-align flex-basis-100 align-self-lg-center align-self-md-center align-self-center\">\n                <!---->\n                <div data-colibri-id=\"409-c9\" class=\"h-global-transition-all h-heading style-1729 style-local-409-c9 position-relative h-element\">\n                  <!---->\n                  <div class=\"h-heading__outer style-1729 style-local-409-c9\">\n                    <!---->\n                    <!---->\n                    <h5 class=\"\">ADA\u00cdLTON COELHO COSTA.<\/h5>\n                  <\/div>\n                <\/div>\n                <div data-colibri-id=\"409-c10\" class=\"h-lead h-text h-text-component style-1730 style-local-409-c10 position-relative h-element\">\n                  <!---->\n                  <!---->\n                  <div class=\"\">\n                    <p>Nascimento: 30\/12\/1924, Jo\u00e3o Pessoa- PB.\n                      <br>Falecimento: 29\/06\/2006.<\/p>\n                    <p>Forma\u00e7\u00e3o acad\u00eamica: Bacharel em Direito, 1956, Faculdade de Direito da Para\u00edba.<\/p>\n                    <p>Ingresso no TCE:&nbsp;Nomeado para o cargo de Conselheiro pelo Governador Wilson Leite Braga, Ato Governamental de 11\/07\/85. DOE 13\/07\/85.Posse 12\/08\/85.&nbsp;Aposentadoria:\n                      <br>Ato Governamental n\u00ba 6631\/94 de 20\/12\/94. DOE 20\/12\/94.<\/p>\n                    <p>Atua\u00e7\u00e3o no TCE-PB:\n                      <br>\n                      <br>Vice-Presidente (1987-1988; 1993-1994).<\/p>\n                  <\/div>\n                <\/div>\n              <\/div>\n            <\/div>\n          <\/div>\n          <div class=\"h-column h-column-container d-flex h-col-lg-auto h-col-md-auto h-col-auto style-1731-outer style-local-409-c11-outer\">\n            <div data-colibri-id=\"409-c11\" class=\"d-flex h-flex-basis h-column__inner h-px-lg-2 h-px-md-2 h-px-2 v-inner-lg-2 v-inner-md-2 v-inner-2 style-1731 style-local-409-c11 position-relative\">\n              <!---->\n              <!---->\n              <div class=\"w-100 h-y-container h-column__content h-column__v-align flex-basis-100 align-self-lg-center align-self-md-center align-self-center\">\n                <!---->\n                <div data-colibri-id=\"409-c12\" class=\"d-block style-1732 style-local-409-c12 position-relative h-element\">\n                  <!---->\n                  <div class=\"h-image__frame-container-outer\">\n                    <div class=\"h-image__frame-container\">\n                      <!---->\n                      <!---->\n                      <img loading=\"lazy\" decoding=\"async\" width=\"612\" height=\"613\" src=\"http:\/\/tce.pb.gov.br\/site-50-anos\/wp-content\/uploads\/2021\/02\/cropped-acoelho-1.jpg\" class=\"wp-image-3132 style-1732-image style-local-409-c12-image\" alt=\"\" srcset=\"https:\/\/tce.pb.gov.br\/site-50-anos\/wp-content\/uploads\/2021\/02\/cropped-acoelho-1.jpg 612w, https:\/\/tce.pb.gov.br\/site-50-anos\/wp-content\/uploads\/2021\/02\/cropped-acoelho-1-300x300.jpg 300w, https:\/\/tce.pb.gov.br\/site-50-anos\/wp-content\/uploads\/2021\/02\/cropped-acoelho-1-150x150.jpg 150w\" sizes=\"auto, (max-width: 612px) 100vw, 612px\" \/>\n                      <div class=\"h-image__frame h-hide-sm style-1732-frameImage style-local-409-c12-frameImage\"><\/div>\n                    <\/div>\n                  <\/div>\n                <\/div>\n              <\/div>\n            <\/div>\n          <\/div>\n        <\/div>\n      <\/div>\n    <\/div>\n  <\/div>\n<\/div>","protected":false},"excerpt":{"rendered":"<p>ADA\u00cdLTON COELHO COSTA. Nascimento: 30\/12\/1924, Jo\u00e3o Pessoa- PB. Falecimento: 29\/06\/2006. Forma\u00e7\u00e3o acad\u00eamica: Bacharel em Direito, 1956, Faculdade de Direito da Para\u00edba. Ingresso no TCE:&nbsp;Nomeado para o cargo de Conselheiro pelo Governador Wilson Leite Braga, Ato Governamental de 11\/07\/85. DOE 13\/07\/85.Posse 12\/08\/85.&nbsp;Aposentadoria: Ato Governamental n\u00ba 6631\/94 de 20\/12\/94. DOE 20\/12\/94. Atua\u00e7\u00e3o no TCE-PB: Vice-Presidente (1987-1988; 1993-1994).<\/p>\n","protected":false},"author":1,"featured_media":0,"parent":400,"menu_order":0,"comment_status":"closed","ping_status":"closed","template":"page-templates\/full-width-page.php","meta":{"footnotes":""},"class_list":["post-409","page","type-page","status-publish","hentry"],"_links":{"self":[{"href":"https:\/\/tce.pb.gov.br\/site-50-anos\/wp-json\/wp\/v2\/pages\/409","targetHints":{"allow":["GET"]}}],"collection":[{"href":"https:\/\/tce.pb.gov.br\/site-50-anos\/wp-json\/wp\/v2\/pages"}],"about":[{"href":"https:\/\/tce.pb.gov.br\/site-50-anos\/wp-json\/wp\/v2\/types\/page"}],"author":[{"embeddable":true,"href":"https:\/\/tce.pb.gov.br\/site-50-anos\/wp-json\/wp\/v2\/users\/1"}],"replies":[{"embeddable":true,"href":"https:\/\/tce.pb.gov.br\/site-50-anos\/wp-json\/wp\/v2\/comments?post=409"}],"version-history":[{"count":12,"href":"https:\/\/tce.pb.gov.br\/site-50-anos\/wp-json\/wp\/v2\/pages\/409\/revisions"}],"predecessor-version":[{"id":3142,"href":"https:\/\/tce.pb.gov.br\/site-50-anos\/wp-json\/wp\/v2\/pages\/409\/revisions\/3142"}],"up":[{"embeddable":true,"href":"https:\/\/tce.pb.gov.br\/site-50-anos\/wp-json\/wp\/v2\/pages\/400"}],"wp:attachment":[{"href":"https:\/\/tce.pb.gov.br\/site-50-anos\/wp-json\/wp\/v2\/media?parent=409"}],"curies":[{"name":"wp","href":"https:\/\/api.w.org\/{rel}","templated":true}]}}