{"id":400,"date":"2021-02-27T11:39:00","date_gmt":"2021-02-27T14:39:00","guid":{"rendered":"http:\/\/tce.pb.gov.br\/site-50-anos\/?page_id=400"},"modified":"2021-12-07T08:46:14","modified_gmt":"2021-12-07T11:46:14","slug":"galeria-dos-conselheiros","status":"publish","type":"page","link":"https:\/\/tce.pb.gov.br\/site-50-anos\/galeria-dos-conselheiros\/","title":{"rendered":"Galeria dos Conselheiros"},"content":{"rendered":"<div data-colibri-id=\"400-c1\" class=\"style-1598 style-local-400-c1 position-relative\">\n  <!---->\n  <div data-colibri-component=\"section\" data-colibri-id=\"400-c2\" id=\"team\" class=\"h-section h-section-global-spacing d-flex align-items-lg-center align-items-md-center align-items-center style-1628 style-local-400-c2 position-relative\">\n    <!---->\n    <!---->\n    <div class=\"h-section-grid-container h-section-boxed-container\">\n      <div data-colibri-id=\"400-c20\" class=\"h-row-container gutters-row-lg-2 gutters-row-md-2 gutters-row-0 gutters-row-v-lg-2 gutters-row-v-md-2 gutters-row-v-2 style-1642 style-local-400-c20 position-relative\">\n        <!---->\n        <div class=\"h-row justify-content-lg-center justify-content-md-center justify-content-center align-items-lg-stretch align-items-md-stretch align-items-stretch gutters-col-lg-2 gutters-col-md-2 gutters-col-0 gutters-col-v-lg-2 gutters-col-v-md-2 gutters-col-v-2\">\n          <!---->\n          <div class=\"h-column h-column-container d-flex h-col-lg-auto h-col-md-auto h-col-auto style-1643-outer style-local-400-c21-outer\">\n            <div data-colibri-id=\"400-c21\" class=\"d-flex h-flex-basis h-column__inner h-px-lg-2 h-px-md-2 h-px-2 v-inner-lg-2 v-inner-md-2 v-inner-2 style-1643 style-local-400-c21 position-relative\">\n              <!---->\n              <!---->\n              <div class=\"w-100 h-y-container h-column__content h-column__v-align flex-basis-100 align-self-lg-start align-self-md-start align-self-start\">\n                <!---->\n                <div data-colibri-id=\"400-c22\" class=\"h-global-transition-all h-heading style-1644 style-local-400-c22 position-relative h-element\">\n                  <!---->\n                  <div class=\"h-heading__outer style-1644 style-local-400-c22\">\n                    <!---->\n                    <!---->\n                    <h2 class=\"\">Galeria dos Conselheiros<\/h2>\n                  <\/div>\n                <\/div>\n                <div data-colibri-id=\"400-c23\" class=\"h-lead h-text h-text-component style-1645 style-local-400-c23 position-relative h-element\">\n                  <!---->\n                  <!---->\n                  <div class=\"\">\n                    <p>Conselheiros que participaram da hist\u00f3ria do Tribunal de Contas do Estado da Para\u00edba e permanecem no hall das grandes figuras desta casa.<\/p>\n                  <\/div>\n                <\/div>\n              <\/div>\n            <\/div>\n          <\/div>\n        <\/div>\n      <\/div>\n      <div data-colibri-id=\"400-c3\" class=\"h-row-container gutters-row-lg-2 gutters-row-md-2 gutters-row-0 gutters-row-v-lg-2 gutters-row-v-md-2 gutters-row-v-2 style-1629 style-local-400-c3 position-relative\">\n        <!---->\n        <div class=\"h-row justify-content-lg-center justify-content-md-center justify-content-center align-items-lg-stretch align-items-md-stretch align-items-stretch gutters-col-lg-2 gutters-col-md-2 gutters-col-0 gutters-col-v-lg-2 gutters-col-v-md-2 gutters-col-v-2\">\n          <!---->\n          <div class=\"h-column h-column-container d-flex h-col-lg-3 h-col-md-6 h-col-12 style-1630-outer style-local-400-c4-outer\">\n            <div data-colibri-id=\"400-c4\" class=\"d-flex h-flex-basis h-column__inner h-px-lg-0 h-px-md-0 h-px-0 v-inner-lg-0 v-inner-md-0 v-inner-0 style-1630 style-local-400-c4 position-relative\">\n              <!---->\n              <!---->\n              <div class=\"w-100 h-y-container h-column__content h-column__v-align flex-basis-100 align-self-lg-start align-self-md-start align-self-start\">\n                <!---->\n                <div data-colibri-id=\"400-c5\" class=\"d-block style-1631 style-local-400-c5 position-relative h-element\">\n                  <!---->\n                  <div class=\"h-image__frame-container-outer\">\n                    <a href=\"\/site-50-anos\/galeria-dos-conselheiros\/adailton-coelho-costa\/\" h-use-smooth-scroll=\"true\" class=\"image-link\">\n                      <div class=\"h-image__frame-container\">\n                        <!---->\n                        <!---->\n                        <img decoding=\"async\" src=\"https:\/\/tce.pb.gov.br\/site-50-anos\/wp-content\/uploads\/2021\/02\/cropped-acoelho-150x150.jpg\" class=\"style-1631-image style-local-400-c5-image\">\n                        <div class=\"h-image__frame h-hide-lg h-hide-md h-hide-sm style-1631-frameImage style-local-400-c5-frameImage\"><\/div>\n                      <\/div>\n                    <\/a>\n                  <\/div>\n                <\/div>\n                <div data-colibri-id=\"400-c6\" class=\"h-global-transition-all h-heading style-1632 style-local-400-c6 position-relative h-element\">\n                  <!---->\n                  <div class=\"h-heading__outer style-1632 style-local-400-c6\">\n                    <!---->\n                    <!---->\n                    <a href=\"\/site-50-anos\/galeria-dos-conselheiros\/adailton-coelho-costa\/\" h-use-smooth-scroll=\"true\">\n                      <h4 class=\"\">Adailton Coelho Costa.<\/h4>\n                    <\/a>\n                  <\/div>\n                <\/div>\n                <div data-colibri-id=\"400-c7\" class=\"h-text h-text-component style-1634 style-local-400-c7 position-relative h-element\">\n                  <!---->\n                  <!---->\n                  <div class=\"\">\n                    <p>Paraibano de Jo\u00e3o Pessoa, foi bacharel em Direito, pela Faculdade de Direito da Para\u00edba&#8230;<\/p>\n                  <\/div>\n                <\/div>\n              <\/div>\n            <\/div>\n          <\/div>\n          <div class=\"h-column h-column-container d-flex h-col-lg-3 h-col-md-6 h-col-12 style-1630-outer style-local-400-c8-outer\">\n            <div data-colibri-id=\"400-c8\" class=\"d-flex h-flex-basis h-column__inner h-px-lg-0 h-px-md-0 h-px-0 v-inner-lg-0 v-inner-md-0 v-inner-0 style-1630 style-local-400-c8 position-relative\">\n              <!---->\n              <!---->\n              <div class=\"w-100 h-y-container h-column__content h-column__v-align flex-basis-100 align-self-lg-start align-self-md-start align-self-start\">\n                <!---->\n                <div data-colibri-id=\"400-c9\" class=\"d-block style-1636 style-local-400-c9 position-relative h-element\">\n                  <!---->\n                  <div class=\"h-image__frame-container-outer\">\n                    <a href=\"\/site-50-anos\/galeria-dos-conselheiros\/antonio-gomes-vieira-filho\/\" h-use-smooth-scroll=\"true\" class=\"image-link\">\n                      <div class=\"h-image__frame-container\">\n                        <!---->\n                        <!---->\n                        <img decoding=\"async\" src=\"https:\/\/tce.pb.gov.br\/site-50-anos\/wp-content\/uploads\/2021\/02\/cropped-agomes-150x150.jpg\" class=\"style-1636-image style-local-400-c9-image\">\n                        <div class=\"h-image__frame h-hide-lg h-hide-md h-hide-sm style-1636-frameImage style-local-400-c9-frameImage\"><\/div>\n                      <\/div>\n                    <\/a>\n                  <\/div>\n                <\/div>\n                <div data-colibri-id=\"400-c10\" class=\"h-global-transition-all h-heading style-1632 style-local-400-c10 position-relative h-element\">\n                  <!---->\n                  <div class=\"h-heading__outer style-1632 style-local-400-c10\">\n                    <!---->\n                    <!---->\n                    <a href=\"\/site-50-anos\/galeria-dos-conselheiros\/antonio-gomes-vieira-filho\/\" h-use-smooth-scroll=\"true\">\n                      <h4 class=\"\">Ant\u00f4nio Gomes Vieira Filho.<\/h4>\n                    <\/a>\n                  <\/div>\n                <\/div>\n                <div data-colibri-id=\"400-c11\" class=\"h-text h-text-component style-1634 style-local-400-c11 position-relative h-element\">\n                  <!---->\n                  <!---->\n                  <div class=\"\">\n                    <p>Carioca da cidade do Rio de Janeiro , foi bacharel em Ci\u00eancias Econ\u00f4micas, pela UFPB&#8230;<\/p>\n                  <\/div>\n                <\/div>\n              <\/div>\n            <\/div>\n          <\/div>\n          <div class=\"h-column h-column-container d-flex h-col-lg-3 h-col-md-6 h-col-12 style-1630-outer style-local-400-c12-outer\">\n            <div data-colibri-id=\"400-c12\" class=\"d-flex h-flex-basis h-column__inner h-px-lg-0 h-px-md-0 h-px-0 v-inner-lg-0 v-inner-md-0 v-inner-0 style-1630 style-local-400-c12 position-relative\">\n              <!---->\n              <!---->\n              <div class=\"w-100 h-y-container h-column__content h-column__v-align flex-basis-100 align-self-lg-start align-self-md-start align-self-start\">\n                <!---->\n                <div data-colibri-id=\"400-c13\" class=\"d-block style-1638 style-local-400-c13 position-relative h-element\">\n                  <!---->\n                  <div class=\"h-image__frame-container-outer\">\n                    <a href=\"\/site-50-anos\/galeria-dos-conselheiros\/antonio-pinheiro-dantas\/\" h-use-smooth-scroll=\"true\" class=\"image-link\">\n                      <div class=\"h-image__frame-container\">\n                        <!---->\n                        <!---->\n                        <img decoding=\"async\" src=\"https:\/\/tce.pb.gov.br\/site-50-anos\/wp-content\/uploads\/2021\/02\/cropped-apinheiro-150x150.jpg\" class=\"style-1638-image style-local-400-c13-image\">\n                        <div class=\"h-image__frame h-hide-lg h-hide-md h-hide-sm style-1638-frameImage style-local-400-c13-frameImage\"><\/div>\n                      <\/div>\n                    <\/a>\n                  <\/div>\n                <\/div>\n                <div data-colibri-id=\"400-c14\" class=\"h-global-transition-all h-heading style-1632 style-local-400-c14 position-relative h-element\">\n                  <!---->\n                  <div class=\"h-heading__outer style-1632 style-local-400-c14\">\n                    <!---->\n                    <!---->\n                    <a href=\"\/site-50-anos\/galeria-dos-conselheiros\/antonio-pinheiro-dantas\/\" h-use-smooth-scroll=\"true\">\n                      <h4 class=\"\">Ant\u00f4nio Pinheiro Dantas.<\/h4>\n                    <\/a>\n                  <\/div>\n                <\/div>\n                <div data-colibri-id=\"400-c15\" class=\"h-text h-text-component style-1634 style-local-400-c15 position-relative h-element\">\n                  <!---->\n                  <!---->\n                  <div class=\"\">\n                    <p>Paraibano de Catol\u00e9 do Rocha, foi bacharel em Ci\u00eancias <span style=\"font-weight: 400; font-size: 16px; font-family: &quot;Open Sans&quot;; color: rgb(70, 112, 127);\">Jur\u00eddicas e&nbsp;<\/span>Sociais pela Faculdade de Direito de Alagoas&#8230;<\/p>\n                  <\/div>\n                <\/div>\n              <\/div>\n            <\/div>\n          <\/div>\n          <div class=\"h-column h-column-container d-flex h-col-lg-3 h-col-md-6 h-col-12 style-1630-outer style-local-400-c16-outer\">\n            <div data-colibri-id=\"400-c16\" class=\"d-flex h-flex-basis h-column__inner h-px-lg-0 h-px-md-0 h-px-0 v-inner-lg-0 v-inner-md-0 v-inner-0 style-1630 style-local-400-c16 position-relative\">\n              <!---->\n              <!---->\n              <div class=\"w-100 h-y-container h-column__content h-column__v-align flex-basis-100 align-self-lg-start align-self-md-start align-self-start\">\n                <!---->\n                <div data-colibri-id=\"400-c17\" class=\"d-block style-1640 style-local-400-c17 position-relative h-element\">\n                  <!---->\n                  <div class=\"h-image__frame-container-outer\">\n                    <a href=\"\/site-50-anos\/galeria-dos-conselheiros\/carmelo-dos-santos-coelho\/\" h-use-smooth-scroll=\"true\" class=\"image-link\">\n                      <div class=\"h-image__frame-container\">\n                        <!---->\n                        <!---->\n                        <img decoding=\"async\" src=\"https:\/\/tce.pb.gov.br\/site-50-anos\/wp-content\/uploads\/2021\/02\/cropped-csantos-150x150.jpg\" class=\"style-1640-image style-local-400-c17-image\">\n                        <div class=\"h-image__frame h-hide-lg h-hide-md h-hide-sm style-1640-frameImage style-local-400-c17-frameImage\"><\/div>\n                      <\/div>\n                    <\/a>\n                  <\/div>\n                <\/div>\n                <div data-colibri-id=\"400-c18\" class=\"h-global-transition-all h-heading style-1632 style-local-400-c18 position-relative h-element\">\n                  <!---->\n                  <div class=\"h-heading__outer style-1632 style-local-400-c18\">\n                    <!---->\n                    <!---->\n                    <a href=\"\/site-50-anos\/galeria-dos-conselheiros\/carmelo-dos-santos-coelho\/\" h-use-smooth-scroll=\"true\">\n                      <h4 class=\"\">Carmelo dos Santos Coelho.<\/h4>\n                    <\/a>\n                  <\/div>\n                <\/div>\n                <div data-colibri-id=\"400-c19\" class=\"h-text h-text-component style-1634 style-local-400-c19 position-relative h-element\">\n                  <!---->\n                  <!---->\n                  <div class=\"\">\n                    <p>Paraibano de Jo\u00e3o Pessoa, foi bacharel em Direito, pela Faculdade de Direito de Recife&#8230;<\/p>\n                  <\/div>\n                <\/div>\n              <\/div>\n            <\/div>\n          <\/div>\n        <\/div>\n      <\/div>\n    <\/div>\n  <\/div>\n  <div data-colibri-component=\"section\" data-colibri-id=\"400-c24\" id=\"team-2\" class=\"h-section h-section-global-spacing d-flex align-items-lg-center align-items-md-center align-items-center style-1650 style-local-400-c24 position-relative\">\n    <!---->\n    <!---->\n    <div class=\"h-section-grid-container h-section-boxed-container\">\n      <!---->\n      <div data-colibri-id=\"400-c25\" class=\"h-row-container gutters-row-lg-2 gutters-row-md-2 gutters-row-0 gutters-row-v-lg-2 gutters-row-v-md-2 gutters-row-v-2 style-1651 style-local-400-c25 position-relative\">\n        <!---->\n        <div class=\"h-row justify-content-lg-center justify-content-md-center justify-content-center align-items-lg-stretch align-items-md-stretch align-items-stretch gutters-col-lg-2 gutters-col-md-2 gutters-col-0 gutters-col-v-lg-2 gutters-col-v-md-2 gutters-col-v-2\">\n          <!---->\n          <div class=\"h-column h-column-container d-flex h-col-lg-3 h-col-md-6 h-col-12 style-1652-outer style-local-400-c26-outer\">\n            <div data-colibri-id=\"400-c26\" class=\"d-flex h-flex-basis h-column__inner h-px-lg-0 h-px-md-0 h-px-0 v-inner-lg-0 v-inner-md-0 v-inner-0 style-1652 style-local-400-c26 position-relative\">\n              <!---->\n              <!---->\n              <div class=\"w-100 h-y-container h-column__content h-column__v-align flex-basis-100 align-self-lg-start align-self-md-start align-self-start\">\n                <!---->\n                <div data-colibri-id=\"400-c27\" class=\"d-block style-1653 style-local-400-c27 position-relative h-element\">\n                  <!---->\n                  <div class=\"h-image__frame-container-outer\">\n                    <a href=\"\/site-50-anos\/galeria-dos-conselheiros\/damasio-barbosa-da-franca\/\" h-use-smooth-scroll=\"true\" class=\"image-link\">\n                      <div class=\"h-image__frame-container\">\n                        <!---->\n                        <!---->\n                        <img decoding=\"async\" src=\"https:\/\/tce.pb.gov.br\/site-50-anos\/wp-content\/uploads\/2021\/02\/cropped-dbarbosa-150x150.jpg\" class=\"style-1653-image style-local-400-c27-image\">\n                        <div class=\"h-image__frame h-hide-lg h-hide-md h-hide-sm style-1653-frameImage style-local-400-c27-frameImage\"><\/div>\n                      <\/div>\n                    <\/a>\n                  <\/div>\n                <\/div>\n                <div data-colibri-id=\"400-c28\" class=\"h-global-transition-all h-heading style-1654 style-local-400-c28 position-relative h-element\">\n                  <!---->\n                  <div class=\"h-heading__outer style-1654 style-local-400-c28\">\n                    <!---->\n                    <!---->\n                    <a href=\"\/site-50-anos\/site-50-anos\/galeria-dos-conselheiros\/damasio-barbosa-da-franca\/\" h-use-smooth-scroll=\"true\">\n                      <h4 class=\"\">Dam\u00e1sio Barbosa da Fran\u00e7a.<\/h4>\n                    <\/a>\n                  <\/div>\n                <\/div>\n                <div data-colibri-id=\"400-c29\" class=\"h-text h-text-component style-1656 style-local-400-c29 position-relative h-element\">\n                  <!---->\n                  <!---->\n                  <div class=\"\">\n                    <p>Paraibano de Jo\u00e3o Pessoa, foi nomeado para o cargo de conselheiro pelo governador Jo\u00e3o&#8230;<\/p>\n                  <\/div>\n                <\/div>\n              <\/div>\n            <\/div>\n          <\/div>\n          <div class=\"h-column h-column-container d-flex h-col-lg-3 h-col-md-6 h-col-12 style-1652-outer style-local-400-c30-outer\">\n            <div data-colibri-id=\"400-c30\" class=\"d-flex h-flex-basis h-column__inner h-px-lg-0 h-px-md-0 h-px-0 v-inner-lg-0 v-inner-md-0 v-inner-0 style-1652 style-local-400-c30 position-relative\">\n              <!---->\n              <!---->\n              <div class=\"w-100 h-y-container h-column__content h-column__v-align flex-basis-100 align-self-lg-start align-self-md-start align-self-start\">\n                <!---->\n                <div data-colibri-id=\"400-c31\" class=\"d-block style-1658 style-local-400-c31 position-relative h-element\">\n                  <!---->\n                  <div class=\"h-image__frame-container-outer\">\n                    <a href=\"\/site-50-anos\/galeria-dos-conselheiros\/evaldo-cavalcanti-da-cruz\/\" h-use-smooth-scroll=\"true\" class=\"image-link\">\n                      <div class=\"h-image__frame-container\">\n                        <!---->\n                        <!---->\n                        <img decoding=\"async\" src=\"https:\/\/tce.pb.gov.br\/site-50-anos\/wp-content\/uploads\/2021\/02\/cropped-ecavalcanti-150x150.jpg\" class=\"style-1658-image style-local-400-c31-image\">\n                        <div class=\"h-image__frame h-hide-lg h-hide-md h-hide-sm style-1658-frameImage style-local-400-c31-frameImage\"><\/div>\n                      <\/div>\n                    <\/a>\n                  <\/div>\n                <\/div>\n                <div data-colibri-id=\"400-c32\" class=\"h-global-transition-all h-heading style-1654 style-local-400-c32 position-relative h-element\">\n                  <!---->\n                  <div class=\"h-heading__outer style-1654 style-local-400-c32\">\n                    <!---->\n                    <!---->\n                    <a href=\"\/site-50-anos\/galeria-dos-conselheiros\/evaldo-cavalcanti-da-cruz\/\" h-use-smooth-scroll=\"true\">\n                      <h4 class=\"\">Evaldo Cavalcante da Cruz.<\/h4>\n                    <\/a>\n                  <\/div>\n                <\/div>\n                <div data-colibri-id=\"400-c33\" class=\"h-text h-text-component style-1656 style-local-400-c33 position-relative h-element\">\n                  <!---->\n                  <!---->\n                  <div class=\"\">\n                    <p>Paraibano de Campina Grande, foi nomeado para o cargo de conselheiro pelo governador Tarc\u00edsio&#8230;.<\/p>\n                  <\/div>\n                <\/div>\n              <\/div>\n            <\/div>\n          <\/div>\n          <div class=\"h-column h-column-container d-flex h-col-lg-3 h-col-md-6 h-col-12 style-1652-outer style-local-400-c34-outer\">\n            <div data-colibri-id=\"400-c34\" class=\"d-flex h-flex-basis h-column__inner h-px-lg-0 h-px-md-0 h-px-0 v-inner-lg-0 v-inner-md-0 v-inner-0 style-1652 style-local-400-c34 position-relative\">\n              <!---->\n              <!---->\n              <div class=\"w-100 h-y-container h-column__content h-column__v-align flex-basis-100 align-self-lg-start align-self-md-start align-self-start\">\n                <!---->\n                <div data-colibri-id=\"400-c35\" class=\"d-block style-1660 style-local-400-c35 position-relative h-element\">\n                  <!---->\n                  <div class=\"h-image__frame-container-outer\">\n                    <a href=\"\/site-50-anos\/galeria-dos-conselheiros\/marcos-antonio-da-costa\/\" h-use-smooth-scroll=\"true\" class=\"image-link\">\n                      <div class=\"h-image__frame-container\">\n                        <!---->\n                        <!---->\n                        <img decoding=\"async\" src=\"https:\/\/tce.pb.gov.br\/site-50-anos\/wp-content\/uploads\/2021\/02\/cropped-mantonio-150x150.jpg\" class=\"style-1660-image style-local-400-c35-image\">\n                        <div class=\"h-image__frame h-hide-lg h-hide-md h-hide-sm style-1660-frameImage style-local-400-c35-frameImage\"><\/div>\n                      <\/div>\n                    <\/a>\n                  <\/div>\n                <\/div>\n                <div data-colibri-id=\"400-c36\" class=\"h-global-transition-all h-heading style-1654 style-local-400-c36 position-relative h-element\">\n                  <!---->\n                  <div class=\"h-heading__outer style-1654 style-local-400-c36\">\n                    <!---->\n                    <!---->\n                    <a href=\"\/site-50-anos\/galeria-dos-conselheiros\/marcos-antonio-da-costa\/\" h-use-smooth-scroll=\"true\">\n                      <h4 class=\"\">Marcos Ant\u00f4nio da Costa.<\/h4>\n                    <\/a>\n                  <\/div>\n                <\/div>\n                <div data-colibri-id=\"400-c37\" class=\"h-text h-text-component style-1656 style-local-400-c37 position-relative h-element\">\n                  <!---->\n                  <!---->\n                  <div class=\"\">\n                    <p>Paraibano de Itaporanga, foi nomeado para o cargo de auditor por concurso p\u00fablico&#8230;.<\/p>\n                  <\/div>\n                <\/div>\n              <\/div>\n            <\/div>\n          <\/div>\n        <\/div>\n      <\/div>\n    <\/div>\n  <\/div>\n  <div data-colibri-component=\"section\" data-colibri-id=\"400-c44\" id=\"custom\" class=\"h-section h-section-global-spacing d-flex align-items-lg-center align-items-md-center align-items-center style-1889 style-local-400-c44 position-relative\">\n    <!---->\n    <!---->\n    <div class=\"h-section-grid-container h-section-boxed-container\">\n      <!---->\n      <div data-colibri-id=\"400-c45\" class=\"h-row-container gutters-row-lg-2 gutters-row-md-2 gutters-row-0 gutters-row-v-lg-2 gutters-row-v-md-2 gutters-row-v-2 style-1890 style-local-400-c45 position-relative\">\n        <!---->\n        <div class=\"h-row justify-content-lg-center justify-content-md-center justify-content-center align-items-lg-stretch align-items-md-stretch align-items-stretch gutters-col-lg-2 gutters-col-md-2 gutters-col-0 gutters-col-v-lg-2 gutters-col-v-md-2 gutters-col-v-2\">\n          <!---->\n          <div class=\"h-column h-column-container d-flex h-col-lg-auto h-col-md-auto h-col-auto style-1891-outer style-local-400-c46-outer\">\n            <div data-colibri-id=\"400-c46\" class=\"d-flex h-flex-basis h-column__inner h-px-lg-2 h-px-md-2 h-px-2 v-inner-lg-2 v-inner-md-2 v-inner-2 style-1891 style-local-400-c46 position-relative\">\n              <!---->\n              <!---->\n              <div class=\"w-100 h-y-container h-column__content h-column__v-align flex-basis-100 align-self-lg-start align-self-md-start align-self-start\">\n                <!---->\n                <div data-colibri-id=\"400-c47\" class=\"h-x-container style-1892 style-local-400-c47 position-relative h-element\">\n                  <!---->\n                  <div class=\"h-x-container-inner style-dynamic-400-c47-group style-1892-spacing style-local-400-c47-spacing\"><span class=\"h-button__outer style-1893-outer style-local-400-c48-outer d-inline-flex h-element\"><a h-use-smooth-scroll=\"true\" href=\"https:\/\/tce.pb.gov.br\/site-50-anos\/linha-sucessoria\/\"  data-colibri-id=\"400-c48\" class=\"d-flex w-100 align-items-center h-button justify-content-lg-center justify-content-md-center justify-content-center style-1893 style-local-400-c48 position-relative\"><!----><!----> <span>Clique aqui para ver a linha sucess\u00f3ria<\/span><\/a>\n                    <\/span>\n                  <\/div>\n                <\/div>\n              <\/div>\n            <\/div>\n          <\/div>\n        <\/div>\n      <\/div>\n    <\/div>\n  <\/div>\n<\/div>","protected":false},"excerpt":{"rendered":"<p>Galeria dos Conselheiros Conselheiros que participaram da hist\u00f3ria do Tribunal de Contas do Estado da Para\u00edba e permanecem no hall das grandes figuras desta casa. Adailton Coelho Costa. Paraibano de Jo\u00e3o Pessoa, foi bacharel em Direito, pela Faculdade de Direito da Para\u00edba&#8230; Ant\u00f4nio Gomes Vieira Filho. Carioca da cidade do Rio de Janeiro , foi [&hellip;]<\/p>\n","protected":false},"author":1,"featured_media":0,"parent":0,"menu_order":0,"comment_status":"closed","ping_status":"closed","template":"page-templates\/full-width-page.php","meta":{"footnotes":""},"class_list":["post-400","page","type-page","status-publish","hentry"],"_links":{"self":[{"href":"https:\/\/tce.pb.gov.br\/site-50-anos\/wp-json\/wp\/v2\/pages\/400","targetHints":{"allow":["GET"]}}],"collection":[{"href":"https:\/\/tce.pb.gov.br\/site-50-anos\/wp-json\/wp\/v2\/pages"}],"about":[{"href":"https:\/\/tce.pb.gov.br\/site-50-anos\/wp-json\/wp\/v2\/types\/page"}],"author":[{"embeddable":true,"href":"https:\/\/tce.pb.gov.br\/site-50-anos\/wp-json\/wp\/v2\/users\/1"}],"replies":[{"embeddable":true,"href":"https:\/\/tce.pb.gov.br\/site-50-anos\/wp-json\/wp\/v2\/comments?post=400"}],"version-history":[{"count":21,"href":"https:\/\/tce.pb.gov.br\/site-50-anos\/wp-json\/wp\/v2\/pages\/400\/revisions"}],"predecessor-version":[{"id":3378,"href":"https:\/\/tce.pb.gov.br\/site-50-anos\/wp-json\/wp\/v2\/pages\/400\/revisions\/3378"}],"wp:attachment":[{"href":"https:\/\/tce.pb.gov.br\/site-50-anos\/wp-json\/wp\/v2\/media?parent=400"}],"curies":[{"name":"wp","href":"https:\/\/api.w.org\/{rel}","templated":true}]}}