{"id":239,"date":"2021-02-26T23:38:00","date_gmt":"2021-02-27T02:38:00","guid":{"rendered":"http:\/\/tce.pb.gov.br\/site-50-anos\/?page_id=239"},"modified":"2021-11-18T10:34:34","modified_gmt":"2021-11-18T13:34:34","slug":"umberto-silveira-porto","status":"publish","type":"page","link":"https:\/\/tce.pb.gov.br\/site-50-anos\/galeria-de-presidentes\/umberto-silveira-porto\/","title":{"rendered":"Umberto Silveira Porto"},"content":{"rendered":"<div data-colibri-id=\"239-c1\" class=\"style-1181 style-local-239-c1 position-relative\">\n  <!---->\n  <div data-colibri-component=\"section\" data-colibri-id=\"239-c2\" id=\"about\" class=\"h-section h-section-global-spacing d-flex align-items-lg-center align-items-md-center align-items-center style-1186 style-local-239-c2 position-relative\">\n    <!---->\n    <!---->\n    <div class=\"h-section-grid-container h-section-boxed-container\">\n      <!---->\n      <div data-colibri-id=\"239-c3\" class=\"h-row-container gutters-row-lg-2 gutters-row-md-2 gutters-row-2 gutters-row-v-lg-2 gutters-row-v-md-2 gutters-row-v-2 style-1187 style-local-239-c3 position-relative\">\n        <!---->\n        <div class=\"h-row justify-content-lg-center justify-content-md-center justify-content-center align-items-lg-stretch align-items-md-stretch align-items-stretch gutters-col-lg-2 gutters-col-md-2 gutters-col-2 gutters-col-v-lg-2 gutters-col-v-md-2 gutters-col-v-2\">\n          <!---->\n          <div class=\"h-column h-column-container d-flex h-col-lg-auto h-col-md-auto h-col-auto style-1188-outer style-local-239-c4-outer\">\n            <div data-colibri-id=\"239-c4\" class=\"d-flex h-flex-basis h-column__inner h-px-lg-2 h-px-md-2 h-px-2 v-inner-lg-2 v-inner-md-2 v-inner-2 style-1188 style-local-239-c4 position-relative\">\n              <!---->\n              <!---->\n              <div class=\"w-100 h-y-container h-column__content h-column__v-align flex-basis-100 align-self-lg-center align-self-md-center align-self-center\">\n                <!---->\n                <div data-colibri-id=\"239-c5\" class=\"h-global-transition-all h-heading style-1189 style-local-239-c5 position-relative h-element\">\n                  <!---->\n                  <div class=\"h-heading__outer style-1189 style-local-239-c5\">\n                    <!---->\n                    <!---->\n                    <h5 class=\"\">UMBERTO SILVEIRA PORTO.<\/h5>\n                  <\/div>\n                <\/div>\n                <div data-colibri-id=\"239-c6\" class=\"h-text h-text-component style-1191 style-local-239-c6 position-relative h-element\">\n                  <!---->\n                  <!---->\n                  <div class=\"\">\n                    <p><strong>Nascimento<\/strong>:<\/p>\n                    <p>04\/03\/45, Pocinhos \u2013 PB.<\/p>\n                    <p><strong>Forma\u00e7\u00e3o acad\u00eamica<\/strong>:<\/p>\n                    <p>Bacharel em Ci\u00eancias Econ\u00f4micas, 1967 (UFPB).<\/p>\n                    <p><strong>Ingresso no TCE<\/strong>:<\/p>\n                    <p>Nomeado para o cargo de&nbsp;Analista de Controle Externo, Portaria n\u00ba 122\/89,&nbsp;17\/08\/89, DOE 22\/08\/89.\n                      <br>Exonerado a pedido em 1995 para exercer o cargo de Auditor Fiscal do Trabalho.\n                      <br>Nomeado para o cargo de Auditor (Conselheiro Substituto) por concurso p\u00fablico, Ato Governamental 0197\/98, de 13\/03\/98.&nbsp;Posse em 17\/03\/1998.\n                      <br>Exonerado a pedido Portaria 131\/09, DOE 13\/11\/2009 para assumir o cargo de Conselheiro.\n                      <br>Nomeado para o cargo de Conselheiro pelo Governador Jos\u00e9 Targino Maranh\u00e3o, Decreto Legislativo n\u00ba 226\/09 de 03\/11\/09, DOE de 04\/11\/09. Pose 12\/11\/2009.<\/p>\n                    <p><strong>Aposentadoria<\/strong>:<\/p>\n                    <p>Portaria n\u00ba 063, de 03\/03\/15. DOE de 05\/03\/2015.<\/p>\n                    <p><strong>Atua\u00e7\u00e3o no TCE-PB<\/strong>:<\/p>\n                    <p>Presidente (09\/01\/2015-03\/03\/2015).<\/p>\n                    <p>Vice-Presidente (2013-2014).<\/p>\n                    <p>Corregedor (2011-2012).<\/p>\n                    <p>Diretor Executivo Geral (2019-2020).<\/p>\n                    <p>Substituiu&nbsp;\n                      <a href=\"https:\/\/tce.pb.gov.br\/site-50-anos\/marcos-ubiratan-guedes-pereira\" style=\"font-family: &quot;Open Sans&quot;; font-weight: 400; font-size: 1em; color: rgb(3, 169, 244);\"><strong>Marcos Ubiratan Guedes Pereira<\/strong>.<\/a>\n                    <\/p>\n                  <\/div>\n                <\/div>\n              <\/div>\n            <\/div>\n          <\/div>\n          <div class=\"h-column h-column-container d-flex h-col-lg-auto h-col-md-auto h-col-auto style-1194-outer style-local-239-c7-outer\">\n            <div data-colibri-id=\"239-c7\" class=\"d-flex h-flex-basis h-column__inner h-px-lg-2 h-px-md-2 h-px-2 v-inner-lg-2 v-inner-md-2 v-inner-2 style-1194 style-local-239-c7 position-relative\">\n              <!---->\n              <!---->\n              <div class=\"w-100 h-y-container h-column__content h-column__v-align flex-basis-100 align-self-lg-center align-self-md-center align-self-center\">\n                <!---->\n                <div data-colibri-id=\"239-c8\" class=\"d-block style-1195 style-local-239-c8 position-relative h-element\">\n                  <!---->\n                  <div class=\"h-image__frame-container-outer\">\n                    <div class=\"h-image__frame-container\">\n                      <!---->\n                      <!---->\n                      <img loading=\"lazy\" decoding=\"async\" width=\"748\" height=\"939\" src=\"http:\/\/tce.pb.gov.br\/site-50-anos\/wp-content\/uploads\/2021\/02\/usilveira.jpg\" class=\"wp-image-391 style-1195-image style-local-239-c8-image\" alt=\"\" srcset=\"https:\/\/tce.pb.gov.br\/site-50-anos\/wp-content\/uploads\/2021\/02\/usilveira.jpg 748w, https:\/\/tce.pb.gov.br\/site-50-anos\/wp-content\/uploads\/2021\/02\/usilveira-239x300.jpg 239w\" sizes=\"auto, (max-width: 748px) 100vw, 748px\" \/>\n                      <div class=\"h-image__frame h-hide-sm style-1195-frameImage style-local-239-c8-frameImage\"><\/div>\n                    <\/div>\n                  <\/div>\n                <\/div>\n              <\/div>\n            <\/div>\n          <\/div>\n        <\/div>\n      <\/div>\n    <\/div>\n  <\/div>\n  <div data-colibri-component=\"section\" data-colibri-id=\"239-c9\" id=\"custom\" class=\"h-section h-section-global-spacing d-flex align-items-lg-center align-items-md-center align-items-center style-1593 style-local-239-c9 position-relative\">\n    <!---->\n    <!---->\n    <div class=\"h-section-grid-container h-section-boxed-container\">\n      <!---->\n      <div data-colibri-id=\"239-c10\" class=\"h-row-container gutters-row-lg-2 gutters-row-md-2 gutters-row-0 gutters-row-v-lg-2 gutters-row-v-md-2 gutters-row-v-2 style-1594 style-local-239-c10 position-relative\">\n        <!---->\n        <div class=\"h-row justify-content-lg-center justify-content-md-center justify-content-center align-items-lg-stretch align-items-md-stretch align-items-stretch gutters-col-lg-2 gutters-col-md-2 gutters-col-0 gutters-col-v-lg-2 gutters-col-v-md-2 gutters-col-v-2\">\n          <!---->\n          <div class=\"h-column h-column-container d-flex h-col-lg-auto h-col-md-auto h-col-auto style-1595-outer style-local-239-c11-outer\">\n            <div data-colibri-id=\"239-c11\" class=\"d-flex h-flex-basis h-column__inner h-px-lg-2 h-px-md-2 h-px-2 v-inner-lg-2 v-inner-md-2 v-inner-2 style-1595 style-local-239-c11 position-relative\">\n              <!---->\n              <!---->\n              <div class=\"w-100 h-y-container h-column__content h-column__v-align flex-basis-100 align-self-lg-start align-self-md-start align-self-start\">\n                <!---->\n                <div data-colibri-id=\"239-c12\" class=\"h-x-container style-1596 style-local-239-c12 position-relative h-element\">\n                  <!---->\n                  <div class=\"h-x-container-inner style-dynamic-239-c12-group style-1596-spacing style-local-239-c12-spacing\"><span class=\"h-button__outer style-1597-outer style-local-239-c13-outer d-inline-flex h-element\"><a h-use-smooth-scroll=\"true\" href=\"\/site-50-anos\/galeria-de-presidentes\/\"  data-colibri-id=\"239-c13\" class=\"d-flex w-100 align-items-center h-button justify-content-lg-center justify-content-md-center justify-content-center style-1597 style-local-239-c13 position-relative\"><!----><!----> <span>Voltar<\/span><\/a>\n                    <\/span>\n                  <\/div>\n                <\/div>\n              <\/div>\n            <\/div>\n          <\/div>\n        <\/div>\n      <\/div>\n    <\/div>\n  <\/div>\n<\/div>","protected":false},"excerpt":{"rendered":"<p>UMBERTO SILVEIRA PORTO. Nascimento: 04\/03\/45, Pocinhos \u2013 PB. Forma\u00e7\u00e3o acad\u00eamica: Bacharel em Ci\u00eancias Econ\u00f4micas, 1967 (UFPB). Ingresso no TCE: Nomeado para o cargo de&nbsp;Analista de Controle Externo, Portaria n\u00ba 122\/89,&nbsp;17\/08\/89, DOE 22\/08\/89. Exonerado a pedido em 1995 para exercer o cargo de Auditor Fiscal do Trabalho. Nomeado para o cargo de Auditor (Conselheiro Substituto) por [&hellip;]<\/p>\n","protected":false},"author":1,"featured_media":0,"parent":162,"menu_order":17,"comment_status":"closed","ping_status":"closed","template":"page-templates\/full-width-page.php","meta":{"footnotes":""},"class_list":["post-239","page","type-page","status-publish","hentry"],"_links":{"self":[{"href":"https:\/\/tce.pb.gov.br\/site-50-anos\/wp-json\/wp\/v2\/pages\/239","targetHints":{"allow":["GET"]}}],"collection":[{"href":"https:\/\/tce.pb.gov.br\/site-50-anos\/wp-json\/wp\/v2\/pages"}],"about":[{"href":"https:\/\/tce.pb.gov.br\/site-50-anos\/wp-json\/wp\/v2\/types\/page"}],"author":[{"embeddable":true,"href":"https:\/\/tce.pb.gov.br\/site-50-anos\/wp-json\/wp\/v2\/users\/1"}],"replies":[{"embeddable":true,"href":"https:\/\/tce.pb.gov.br\/site-50-anos\/wp-json\/wp\/v2\/comments?post=239"}],"version-history":[{"count":13,"href":"https:\/\/tce.pb.gov.br\/site-50-anos\/wp-json\/wp\/v2\/pages\/239\/revisions"}],"predecessor-version":[{"id":2827,"href":"https:\/\/tce.pb.gov.br\/site-50-anos\/wp-json\/wp\/v2\/pages\/239\/revisions\/2827"}],"up":[{"embeddable":true,"href":"https:\/\/tce.pb.gov.br\/site-50-anos\/wp-json\/wp\/v2\/pages\/162"}],"wp:attachment":[{"href":"https:\/\/tce.pb.gov.br\/site-50-anos\/wp-json\/wp\/v2\/media?parent=239"}],"curies":[{"name":"wp","href":"https:\/\/api.w.org\/{rel}","templated":true}]}}