{"id":236,"date":"2021-02-26T23:36:00","date_gmt":"2021-02-27T02:36:00","guid":{"rendered":"http:\/\/tce.pb.gov.br\/site-50-anos\/?page_id=236"},"modified":"2021-11-18T10:34:00","modified_gmt":"2021-11-18T13:34:00","slug":"fabio-tulio-filgueiras-nogueira","status":"publish","type":"page","link":"https:\/\/tce.pb.gov.br\/site-50-anos\/galeria-de-presidentes\/fabio-tulio-filgueiras-nogueira\/","title":{"rendered":"F\u00e1bio T\u00falio Filgueiras Nogueira"},"content":{"rendered":"<div data-colibri-id=\"236-c1\" class=\"style-1196 style-local-236-c1 position-relative\">\n  <!---->\n  <div data-colibri-component=\"section\" data-colibri-id=\"236-c2\" id=\"about\" class=\"h-section h-section-global-spacing d-flex align-items-lg-center align-items-md-center align-items-center style-1201 style-local-236-c2 position-relative\">\n    <!---->\n    <!---->\n    <div class=\"h-section-grid-container h-section-boxed-container\">\n      <!---->\n      <div data-colibri-id=\"236-c3\" class=\"h-row-container gutters-row-lg-2 gutters-row-md-2 gutters-row-2 gutters-row-v-lg-2 gutters-row-v-md-2 gutters-row-v-2 style-1202 style-local-236-c3 position-relative\">\n        <!---->\n        <div class=\"h-row justify-content-lg-center justify-content-md-center justify-content-center align-items-lg-stretch align-items-md-stretch align-items-stretch gutters-col-lg-2 gutters-col-md-2 gutters-col-2 gutters-col-v-lg-2 gutters-col-v-md-2 gutters-col-v-2\">\n          <!---->\n          <div class=\"h-column h-column-container d-flex h-col-lg-auto h-col-md-auto h-col-auto style-1203-outer style-local-236-c4-outer\">\n            <div data-colibri-id=\"236-c4\" class=\"d-flex h-flex-basis h-column__inner h-px-lg-2 h-px-md-2 h-px-2 v-inner-lg-2 v-inner-md-2 v-inner-2 style-1203 style-local-236-c4 position-relative\">\n              <!---->\n              <!---->\n              <div class=\"w-100 h-y-container h-column__content h-column__v-align flex-basis-100 align-self-lg-center align-self-md-center align-self-center\">\n                <!---->\n                <div data-colibri-id=\"236-c5\" class=\"h-global-transition-all h-heading style-1204 style-local-236-c5 position-relative h-element\">\n                  <!---->\n                  <div class=\"h-heading__outer style-1204 style-local-236-c5\">\n                    <!---->\n                    <!---->\n                    <h5 class=\"\">F\u00c1BIO T\u00daLIO FILGUEIRAS NOGUEIRA.<\/h5>\n                  <\/div>\n                <\/div>\n                <div data-colibri-id=\"236-c6\" class=\"h-text h-text-component style-1206 style-local-236-c6 position-relative h-element\">\n                  <!---->\n                  <!---->\n                  <div class=\"\">\n                    <p><strong>Nascimento<\/strong>: 15\/12\/1968, Campina Grande-PB<\/p>\n                    <p><strong>Forma\u00e7\u00e3o acad\u00eamica:<\/strong><\/p>\n                    <p>Bacharel em Direito (Universidade Estadual da Para\u00edba), 1992.<\/p>\n                    <p><strong>Ingresso no TCE<\/strong>:<\/p>\n                    <p>Nomeado para o cargo de Conselheiro pelo Governador C\u00e1ssio Rodrigues da Cunha Lima, Ato n\u00ba 985, de 11\/05\/2006. DOE 12\/05\/06.\n                      <br>Posse em 23\/05\/2006.<\/p>\n                    <p><strong>Atua\u00e7\u00e3o no TCE-PB<\/strong>:<\/p>\n                    <p>Presidente (2013-2014).<\/p>\n                    <p>Vice-Presidente (2011-2012; 2021-2022).<\/p>\n                    <p>Presidente 1\u00aa C\u00e2mara (2015-2016).<\/p>\n                    <p>Corregedor (2007-2008; 2009-2010; 2017-2018).<\/p>\n                    <p>Ouvidor (2019-2020).<\/p>\n                    <p>Substituiu&nbsp;\n                      <a href=\"https:\/\/tce.pb.gov.br\/site-50-anos\/gleryston-holanda-de-lucena\" style=\"color: rgb(3, 169, 244); font-size: 1em; font-weight: 400; font-family: &quot;Open Sans&quot;;\"><strong>Gleryston Holana de Lucena<\/strong>.<\/a>\n                    <\/p>\n                  <\/div>\n                <\/div>\n              <\/div>\n            <\/div>\n          <\/div>\n          <div class=\"h-column h-column-container d-flex h-col-lg-auto h-col-md-auto h-col-auto style-1209-outer style-local-236-c7-outer\">\n            <div data-colibri-id=\"236-c7\" class=\"d-flex h-flex-basis h-column__inner h-px-lg-2 h-px-md-2 h-px-2 v-inner-lg-2 v-inner-md-2 v-inner-2 style-1209 style-local-236-c7 position-relative\">\n              <!---->\n              <!---->\n              <div class=\"w-100 h-y-container h-column__content h-column__v-align flex-basis-100 align-self-lg-center align-self-md-center align-self-center\">\n                <!---->\n                <div data-colibri-id=\"236-c8\" class=\"d-block style-1210 style-local-236-c8 position-relative h-element\">\n                  <!---->\n                  <div class=\"h-image__frame-container-outer\">\n                    <div class=\"h-image__frame-container\">\n                      <!---->\n                      <!---->\n                      <img loading=\"lazy\" decoding=\"async\" width=\"687\" height=\"823\" src=\"http:\/\/tce.pb.gov.br\/site-50-anos\/wp-content\/uploads\/2021\/02\/ftulio.jpg\" class=\"wp-image-347 style-1210-image style-local-236-c8-image\" alt=\"\" srcset=\"https:\/\/tce.pb.gov.br\/site-50-anos\/wp-content\/uploads\/2021\/02\/ftulio.jpg 687w, https:\/\/tce.pb.gov.br\/site-50-anos\/wp-content\/uploads\/2021\/02\/ftulio-250x300.jpg 250w\" sizes=\"auto, (max-width: 687px) 100vw, 687px\" \/>\n                      <div class=\"h-image__frame h-hide-sm style-1210-frameImage style-local-236-c8-frameImage\"><\/div>\n                    <\/div>\n                  <\/div>\n                <\/div>\n              <\/div>\n            <\/div>\n          <\/div>\n        <\/div>\n      <\/div>\n    <\/div>\n  <\/div>\n  <div data-colibri-component=\"section\" data-colibri-id=\"236-c9\" id=\"custom\" class=\"h-section h-section-global-spacing d-flex align-items-lg-center align-items-md-center align-items-center style-1545 style-local-236-c9 position-relative\">\n    <!---->\n    <!---->\n    <div class=\"h-section-grid-container h-section-boxed-container\">\n      <!---->\n      <div data-colibri-id=\"236-c10\" class=\"h-row-container gutters-row-lg-2 gutters-row-md-2 gutters-row-0 gutters-row-v-lg-2 gutters-row-v-md-2 gutters-row-v-2 style-1548 style-local-236-c10 position-relative\">\n        <!---->\n        <div class=\"h-row justify-content-lg-center justify-content-md-center justify-content-center align-items-lg-stretch align-items-md-stretch align-items-stretch gutters-col-lg-2 gutters-col-md-2 gutters-col-0 gutters-col-v-lg-2 gutters-col-v-md-2 gutters-col-v-2\">\n          <!---->\n          <div class=\"h-column h-column-container d-flex h-col-lg-auto h-col-md-auto h-col-auto style-1549-outer style-local-236-c11-outer\">\n            <div data-colibri-id=\"236-c11\" class=\"d-flex h-flex-basis h-column__inner h-px-lg-2 h-px-md-2 h-px-2 v-inner-lg-2 v-inner-md-2 v-inner-2 style-1549 style-local-236-c11 position-relative\">\n              <!---->\n              <!---->\n              <div class=\"w-100 h-y-container h-column__content h-column__v-align flex-basis-100 align-self-lg-start align-self-md-start align-self-start\">\n                <!---->\n                <div data-colibri-id=\"236-c12\" class=\"h-x-container style-1550 style-local-236-c12 position-relative h-element\">\n                  <!---->\n                  <div class=\"h-x-container-inner style-dynamic-236-c12-group style-1550-spacing style-local-236-c12-spacing\"><span class=\"h-button__outer style-1551-outer style-local-236-c13-outer d-inline-flex h-element\"><a h-use-smooth-scroll=\"true\" href=\"\/site-50-anos\/galeria-de-presidentes\/\"  data-colibri-id=\"236-c13\" class=\"d-flex w-100 align-items-center h-button justify-content-lg-center justify-content-md-center justify-content-center style-1551 style-local-236-c13 position-relative\"><!----><!----> <span>Voltar<\/span><\/a>\n                    <\/span>\n                  <\/div>\n                <\/div>\n              <\/div>\n            <\/div>\n          <\/div>\n        <\/div>\n      <\/div>\n    <\/div>\n  <\/div>\n<\/div>","protected":false},"excerpt":{"rendered":"<p>F\u00c1BIO T\u00daLIO FILGUEIRAS NOGUEIRA. Nascimento: 15\/12\/1968, Campina Grande-PB Forma\u00e7\u00e3o acad\u00eamica: Bacharel em Direito (Universidade Estadual da Para\u00edba), 1992. Ingresso no TCE: Nomeado para o cargo de Conselheiro pelo Governador C\u00e1ssio Rodrigues da Cunha Lima, Ato n\u00ba 985, de 11\/05\/2006. DOE 12\/05\/06. Posse em 23\/05\/2006. Atua\u00e7\u00e3o no TCE-PB: Presidente (2013-2014). Vice-Presidente (2011-2012; 2021-2022). Presidente 1\u00aa C\u00e2mara [&hellip;]<\/p>\n","protected":false},"author":1,"featured_media":0,"parent":162,"menu_order":8,"comment_status":"closed","ping_status":"closed","template":"page-templates\/full-width-page.php","meta":{"footnotes":""},"class_list":["post-236","page","type-page","status-publish","hentry"],"_links":{"self":[{"href":"https:\/\/tce.pb.gov.br\/site-50-anos\/wp-json\/wp\/v2\/pages\/236","targetHints":{"allow":["GET"]}}],"collection":[{"href":"https:\/\/tce.pb.gov.br\/site-50-anos\/wp-json\/wp\/v2\/pages"}],"about":[{"href":"https:\/\/tce.pb.gov.br\/site-50-anos\/wp-json\/wp\/v2\/types\/page"}],"author":[{"embeddable":true,"href":"https:\/\/tce.pb.gov.br\/site-50-anos\/wp-json\/wp\/v2\/users\/1"}],"replies":[{"embeddable":true,"href":"https:\/\/tce.pb.gov.br\/site-50-anos\/wp-json\/wp\/v2\/comments?post=236"}],"version-history":[{"count":11,"href":"https:\/\/tce.pb.gov.br\/site-50-anos\/wp-json\/wp\/v2\/pages\/236\/revisions"}],"predecessor-version":[{"id":2820,"href":"https:\/\/tce.pb.gov.br\/site-50-anos\/wp-json\/wp\/v2\/pages\/236\/revisions\/2820"}],"up":[{"embeddable":true,"href":"https:\/\/tce.pb.gov.br\/site-50-anos\/wp-json\/wp\/v2\/pages\/162"}],"wp:attachment":[{"href":"https:\/\/tce.pb.gov.br\/site-50-anos\/wp-json\/wp\/v2\/media?parent=236"}],"curies":[{"name":"wp","href":"https:\/\/api.w.org\/{rel}","templated":true}]}}