{"id":233,"date":"2021-02-26T23:34:00","date_gmt":"2021-02-27T02:34:00","guid":{"rendered":"http:\/\/tce.pb.gov.br\/site-50-anos\/?page_id=233"},"modified":"2021-11-18T10:29:58","modified_gmt":"2021-11-18T13:29:58","slug":"fernando-rodrigues-catao","status":"publish","type":"page","link":"https:\/\/tce.pb.gov.br\/site-50-anos\/galeria-de-presidentes\/fernando-rodrigues-catao\/","title":{"rendered":"Fernando Rodrigues Cat\u00e3o"},"content":{"rendered":"<div data-colibri-id=\"233-c1\" class=\"style-1121 style-local-233-c1 position-relative\">\n  <!---->\n  <div data-colibri-component=\"section\" data-colibri-id=\"233-c2\" id=\"about\" class=\"h-section h-section-global-spacing d-flex align-items-lg-center align-items-md-center align-items-center style-1126 style-local-233-c2 position-relative\">\n    <!---->\n    <!---->\n    <div class=\"h-section-grid-container h-section-boxed-container\">\n      <!---->\n      <div data-colibri-id=\"233-c3\" class=\"h-row-container gutters-row-lg-2 gutters-row-md-2 gutters-row-2 gutters-row-v-lg-2 gutters-row-v-md-2 gutters-row-v-2 style-1127 style-local-233-c3 position-relative\">\n        <!---->\n        <div class=\"h-row justify-content-lg-center justify-content-md-center justify-content-center align-items-lg-stretch align-items-md-stretch align-items-stretch gutters-col-lg-2 gutters-col-md-2 gutters-col-2 gutters-col-v-lg-2 gutters-col-v-md-2 gutters-col-v-2\">\n          <!---->\n          <div class=\"h-column h-column-container d-flex h-col-lg-auto h-col-md-auto h-col-auto style-1128-outer style-local-233-c4-outer\">\n            <div data-colibri-id=\"233-c4\" class=\"d-flex h-flex-basis h-column__inner h-px-lg-2 h-px-md-2 h-px-2 v-inner-lg-2 v-inner-md-2 v-inner-2 style-1128 style-local-233-c4 position-relative\">\n              <!---->\n              <!---->\n              <div class=\"w-100 h-y-container h-column__content h-column__v-align flex-basis-100 align-self-lg-center align-self-md-center align-self-center\">\n                <!---->\n                <div data-colibri-id=\"233-c5\" class=\"h-global-transition-all h-heading style-1129 style-local-233-c5 position-relative h-element\">\n                  <!---->\n                  <div class=\"h-heading__outer style-1129 style-local-233-c5\">\n                    <!---->\n                    <!---->\n                    <h5 class=\"\">FERNANDO RODRIGUES CAT\u00c3O.<\/h5>\n                  <\/div>\n                <\/div>\n                <div data-colibri-id=\"233-c6\" class=\"h-text h-text-component style-1131 style-local-233-c6 position-relative h-element\">\n                  <!---->\n                  <!---->\n                  <div class=\"\">\n                    <p><strong>Nascimento<\/strong>: 23\/10\/1950, Campina Grande \u2013 PB.<\/p>\n                    <p><strong>Forma\u00e7\u00e3o acad\u00eamica:<\/strong><\/p>\n                    <p>Bacharel em Engenharia Civil, 1978 (Universidade Nuno Lisboa).<\/p>\n                    <p><strong>Ingresso no TCE<\/strong>:<\/p>\n                    <p>Nomeado para o cargo de Conselheiro pelo Governador C\u00e1ssio Rodrigues da Cunha Lima, Ato Governamental n\u00ba 469, de 14\/05\/2004. DOE 15\/05\/04. Posse em 21\/05\/2004.<\/p>\n                    <p><strong>Atua\u00e7\u00e3o no TCE-PB<\/strong>:<\/p>\n                    <p>Presidente (2011-2012-2021-2022).<\/p>\n                    <p>Vice-Presidente (2009-2010).<\/p>\n                    <p>Presidente 1\u00aa C\u00e2mara (2017-2018).<\/p>\n                    <p>Presidente 2\u00aa C\u00e2mara (2005-2006; 2007-2008).<\/p>\n                    <p>Corregedor (2013-2014; 2015-2016).<\/p>\n                    <p>Coordenador da Ecosil (2019-2020).<\/p>\n                    <p>Substituiu&nbsp;&nbsp;\n                      <a href=\"https:\/\/tce.pb.gov.br\/site-50-anos\/luiz-nunes-alves\" style=\"font-family: &quot;Open Sans&quot;; font-weight: 400; font-size: 1em; color: rgb(3, 169, 244);\"><strong>Luiz Nunes Alves<\/strong>.<\/a>\n                    <\/p>\n                  <\/div>\n                <\/div>\n              <\/div>\n            <\/div>\n          <\/div>\n          <div class=\"h-column h-column-container d-flex h-col-lg-auto h-col-md-auto h-col-auto style-1134-outer style-local-233-c7-outer\">\n            <div data-colibri-id=\"233-c7\" class=\"d-flex h-flex-basis h-column__inner h-px-lg-2 h-px-md-2 h-px-2 v-inner-lg-2 v-inner-md-2 v-inner-2 style-1134 style-local-233-c7 position-relative\">\n              <!---->\n              <!---->\n              <div class=\"w-100 h-y-container h-column__content h-column__v-align flex-basis-100 align-self-lg-center align-self-md-center align-self-center\">\n                <!---->\n                <div data-colibri-id=\"233-c8\" class=\"d-block style-1135 style-local-233-c8 position-relative h-element\">\n                  <!---->\n                  <div class=\"h-image__frame-container-outer\">\n                    <div class=\"h-image__frame-container\">\n                      <!---->\n                      <!---->\n                      <img loading=\"lazy\" decoding=\"async\" width=\"731\" height=\"894\" src=\"http:\/\/tce.pb.gov.br\/site-50-anos\/wp-content\/uploads\/2021\/02\/fcatao.jpg\" class=\"wp-image-344 style-1135-image style-local-233-c8-image\" alt=\"\" srcset=\"https:\/\/tce.pb.gov.br\/site-50-anos\/wp-content\/uploads\/2021\/02\/fcatao.jpg 731w, https:\/\/tce.pb.gov.br\/site-50-anos\/wp-content\/uploads\/2021\/02\/fcatao-245x300.jpg 245w\" sizes=\"auto, (max-width: 731px) 100vw, 731px\" \/>\n                      <div class=\"h-image__frame h-hide-sm style-1135-frameImage style-local-233-c8-frameImage\"><\/div>\n                    <\/div>\n                  <\/div>\n                <\/div>\n              <\/div>\n            <\/div>\n          <\/div>\n        <\/div>\n      <\/div>\n    <\/div>\n  <\/div>\n  <div data-colibri-component=\"section\" data-colibri-id=\"233-c9\" id=\"custom\" class=\"h-section h-section-global-spacing d-flex align-items-lg-center align-items-md-center align-items-center style-1494 style-local-233-c9 position-relative\">\n    <!---->\n    <!---->\n    <div class=\"h-section-grid-container h-section-boxed-container\">\n      <!---->\n      <div data-colibri-id=\"233-c10\" class=\"h-row-container gutters-row-lg-2 gutters-row-md-2 gutters-row-0 gutters-row-v-lg-2 gutters-row-v-md-2 gutters-row-v-2 style-1495 style-local-233-c10 position-relative\">\n        <!---->\n        <div class=\"h-row justify-content-lg-center justify-content-md-center justify-content-center align-items-lg-stretch align-items-md-stretch align-items-stretch gutters-col-lg-2 gutters-col-md-2 gutters-col-0 gutters-col-v-lg-2 gutters-col-v-md-2 gutters-col-v-2\">\n          <!---->\n          <div class=\"h-column h-column-container d-flex h-col-lg-auto h-col-md-auto h-col-auto style-1496-outer style-local-233-c11-outer\">\n            <div data-colibri-id=\"233-c11\" class=\"d-flex h-flex-basis h-column__inner h-px-lg-2 h-px-md-2 h-px-2 v-inner-lg-2 v-inner-md-2 v-inner-2 style-1496 style-local-233-c11 position-relative\">\n              <!---->\n              <!---->\n              <div class=\"w-100 h-y-container h-column__content h-column__v-align flex-basis-100 align-self-lg-start align-self-md-start align-self-start\">\n                <!---->\n                <div data-colibri-id=\"233-c12\" class=\"h-x-container style-1497 style-local-233-c12 position-relative h-element\">\n                  <!---->\n                  <div class=\"h-x-container-inner style-dynamic-233-c12-group style-1497-spacing style-local-233-c12-spacing\"><span class=\"h-button__outer style-1498-outer style-local-233-c13-outer d-inline-flex h-element\"><a h-use-smooth-scroll=\"true\" href=\"\/site-50-anos\/galeria-de-presidentes\/\"  data-colibri-id=\"233-c13\" class=\"d-flex w-100 align-items-center h-button justify-content-lg-center justify-content-md-center justify-content-center style-1498 style-local-233-c13 position-relative\"><!----><!----> <span>Voltar<\/span><\/a>\n                    <\/span>\n                  <\/div>\n                <\/div>\n              <\/div>\n            <\/div>\n          <\/div>\n        <\/div>\n      <\/div>\n    <\/div>\n  <\/div>\n<\/div>","protected":false},"excerpt":{"rendered":"<p>FERNANDO RODRIGUES CAT\u00c3O. Nascimento: 23\/10\/1950, Campina Grande \u2013 PB. Forma\u00e7\u00e3o acad\u00eamica: Bacharel em Engenharia Civil, 1978 (Universidade Nuno Lisboa). Ingresso no TCE: Nomeado para o cargo de Conselheiro pelo Governador C\u00e1ssio Rodrigues da Cunha Lima, Ato Governamental n\u00ba 469, de 14\/05\/2004. DOE 15\/05\/04. Posse em 21\/05\/2004. Atua\u00e7\u00e3o no TCE-PB: Presidente (2011-2012-2021-2022). Vice-Presidente (2009-2010). Presidente 1\u00aa [&hellip;]<\/p>\n","protected":false},"author":1,"featured_media":0,"parent":162,"menu_order":9,"comment_status":"closed","ping_status":"closed","template":"page-templates\/full-width-page.php","meta":{"footnotes":""},"class_list":["post-233","page","type-page","status-publish","hentry"],"_links":{"self":[{"href":"https:\/\/tce.pb.gov.br\/site-50-anos\/wp-json\/wp\/v2\/pages\/233","targetHints":{"allow":["GET"]}}],"collection":[{"href":"https:\/\/tce.pb.gov.br\/site-50-anos\/wp-json\/wp\/v2\/pages"}],"about":[{"href":"https:\/\/tce.pb.gov.br\/site-50-anos\/wp-json\/wp\/v2\/types\/page"}],"author":[{"embeddable":true,"href":"https:\/\/tce.pb.gov.br\/site-50-anos\/wp-json\/wp\/v2\/users\/1"}],"replies":[{"embeddable":true,"href":"https:\/\/tce.pb.gov.br\/site-50-anos\/wp-json\/wp\/v2\/comments?post=233"}],"version-history":[{"count":20,"href":"https:\/\/tce.pb.gov.br\/site-50-anos\/wp-json\/wp\/v2\/pages\/233\/revisions"}],"predecessor-version":[{"id":2799,"href":"https:\/\/tce.pb.gov.br\/site-50-anos\/wp-json\/wp\/v2\/pages\/233\/revisions\/2799"}],"up":[{"embeddable":true,"href":"https:\/\/tce.pb.gov.br\/site-50-anos\/wp-json\/wp\/v2\/pages\/162"}],"wp:attachment":[{"href":"https:\/\/tce.pb.gov.br\/site-50-anos\/wp-json\/wp\/v2\/media?parent=233"}],"curies":[{"name":"wp","href":"https:\/\/api.w.org\/{rel}","templated":true}]}}