{"id":231,"date":"2021-02-26T23:32:00","date_gmt":"2021-02-27T02:32:00","guid":{"rendered":"http:\/\/tce.pb.gov.br\/site-50-anos\/?page_id=231"},"modified":"2023-01-19T10:25:53","modified_gmt":"2023-01-19T13:25:53","slug":"antonio-nominando-diniz-filho","status":"publish","type":"page","link":"https:\/\/tce.pb.gov.br\/site-50-anos\/galeria-de-presidentes\/antonio-nominando-diniz-filho\/","title":{"rendered":"Ant\u00f4nio Nominando Diniz Filho"},"content":{"rendered":"<div data-colibri-id=\"231-c1\" class=\"style-1211 style-local-231-c1 position-relative\">\n  <!---->\n  <div data-colibri-component=\"section\" data-colibri-id=\"231-c2\" id=\"about\" class=\"h-section h-section-global-spacing d-flex align-items-lg-center align-items-md-center align-items-center style-1216 style-local-231-c2 position-relative\">\n    <!---->\n    <!---->\n    <div class=\"h-section-grid-container h-section-boxed-container\">\n      <!---->\n      <div data-colibri-id=\"231-c3\" class=\"h-row-container gutters-row-lg-2 gutters-row-md-2 gutters-row-2 gutters-row-v-lg-2 gutters-row-v-md-2 gutters-row-v-2 style-1217 style-local-231-c3 position-relative\">\n        <!---->\n        <div class=\"h-row justify-content-lg-center justify-content-md-center justify-content-center align-items-lg-stretch align-items-md-stretch align-items-stretch gutters-col-lg-2 gutters-col-md-2 gutters-col-2 gutters-col-v-lg-2 gutters-col-v-md-2 gutters-col-v-2\">\n          <!---->\n          <div class=\"h-column h-column-container d-flex h-col-lg-auto h-col-md-auto h-col-auto style-1218-outer style-local-231-c4-outer\">\n            <div data-colibri-id=\"231-c4\" class=\"d-flex h-flex-basis h-column__inner h-px-lg-2 h-px-md-2 h-px-2 v-inner-lg-2 v-inner-md-2 v-inner-2 style-1218 style-local-231-c4 position-relative\">\n              <!---->\n              <!---->\n              <div class=\"w-100 h-y-container h-column__content h-column__v-align flex-basis-100 align-self-lg-center align-self-md-center align-self-center\">\n                <!---->\n                <div data-colibri-id=\"231-c5\" class=\"h-global-transition-all h-heading style-1219 style-local-231-c5 position-relative h-element\">\n                  <!---->\n                  <div class=\"h-heading__outer style-1219 style-local-231-c5\">\n                    <!---->\n                    <!---->\n                    <h5 class=\"\">ANT\u00d4NIO NOMINANDO DINIZ FILHO.<\/h5>\n                  <\/div>\n                <\/div>\n                <div data-colibri-id=\"231-c6\" class=\"h-text h-text-component style-1221 style-local-231-c6 position-relative h-element\">\n                  <!---->\n                  <!---->\n                  <div class=\"\">\n                    <p><strong>Nascimento<\/strong>: 20\/12\/53, Princesa Isabel-PB.<\/p>\n                    <p><strong>Forma\u00e7\u00e3o acad\u00eamica<\/strong>:<\/p>\n                    <p>Bacharel em Direito, \u2014 (Universidade Federal de Pernambuco \u2013 UFPE).\n                      <br>Bacharel em Ci\u00eancias Sociais, \u2014 (Faculdade de Filosofia de Pernambuco \u2013 UFPE).\n                      <br>Faculdade de Medicina (UFPB) 1978.\n                      <br>Especializa\u00e7\u00e3o no Instituto de Doen\u00e7as Cardiopulmonares Dr. Zerbini e no Hospital da Benefic\u00eancia Portuguesa \u2013 SP em 1980\/1981.<\/p>\n                    <p><strong>Ingresso no TCE<\/strong>:<\/p>\n                    <p>Nomeado para o cargo de Conselheiro pelo Governador C\u00e1ssio Rodrigues da Cunha Lima, Ato Governamental n\u00ba 3361, de 15\/04\/2003. DOE 15\/04\/03.\n                      <br>Posse em 09\/05\/2003.<\/p>\n                    <p><strong>Atua\u00e7\u00e3o no TCE-PB<\/strong>:<\/p>\n                    <p>Presidente (2009-2010\/2023-2024).<\/p>\n                    <p>Vice-Presidente (2007-2008; 2019-2020).<\/p>\n                    <p>Presidente 1\u00aa C\u00e2mara (2004; 2005-2006).<\/p>\n                    <p>Presidente 2\u00aa C\u00e2mara (2013-2014; 2017-2018).<\/p>\n                    <p>Ouvidor (2015-2016).<\/p>\n                    <p>Coordenador da Ecosil (2011-2012).<\/p>\n                    <p>Substituiu&nbsp;\n                      <a href=\"https:\/\/tce.pb.gov.br\/site-50-anos\/antonio-juarez-farias\" style=\"font-family: &quot;Open Sans&quot;; font-weight: 400; font-size: 1em; color: rgb(3, 169, 244);\"><strong>Ant\u00f4nio Juarez Farias<\/strong><\/a>.<\/p>\n                  <\/div>\n                <\/div>\n              <\/div>\n            <\/div>\n          <\/div>\n          <div class=\"h-column h-column-container d-flex h-col-lg-auto h-col-md-auto h-col-auto style-1224-outer style-local-231-c7-outer\">\n            <div data-colibri-id=\"231-c7\" class=\"d-flex h-flex-basis h-column__inner h-px-lg-2 h-px-md-2 h-px-2 v-inner-lg-2 v-inner-md-2 v-inner-2 style-1224 style-local-231-c7 position-relative\">\n              <!---->\n              <!---->\n              <div class=\"w-100 h-y-container h-column__content h-column__v-align flex-basis-100 align-self-lg-center align-self-md-center align-self-center\">\n                <!---->\n                <div data-colibri-id=\"231-c8\" class=\"d-block style-1225 style-local-231-c8 position-relative h-element\">\n                  <!---->\n                  <div class=\"h-image__frame-container-outer\">\n                    <div class=\"h-image__frame-container\">\n                      <!---->\n                      <!---->\n                      <img loading=\"lazy\" decoding=\"async\" width=\"746\" height=\"917\" src=\"http:\/\/tce.pb.gov.br\/site-50-anos\/wp-content\/uploads\/2021\/02\/anominando.jpg\" class=\"wp-image-341 style-1225-image style-local-231-c8-image\" alt=\"\" srcset=\"https:\/\/tce.pb.gov.br\/site-50-anos\/wp-content\/uploads\/2021\/02\/anominando.jpg 746w, https:\/\/tce.pb.gov.br\/site-50-anos\/wp-content\/uploads\/2021\/02\/anominando-244x300.jpg 244w\" sizes=\"auto, (max-width: 746px) 100vw, 746px\" \/>\n                      <div class=\"h-image__frame h-hide-sm style-1225-frameImage style-local-231-c8-frameImage\"><\/div>\n                    <\/div>\n                  <\/div>\n                <\/div>\n              <\/div>\n            <\/div>\n          <\/div>\n        <\/div>\n      <\/div>\n    <\/div>\n  <\/div>\n  <div data-colibri-component=\"section\" data-colibri-id=\"231-c9\" id=\"custom\" class=\"h-section h-section-global-spacing d-flex align-items-lg-center align-items-md-center align-items-center style-1521 style-local-231-c9 position-relative\">\n    <!---->\n    <!---->\n    <div class=\"h-section-grid-container h-section-boxed-container\">\n      <!---->\n      <div data-colibri-id=\"231-c10\" class=\"h-row-container gutters-row-lg-2 gutters-row-md-2 gutters-row-0 gutters-row-v-lg-2 gutters-row-v-md-2 gutters-row-v-2 style-1524 style-local-231-c10 position-relative\">\n        <!---->\n        <div class=\"h-row justify-content-lg-center justify-content-md-center justify-content-center align-items-lg-stretch align-items-md-stretch align-items-stretch gutters-col-lg-2 gutters-col-md-2 gutters-col-0 gutters-col-v-lg-2 gutters-col-v-md-2 gutters-col-v-2\">\n          <!---->\n          <div class=\"h-column h-column-container d-flex h-col-lg-auto h-col-md-auto h-col-auto style-1525-outer style-local-231-c11-outer\">\n            <div data-colibri-id=\"231-c11\" class=\"d-flex h-flex-basis h-column__inner h-px-lg-2 h-px-md-2 h-px-2 v-inner-lg-2 v-inner-md-2 v-inner-2 style-1525 style-local-231-c11 position-relative\">\n              <!---->\n              <!---->\n              <div class=\"w-100 h-y-container h-column__content h-column__v-align flex-basis-100 align-self-lg-start align-self-md-start align-self-start\">\n                <!---->\n                <div data-colibri-id=\"231-c12\" class=\"h-x-container style-1526 style-local-231-c12 position-relative h-element\">\n                  <!---->\n                  <div class=\"h-x-container-inner style-dynamic-231-c12-group style-1526-spacing style-local-231-c12-spacing\"><span class=\"h-button__outer style-1527-outer style-local-231-c13-outer d-inline-flex h-element\"><a h-use-smooth-scroll=\"true\" href=\"\/site-50-anos\/galeria-de-presidentes\/\"  data-colibri-id=\"231-c13\" class=\"d-flex w-100 align-items-center h-button justify-content-lg-center justify-content-md-center justify-content-center style-1527 style-local-231-c13 position-relative\"><!----><!----> <span>Voltar<\/span><\/a>\n                    <\/span>\n                  <\/div>\n                <\/div>\n              <\/div>\n            <\/div>\n          <\/div>\n        <\/div>\n      <\/div>\n    <\/div>\n  <\/div>\n<\/div>","protected":false},"excerpt":{"rendered":"<p>ANT\u00d4NIO NOMINANDO DINIZ FILHO. Nascimento: 20\/12\/53, Princesa Isabel-PB. Forma\u00e7\u00e3o acad\u00eamica: Bacharel em Direito, \u2014 (Universidade Federal de Pernambuco \u2013 UFPE). Bacharel em Ci\u00eancias Sociais, \u2014 (Faculdade de Filosofia de Pernambuco \u2013 UFPE). Faculdade de Medicina (UFPB) 1978. Especializa\u00e7\u00e3o no Instituto de Doen\u00e7as Cardiopulmonares Dr. Zerbini e no Hospital da Benefic\u00eancia Portuguesa \u2013 SP em 1980\/1981. [&hellip;]<\/p>\n","protected":false},"author":1,"featured_media":0,"parent":162,"menu_order":4,"comment_status":"closed","ping_status":"closed","template":"page-templates\/full-width-page.php","meta":{"footnotes":""},"class_list":["post-231","page","type-page","status-publish","hentry"],"_links":{"self":[{"href":"https:\/\/tce.pb.gov.br\/site-50-anos\/wp-json\/wp\/v2\/pages\/231","targetHints":{"allow":["GET"]}}],"collection":[{"href":"https:\/\/tce.pb.gov.br\/site-50-anos\/wp-json\/wp\/v2\/pages"}],"about":[{"href":"https:\/\/tce.pb.gov.br\/site-50-anos\/wp-json\/wp\/v2\/types\/page"}],"author":[{"embeddable":true,"href":"https:\/\/tce.pb.gov.br\/site-50-anos\/wp-json\/wp\/v2\/users\/1"}],"replies":[{"embeddable":true,"href":"https:\/\/tce.pb.gov.br\/site-50-anos\/wp-json\/wp\/v2\/comments?post=231"}],"version-history":[{"count":11,"href":"https:\/\/tce.pb.gov.br\/site-50-anos\/wp-json\/wp\/v2\/pages\/231\/revisions"}],"predecessor-version":[{"id":3499,"href":"https:\/\/tce.pb.gov.br\/site-50-anos\/wp-json\/wp\/v2\/pages\/231\/revisions\/3499"}],"up":[{"embeddable":true,"href":"https:\/\/tce.pb.gov.br\/site-50-anos\/wp-json\/wp\/v2\/pages\/162"}],"wp:attachment":[{"href":"https:\/\/tce.pb.gov.br\/site-50-anos\/wp-json\/wp\/v2\/media?parent=231"}],"curies":[{"name":"wp","href":"https:\/\/api.w.org\/{rel}","templated":true}]}}