{"id":228,"date":"2021-02-26T23:29:00","date_gmt":"2021-02-27T02:29:00","guid":{"rendered":"http:\/\/tce.pb.gov.br\/site-50-anos\/?page_id=228"},"modified":"2021-11-18T10:31:57","modified_gmt":"2021-11-18T13:31:57","slug":"arnobio-alves-viana","status":"publish","type":"page","link":"https:\/\/tce.pb.gov.br\/site-50-anos\/galeria-de-presidentes\/arnobio-alves-viana\/","title":{"rendered":"Arn\u00f3bio Alves Viana"},"content":{"rendered":"<div data-colibri-id=\"228-c1\" class=\"style-1136 style-local-228-c1 position-relative\">\n  <!---->\n  <div data-colibri-component=\"section\" data-colibri-id=\"228-c2\" id=\"about\" class=\"h-section h-section-global-spacing d-flex align-items-lg-center align-items-md-center align-items-center style-1141 style-local-228-c2 position-relative\">\n    <!---->\n    <!---->\n    <div class=\"h-section-grid-container h-section-boxed-container\">\n      <!---->\n      <div data-colibri-id=\"228-c3\" class=\"h-row-container gutters-row-lg-2 gutters-row-md-2 gutters-row-2 gutters-row-v-lg-2 gutters-row-v-md-2 gutters-row-v-2 style-1142 style-local-228-c3 position-relative\">\n        <!---->\n        <div class=\"h-row justify-content-lg-center justify-content-md-center justify-content-center align-items-lg-stretch align-items-md-stretch align-items-stretch gutters-col-lg-2 gutters-col-md-2 gutters-col-2 gutters-col-v-lg-2 gutters-col-v-md-2 gutters-col-v-2\">\n          <!---->\n          <div class=\"h-column h-column-container d-flex h-col-lg-auto h-col-md-auto h-col-auto style-1143-outer style-local-228-c4-outer\">\n            <div data-colibri-id=\"228-c4\" class=\"d-flex h-flex-basis h-column__inner h-px-lg-2 h-px-md-2 h-px-2 v-inner-lg-2 v-inner-md-2 v-inner-2 style-1143 style-local-228-c4 position-relative\">\n              <!---->\n              <!---->\n              <div class=\"w-100 h-y-container h-column__content h-column__v-align flex-basis-100 align-self-lg-center align-self-md-center align-self-center\">\n                <!---->\n                <div data-colibri-id=\"228-c5\" class=\"h-global-transition-all h-heading style-1144 style-local-228-c5 position-relative h-element\">\n                  <!---->\n                  <div class=\"h-heading__outer style-1144 style-local-228-c5\">\n                    <!---->\n                    <!---->\n                    <h5 class=\"\">ARN\u00d3BIO ALVES VIANA.<\/h5>\n                  <\/div>\n                <\/div>\n                <div data-colibri-id=\"228-c6\" class=\"h-text h-text-component style-1146 style-local-228-c6 position-relative h-element\">\n                  <!---->\n                  <!---->\n                  <div class=\"\">\n                    <p><strong>Nascimento:&nbsp;<\/strong>11\/11\/58, Sol\u00e2nea \u2013 PB.<\/p>\n                    <p><strong>Forma\u00e7\u00e3o acad\u00eamica:<\/strong><\/p>\n                    <p>Bacharel em Direito (UFPB).<\/p>\n                    <p><strong>Ingresso no TCE<\/strong>:<\/p>\n                    <p>Nomeado para o cargo de Conselheiro pelo Governador C\u00edcero de Lucena Filho, Ato n\u00ba 6646\/94 de 22\/12\/1994. DOE 23\/12\/94.\n                      <br>Pose: 06\/02\/1995.<\/p>\n                    <p><strong>Atua\u00e7\u00e3o no TCE-PB<\/strong>:<\/p>\n                    <p>Presidente (2007-2008) (2019-2020).<\/p>\n                    <p>Vice-Presidente (1999-2000; 2001-2002; 29\/04\/2004-31\/12\/2004; 2005-2006; 2017-2018).<\/p>\n                    <p>Presidente 1\u00aa C\u00e2mara (1997-1998; 2003-2004; 2021-2022).<\/p>\n                    <p>Presidente 2\u00aa C\u00e2mara (2009-2010; 2011-2012; 2015-2016).<\/p>\n                    <p>Coordenador da ECOSIL: (2013-2014).<\/p>\n                    <p>Substituiu<strong>&nbsp;<\/strong>\n                      <a href=\"https:\/\/tce.pb.gov.br\/site-50-anos\/galeria-dos-conselheiros\/adailton-coelho-costa\" style=\"color: rgb(3, 169, 244); font-size: 1em; font-weight: 400; font-family: &quot;Open Sans&quot;;\"><strong>Adailton Coelho Costa<\/strong>.<\/a>\n                    <\/p>\n                  <\/div>\n                <\/div>\n              <\/div>\n            <\/div>\n          <\/div>\n          <div class=\"h-column h-column-container d-flex h-col-lg-auto h-col-md-auto h-col-auto style-1149-outer style-local-228-c7-outer\">\n            <div data-colibri-id=\"228-c7\" class=\"d-flex h-flex-basis h-column__inner h-px-lg-2 h-px-md-2 h-px-2 v-inner-lg-2 v-inner-md-2 v-inner-2 style-1149 style-local-228-c7 position-relative\">\n              <!---->\n              <!---->\n              <div class=\"w-100 h-y-container h-column__content h-column__v-align flex-basis-100 align-self-lg-center align-self-md-center align-self-center\">\n                <!---->\n                <div data-colibri-id=\"228-c8\" class=\"d-block style-1150 style-local-228-c8 position-relative h-element\">\n                  <!---->\n                  <div class=\"h-image__frame-container-outer\">\n                    <div class=\"h-image__frame-container\">\n                      <!---->\n                      <!---->\n                      <img loading=\"lazy\" decoding=\"async\" width=\"740\" height=\"921\" src=\"http:\/\/tce.pb.gov.br\/site-50-anos\/wp-content\/uploads\/2021\/02\/arnobio.jpg\" class=\"wp-image-343 style-1150-image style-local-228-c8-image\" alt=\"\" srcset=\"https:\/\/tce.pb.gov.br\/site-50-anos\/wp-content\/uploads\/2021\/02\/arnobio.jpg 740w, https:\/\/tce.pb.gov.br\/site-50-anos\/wp-content\/uploads\/2021\/02\/arnobio-241x300.jpg 241w\" sizes=\"auto, (max-width: 740px) 100vw, 740px\" \/>\n                      <div class=\"h-image__frame h-hide-sm style-1150-frameImage style-local-228-c8-frameImage\"><\/div>\n                    <\/div>\n                  <\/div>\n                <\/div>\n              <\/div>\n            <\/div>\n          <\/div>\n        <\/div>\n      <\/div>\n    <\/div>\n  <\/div>\n  <div data-colibri-component=\"section\" data-colibri-id=\"228-c9\" id=\"custom\" class=\"h-section h-section-global-spacing d-flex align-items-lg-center align-items-md-center align-items-center style-1528 style-local-228-c9 position-relative\">\n    <!---->\n    <!---->\n    <div class=\"h-section-grid-container h-section-boxed-container\">\n      <!---->\n      <div data-colibri-id=\"228-c10\" class=\"h-row-container gutters-row-lg-2 gutters-row-md-2 gutters-row-0 gutters-row-v-lg-2 gutters-row-v-md-2 gutters-row-v-2 style-1531 style-local-228-c10 position-relative\">\n        <!---->\n        <div class=\"h-row justify-content-lg-center justify-content-md-center justify-content-center align-items-lg-stretch align-items-md-stretch align-items-stretch gutters-col-lg-2 gutters-col-md-2 gutters-col-0 gutters-col-v-lg-2 gutters-col-v-md-2 gutters-col-v-2\">\n          <!---->\n          <div class=\"h-column h-column-container d-flex h-col-lg-auto h-col-md-auto h-col-auto style-1532-outer style-local-228-c11-outer\">\n            <div data-colibri-id=\"228-c11\" class=\"d-flex h-flex-basis h-column__inner h-px-lg-2 h-px-md-2 h-px-2 v-inner-lg-2 v-inner-md-2 v-inner-2 style-1532 style-local-228-c11 position-relative\">\n              <!---->\n              <!---->\n              <div class=\"w-100 h-y-container h-column__content h-column__v-align flex-basis-100 align-self-lg-start align-self-md-start align-self-start\">\n                <!---->\n                <div data-colibri-id=\"228-c12\" class=\"h-x-container style-1533 style-local-228-c12 position-relative h-element\">\n                  <!---->\n                  <div class=\"h-x-container-inner style-dynamic-228-c12-group style-1533-spacing style-local-228-c12-spacing\"><span class=\"h-button__outer style-1534-outer style-local-228-c13-outer d-inline-flex h-element\"><a h-use-smooth-scroll=\"true\" href=\"\/site-50-anos\/galeria-de-presidentes\/\"  data-colibri-id=\"228-c13\" class=\"d-flex w-100 align-items-center h-button justify-content-lg-center justify-content-md-center justify-content-center style-1534 style-local-228-c13 position-relative\"><!----><!----> <span>Voltar<\/span><\/a>\n                    <\/span>\n                  <\/div>\n                <\/div>\n              <\/div>\n            <\/div>\n          <\/div>\n        <\/div>\n      <\/div>\n    <\/div>\n  <\/div>\n<\/div>","protected":false},"excerpt":{"rendered":"<p>ARN\u00d3BIO ALVES VIANA. Nascimento:&nbsp;11\/11\/58, Sol\u00e2nea \u2013 PB. Forma\u00e7\u00e3o acad\u00eamica: Bacharel em Direito (UFPB). Ingresso no TCE: Nomeado para o cargo de Conselheiro pelo Governador C\u00edcero de Lucena Filho, Ato n\u00ba 6646\/94 de 22\/12\/1994. DOE 23\/12\/94. Pose: 06\/02\/1995. Atua\u00e7\u00e3o no TCE-PB: Presidente (2007-2008) (2019-2020). Vice-Presidente (1999-2000; 2001-2002; 29\/04\/2004-31\/12\/2004; 2005-2006; 2017-2018). Presidente 1\u00aa C\u00e2mara (1997-1998; 2003-2004; 2021-2022). [&hellip;]<\/p>\n","protected":false},"author":1,"featured_media":0,"parent":162,"menu_order":5,"comment_status":"closed","ping_status":"closed","template":"page-templates\/full-width-page.php","meta":{"footnotes":""},"class_list":["post-228","page","type-page","status-publish","hentry"],"_links":{"self":[{"href":"https:\/\/tce.pb.gov.br\/site-50-anos\/wp-json\/wp\/v2\/pages\/228","targetHints":{"allow":["GET"]}}],"collection":[{"href":"https:\/\/tce.pb.gov.br\/site-50-anos\/wp-json\/wp\/v2\/pages"}],"about":[{"href":"https:\/\/tce.pb.gov.br\/site-50-anos\/wp-json\/wp\/v2\/types\/page"}],"author":[{"embeddable":true,"href":"https:\/\/tce.pb.gov.br\/site-50-anos\/wp-json\/wp\/v2\/users\/1"}],"replies":[{"embeddable":true,"href":"https:\/\/tce.pb.gov.br\/site-50-anos\/wp-json\/wp\/v2\/comments?post=228"}],"version-history":[{"count":12,"href":"https:\/\/tce.pb.gov.br\/site-50-anos\/wp-json\/wp\/v2\/pages\/228\/revisions"}],"predecessor-version":[{"id":2806,"href":"https:\/\/tce.pb.gov.br\/site-50-anos\/wp-json\/wp\/v2\/pages\/228\/revisions\/2806"}],"up":[{"embeddable":true,"href":"https:\/\/tce.pb.gov.br\/site-50-anos\/wp-json\/wp\/v2\/pages\/162"}],"wp:attachment":[{"href":"https:\/\/tce.pb.gov.br\/site-50-anos\/wp-json\/wp\/v2\/media?parent=228"}],"curies":[{"name":"wp","href":"https:\/\/api.w.org\/{rel}","templated":true}]}}