{"id":225,"date":"2021-02-27T23:29:00","date_gmt":"2021-02-28T02:29:00","guid":{"rendered":"http:\/\/tce.pb.gov.br\/site-50-anos\/?page_id=225"},"modified":"2021-11-18T10:15:44","modified_gmt":"2021-11-18T13:15:44","slug":"jose-marques-mariz","status":"publish","type":"page","link":"https:\/\/tce.pb.gov.br\/site-50-anos\/galeria-de-presidentes\/jose-marques-mariz\/","title":{"rendered":"Jos\u00e9 Marques Mariz"},"content":{"rendered":"<div data-colibri-id=\"225-c1\" class=\"style-1226 style-local-225-c1 position-relative\">\n  <!---->\n  <div data-colibri-component=\"section\" data-colibri-id=\"225-c2\" id=\"about\" class=\"h-section h-section-global-spacing d-flex align-items-lg-center align-items-md-center align-items-center style-1231 style-local-225-c2 position-relative\">\n    <!---->\n    <!---->\n    <div class=\"h-section-grid-container h-section-boxed-container\">\n      <!---->\n      <div data-colibri-id=\"225-c3\" class=\"h-row-container gutters-row-lg-2 gutters-row-md-2 gutters-row-2 gutters-row-v-lg-2 gutters-row-v-md-2 gutters-row-v-2 style-1232 style-local-225-c3 position-relative\">\n        <!---->\n        <div class=\"h-row justify-content-lg-center justify-content-md-center justify-content-center align-items-lg-stretch align-items-md-stretch align-items-stretch gutters-col-lg-2 gutters-col-md-2 gutters-col-2 gutters-col-v-lg-2 gutters-col-v-md-2 gutters-col-v-2\">\n          <!---->\n          <div class=\"h-column h-column-container d-flex h-col-lg-auto h-col-md-auto h-col-auto style-1233-outer style-local-225-c4-outer\">\n            <div data-colibri-id=\"225-c4\" class=\"d-flex h-flex-basis h-column__inner h-px-lg-2 h-px-md-2 h-px-2 v-inner-lg-2 v-inner-md-2 v-inner-2 style-1233 style-local-225-c4 position-relative\">\n              <!---->\n              <!---->\n              <div class=\"w-100 h-y-container h-column__content h-column__v-align flex-basis-100 align-self-lg-center align-self-md-center align-self-center\">\n                <!---->\n                <div data-colibri-id=\"225-c5\" class=\"h-global-transition-all h-heading style-1234 style-local-225-c5 position-relative h-element\">\n                  <!---->\n                  <div class=\"h-heading__outer style-1234 style-local-225-c5\">\n                    <!---->\n                    <!---->\n                    <h5 class=\"\">JOS\u00c9 MARQUES MARIZ.<\/h5>\n                  <\/div>\n                <\/div>\n                <div data-colibri-id=\"225-c6\" class=\"h-text h-text-component style-1236 style-local-225-c6 position-relative h-element\">\n                  <!---->\n                  <!---->\n                  <div class=\"\">\n                    <p><strong>Nascimento<\/strong>: 02\/08\/40, Jo\u00e3o Pessoa-PB.<\/p>\n                    <p><strong>Falecimento<\/strong>: 11\/12\/18.<\/p>\n                    <p><strong>Forma\u00e7\u00e3o acad\u00eamica<\/strong>:<\/p>\n                    <p>Engenheiro Eletricista, 1964 (Universidade de Recife).<\/p>\n                    <p><strong>Ingresso no TCE<\/strong>:<\/p>\n                    <p>Nomeado para o cargo de Conselheiro pelo Governador Jos\u00e9 Maranh\u00e3o, Ato Governamental n\u00ba 2093\/95 de 21\/10\/95.\n                      <br>Posse em 31\/10\/1995.<\/p>\n                    <p><strong>Aposentadoria<\/strong>:<\/p>\n                    <p>Portaria PBPREV n\u00ba 1017, de 29\/03\/10. DOE 30\/03\/2010.<\/p>\n                    <p>Portaria PBPREV n\u00ba 3752, de 23\/08\/12. DOE 13\/09\/2012 Retificando.<\/p>\n                    <p><strong>Atua\u00e7\u00e3o no TCE-PB<\/strong>:<\/p>\n                    <p>Presidente (29-04-2004\/31-12-2004; 2005-2006).<\/p>\n                    <p>Vice-Presidente (2003-2004).<\/p>\n                    <p>Presidente 1\u00aa C\u00e2mara (2001-2002; 2007-2008; 2009-2010).<\/p>\n                    <p>Presidente 2\u00aa C\u00e2mara (1997-1998; 1999-2000).<\/p>\n                    <p>Substituiu&nbsp;\n                      <a href=\"https:\/\/tce.pb.gov.br\/site-50-anos\/galeria-dos-conselheiros\/antonio-pinheiro-dantas\" style=\"color: rgb(3, 169, 244); font-size: 1em; font-weight: 400; font-family: &quot;Open Sans&quot;;\"><strong>Ant\u00f4nio Pinheiro Dantas<\/strong><\/a>\n                    <\/p>\n                    <p>Substitu\u00eddo por<strong>&nbsp;<\/strong>\n                      <a href=\"https:\/\/tce.pb.gov.br\/site-50-anos\/arthur-paredes-cunha-lima\" style=\"color: rgb(3, 169, 244); font-size: 1em; font-weight: 400; font-family: &quot;Open Sans&quot;;\"><strong>Arthur Paredes Cunha Lima<\/strong>.<\/a>\n                    <\/p>\n                  <\/div>\n                <\/div>\n              <\/div>\n            <\/div>\n          <\/div>\n          <div class=\"h-column h-column-container d-flex h-col-lg-auto h-col-md-auto h-col-auto style-1239-outer style-local-225-c7-outer\">\n            <div data-colibri-id=\"225-c7\" class=\"d-flex h-flex-basis h-column__inner h-px-lg-2 h-px-md-2 h-px-2 v-inner-lg-2 v-inner-md-2 v-inner-2 style-1239 style-local-225-c7 position-relative\">\n              <!---->\n              <!---->\n              <div class=\"w-100 h-y-container h-column__content h-column__v-align flex-basis-100 align-self-lg-center align-self-md-center align-self-center\">\n                <!---->\n                <div data-colibri-id=\"225-c8\" class=\"d-block style-1240 style-local-225-c8 position-relative h-element\">\n                  <!---->\n                  <div class=\"h-image__frame-container-outer\">\n                    <div class=\"h-image__frame-container\">\n                      <!---->\n                      <!---->\n                      <img loading=\"lazy\" decoding=\"async\" width=\"733\" height=\"904\" src=\"http:\/\/tce.pb.gov.br\/site-50-anos\/wp-content\/uploads\/2021\/02\/jmariz.jpg\" class=\"wp-image-350 style-1240-image style-local-225-c8-image\" alt=\"\" srcset=\"https:\/\/tce.pb.gov.br\/site-50-anos\/wp-content\/uploads\/2021\/02\/jmariz.jpg 733w, https:\/\/tce.pb.gov.br\/site-50-anos\/wp-content\/uploads\/2021\/02\/jmariz-243x300.jpg 243w\" sizes=\"auto, (max-width: 733px) 100vw, 733px\" \/>\n                      <div class=\"h-image__frame h-hide-sm style-1240-frameImage style-local-225-c8-frameImage\"><\/div>\n                    <\/div>\n                  <\/div>\n                <\/div>\n              <\/div>\n            <\/div>\n          <\/div>\n        <\/div>\n      <\/div>\n    <\/div>\n  <\/div>\n  <div data-colibri-component=\"section\" data-colibri-id=\"225-c9\" id=\"custom\" class=\"h-section h-section-global-spacing d-flex align-items-lg-center align-items-md-center align-items-center style-1569 style-local-225-c9 position-relative\">\n    <!---->\n    <!---->\n    <div class=\"h-section-grid-container h-section-boxed-container\">\n      <!---->\n      <div data-colibri-id=\"225-c10\" class=\"h-row-container gutters-row-lg-2 gutters-row-md-2 gutters-row-0 gutters-row-v-lg-2 gutters-row-v-md-2 gutters-row-v-2 style-1570 style-local-225-c10 position-relative\">\n        <!---->\n        <div class=\"h-row justify-content-lg-center justify-content-md-center justify-content-center align-items-lg-stretch align-items-md-stretch align-items-stretch gutters-col-lg-2 gutters-col-md-2 gutters-col-0 gutters-col-v-lg-2 gutters-col-v-md-2 gutters-col-v-2\">\n          <!---->\n          <div class=\"h-column h-column-container d-flex h-col-lg-auto h-col-md-auto h-col-auto style-1571-outer style-local-225-c11-outer\">\n            <div data-colibri-id=\"225-c11\" class=\"d-flex h-flex-basis h-column__inner h-px-lg-2 h-px-md-2 h-px-2 v-inner-lg-2 v-inner-md-2 v-inner-2 style-1571 style-local-225-c11 position-relative\">\n              <!---->\n              <!---->\n              <div class=\"w-100 h-y-container h-column__content h-column__v-align flex-basis-100 align-self-lg-start align-self-md-start align-self-start\">\n                <!---->\n                <div data-colibri-id=\"225-c12\" class=\"h-x-container style-1572 style-local-225-c12 position-relative h-element\">\n                  <!---->\n                  <div class=\"h-x-container-inner style-dynamic-225-c12-group style-1572-spacing style-local-225-c12-spacing\"><span class=\"h-button__outer style-1573-outer style-local-225-c13-outer d-inline-flex h-element\"><a h-use-smooth-scroll=\"true\" href=\"\/site-50-anos\/galeria-de-presidentes\/\"  data-colibri-id=\"225-c13\" class=\"d-flex w-100 align-items-center h-button justify-content-lg-center justify-content-md-center justify-content-center style-1573 style-local-225-c13 position-relative\"><!----><!----> <span>Voltar<\/span><\/a>\n                    <\/span>\n                  <\/div>\n                <\/div>\n              <\/div>\n            <\/div>\n          <\/div>\n        <\/div>\n      <\/div>\n    <\/div>\n  <\/div>\n<\/div>","protected":false},"excerpt":{"rendered":"<p>JOS\u00c9 MARQUES MARIZ. Nascimento: 02\/08\/40, Jo\u00e3o Pessoa-PB. Falecimento: 11\/12\/18. Forma\u00e7\u00e3o acad\u00eamica: Engenheiro Eletricista, 1964 (Universidade de Recife). Ingresso no TCE: Nomeado para o cargo de Conselheiro pelo Governador Jos\u00e9 Maranh\u00e3o, Ato Governamental n\u00ba 2093\/95 de 21\/10\/95. Posse em 31\/10\/1995. Aposentadoria: Portaria PBPREV n\u00ba 1017, de 29\/03\/10. DOE 30\/03\/2010. Portaria PBPREV n\u00ba 3752, de 23\/08\/12. DOE [&hellip;]<\/p>\n","protected":false},"author":1,"featured_media":0,"parent":162,"menu_order":13,"comment_status":"closed","ping_status":"closed","template":"page-templates\/full-width-page.php","meta":{"footnotes":""},"class_list":["post-225","page","type-page","status-publish","hentry"],"_links":{"self":[{"href":"https:\/\/tce.pb.gov.br\/site-50-anos\/wp-json\/wp\/v2\/pages\/225","targetHints":{"allow":["GET"]}}],"collection":[{"href":"https:\/\/tce.pb.gov.br\/site-50-anos\/wp-json\/wp\/v2\/pages"}],"about":[{"href":"https:\/\/tce.pb.gov.br\/site-50-anos\/wp-json\/wp\/v2\/types\/page"}],"author":[{"embeddable":true,"href":"https:\/\/tce.pb.gov.br\/site-50-anos\/wp-json\/wp\/v2\/users\/1"}],"replies":[{"embeddable":true,"href":"https:\/\/tce.pb.gov.br\/site-50-anos\/wp-json\/wp\/v2\/comments?post=225"}],"version-history":[{"count":9,"href":"https:\/\/tce.pb.gov.br\/site-50-anos\/wp-json\/wp\/v2\/pages\/225\/revisions"}],"predecessor-version":[{"id":2757,"href":"https:\/\/tce.pb.gov.br\/site-50-anos\/wp-json\/wp\/v2\/pages\/225\/revisions\/2757"}],"up":[{"embeddable":true,"href":"https:\/\/tce.pb.gov.br\/site-50-anos\/wp-json\/wp\/v2\/pages\/162"}],"wp:attachment":[{"href":"https:\/\/tce.pb.gov.br\/site-50-anos\/wp-json\/wp\/v2\/media?parent=225"}],"curies":[{"name":"wp","href":"https:\/\/api.w.org\/{rel}","templated":true}]}}