{"id":221,"date":"2021-02-26T23:23:00","date_gmt":"2021-02-27T02:23:00","guid":{"rendered":"http:\/\/tce.pb.gov.br\/site-50-anos\/?page_id=221"},"modified":"2021-11-18T10:38:13","modified_gmt":"2021-11-18T13:38:13","slug":"marcos-ubiratan-guedes-pereira","status":"publish","type":"page","link":"https:\/\/tce.pb.gov.br\/site-50-anos\/galeria-de-presidentes\/marcos-ubiratan-guedes-pereira\/","title":{"rendered":"Marcos Ubiratan Guedes Pereira"},"content":{"rendered":"<div data-colibri-id=\"221-c1\" class=\"style-1286 style-local-221-c1 position-relative\">\n  <!---->\n  <div data-colibri-component=\"section\" data-colibri-id=\"221-c2\" id=\"about\" class=\"h-section h-section-global-spacing d-flex align-items-lg-center align-items-md-center align-items-center style-1291 style-local-221-c2 position-relative\">\n    <!---->\n    <!---->\n    <div class=\"h-section-grid-container h-section-boxed-container\">\n      <!---->\n      <div data-colibri-id=\"221-c3\" class=\"h-row-container gutters-row-lg-2 gutters-row-md-2 gutters-row-2 gutters-row-v-lg-2 gutters-row-v-md-2 gutters-row-v-2 style-1292 style-local-221-c3 position-relative\">\n        <!---->\n        <div class=\"h-row justify-content-lg-center justify-content-md-center justify-content-center align-items-lg-stretch align-items-md-stretch align-items-stretch gutters-col-lg-2 gutters-col-md-2 gutters-col-2 gutters-col-v-lg-2 gutters-col-v-md-2 gutters-col-v-2\">\n          <!---->\n          <div class=\"h-column h-column-container d-flex h-col-lg-auto h-col-md-auto h-col-auto style-1293-outer style-local-221-c4-outer\">\n            <div data-colibri-id=\"221-c4\" class=\"d-flex h-flex-basis h-column__inner h-px-lg-2 h-px-md-2 h-px-2 v-inner-lg-2 v-inner-md-2 v-inner-2 style-1293 style-local-221-c4 position-relative\">\n              <!---->\n              <!---->\n              <div class=\"w-100 h-y-container h-column__content h-column__v-align flex-basis-100 align-self-lg-center align-self-md-center align-self-center\">\n                <!---->\n                <div data-colibri-id=\"221-c5\" class=\"h-global-transition-all h-heading style-1294 style-local-221-c5 position-relative h-element\">\n                  <!---->\n                  <div class=\"h-heading__outer style-1294 style-local-221-c5\">\n                    <!---->\n                    <!---->\n                    <h5 class=\"\">MARCOS UBIRATAN GUEDES PEREIRA.<\/h5>\n                  <\/div>\n                <\/div>\n                <div data-colibri-id=\"221-c6\" class=\"h-text h-text-component style-1296 style-local-221-c6 position-relative h-element\">\n                  <!---->\n                  <!---->\n                  <div class=\"\">\n                    <p><strong>Nascimento<\/strong>: 31\/10\/1939, Jo\u00e3o Pessoa \u2013 PB.<\/p>\n                    <p><strong>Forma\u00e7\u00e3o acad\u00eamica<\/strong>:<\/p>\n                    <p>Bacharel em Ci\u00eancias Econ\u00f4micas, 1963 (UFPB).<\/p>\n                    <p><strong>Ingresso no TCE<\/strong>:<\/p>\n                    <p>Exerceu o cargo de Auditor no per\u00edodo de 23\/05\/71 a 18\/01\/75.\n                      <br>Nomeado para o cargo de Conselheiro pelo Governador Tarc\u00edsio de Miranda Burity, Ato Governamental 3330\/88 de 04\/10\/1988.\n                      <br>DOE 04\/10\/88, nos termos da indica\u00e7\u00e3o aprovada pelo Dec. Legislativo n\u00ba 02\/88, de 30\/09\/1988, da Assembleia Legislativa.<\/p>\n                    <p><strong>Aposentadoria<\/strong>:<\/p>\n                    <p>Portaria TC 57\/08, DOE 15\/10\/2008.<\/p>\n                    <p>Portaria PBPREV \u2013 A \u2013 1485\/08, de 21\/11\/08. DOE 26\/11\/08.<\/p>\n                    <p><strong>Atua\u00e7\u00e3o no TCE-PB<\/strong>:<\/p>\n                    <p>Presidente (1997-1998).<\/p>\n                    <p>Substituiu&nbsp;\n                      <a href=\"https:\/\/tce.pb.gov.br\/site-50-anos\/antonio-carlos-escorel-de-almeida\" style=\"font-family: &quot;Open Sans&quot;; font-weight: 400; font-size: 1em; color: rgb(3, 169, 244);\"><strong>Ant\u00f4nio Carlos Escorel de Almeida<\/strong>.<\/a>\n                    <\/p>\n                    <p>Substitu\u00eddo por<strong>&nbsp;<\/strong>\n                      <a href=\"https:\/\/tce.pb.gov.br\/site-50-anos\/umberto-silveira-porto\" style=\"font-family: &quot;Open Sans&quot;; font-weight: 400; font-size: 1em; color: rgb(3, 169, 244);\"><strong>Umberto Silveira Porto<\/strong>.<\/a>\n                    <\/p>\n                  <\/div>\n                <\/div>\n              <\/div>\n            <\/div>\n          <\/div>\n          <div class=\"h-column h-column-container d-flex h-col-lg-auto h-col-md-auto h-col-auto style-1299-outer style-local-221-c7-outer\">\n            <div data-colibri-id=\"221-c7\" class=\"d-flex h-flex-basis h-column__inner h-px-lg-2 h-px-md-2 h-px-2 v-inner-lg-2 v-inner-md-2 v-inner-2 style-1299 style-local-221-c7 position-relative\">\n              <!---->\n              <!---->\n              <div class=\"w-100 h-y-container h-column__content h-column__v-align flex-basis-100 align-self-lg-center align-self-md-center align-self-center\">\n                <!---->\n                <div data-colibri-id=\"221-c8\" class=\"d-block style-1300 style-local-221-c8 position-relative h-element\">\n                  <!---->\n                  <div class=\"h-image__frame-container-outer\">\n                    <div class=\"h-image__frame-container\">\n                      <!---->\n                      <!---->\n                      <img loading=\"lazy\" decoding=\"async\" width=\"752\" height=\"922\" src=\"http:\/\/tce.pb.gov.br\/site-50-anos\/wp-content\/uploads\/2021\/02\/mubiratan.jpg\" class=\"wp-image-352 style-1300-image style-local-221-c8-image\" alt=\"\" srcset=\"https:\/\/tce.pb.gov.br\/site-50-anos\/wp-content\/uploads\/2021\/02\/mubiratan.jpg 752w, https:\/\/tce.pb.gov.br\/site-50-anos\/wp-content\/uploads\/2021\/02\/mubiratan-245x300.jpg 245w\" sizes=\"auto, (max-width: 752px) 100vw, 752px\" \/>\n                      <div class=\"h-image__frame h-hide-sm style-1300-frameImage style-local-221-c8-frameImage\"><\/div>\n                    <\/div>\n                  <\/div>\n                <\/div>\n              <\/div>\n            <\/div>\n          <\/div>\n        <\/div>\n      <\/div>\n    <\/div>\n  <\/div>\n  <div data-colibri-component=\"section\" data-colibri-id=\"221-c9\" id=\"custom\" class=\"h-section h-section-global-spacing d-flex align-items-lg-center align-items-md-center align-items-center style-1581 style-local-221-c9 position-relative\">\n    <!---->\n    <!---->\n    <div class=\"h-section-grid-container h-section-boxed-container\">\n      <!---->\n      <div data-colibri-id=\"221-c10\" class=\"h-row-container gutters-row-lg-2 gutters-row-md-2 gutters-row-0 gutters-row-v-lg-2 gutters-row-v-md-2 gutters-row-v-2 style-1584 style-local-221-c10 position-relative\">\n        <!---->\n        <div class=\"h-row justify-content-lg-center justify-content-md-center justify-content-center align-items-lg-stretch align-items-md-stretch align-items-stretch gutters-col-lg-2 gutters-col-md-2 gutters-col-0 gutters-col-v-lg-2 gutters-col-v-md-2 gutters-col-v-2\">\n          <!---->\n          <div class=\"h-column h-column-container d-flex h-col-lg-auto h-col-md-auto h-col-auto style-1585-outer style-local-221-c11-outer\">\n            <div data-colibri-id=\"221-c11\" class=\"d-flex h-flex-basis h-column__inner h-px-lg-2 h-px-md-2 h-px-2 v-inner-lg-2 v-inner-md-2 v-inner-2 style-1585 style-local-221-c11 position-relative\">\n              <!---->\n              <!---->\n              <div class=\"w-100 h-y-container h-column__content h-column__v-align flex-basis-100 align-self-lg-start align-self-md-start align-self-start\">\n                <!---->\n                <div data-colibri-id=\"221-c12\" class=\"h-x-container style-1586 style-local-221-c12 position-relative h-element\">\n                  <!---->\n                  <div class=\"h-x-container-inner style-dynamic-221-c12-group style-1586-spacing style-local-221-c12-spacing\"><span class=\"h-button__outer style-1587-outer style-local-221-c13-outer d-inline-flex h-element\"><a h-use-smooth-scroll=\"true\" href=\"\/site-50-anos\/galeria-de-presidentes\/\"  data-colibri-id=\"221-c13\" class=\"d-flex w-100 align-items-center h-button justify-content-lg-center justify-content-md-center justify-content-center style-1587 style-local-221-c13 position-relative\"><!----><!----> <span>Voltar<\/span><\/a>\n                    <\/span>\n                  <\/div>\n                <\/div>\n              <\/div>\n            <\/div>\n          <\/div>\n        <\/div>\n      <\/div>\n    <\/div>\n  <\/div>\n<\/div>","protected":false},"excerpt":{"rendered":"<p>MARCOS UBIRATAN GUEDES PEREIRA. Nascimento: 31\/10\/1939, Jo\u00e3o Pessoa \u2013 PB. Forma\u00e7\u00e3o acad\u00eamica: Bacharel em Ci\u00eancias Econ\u00f4micas, 1963 (UFPB). Ingresso no TCE: Exerceu o cargo de Auditor no per\u00edodo de 23\/05\/71 a 18\/01\/75. Nomeado para o cargo de Conselheiro pelo Governador Tarc\u00edsio de Miranda Burity, Ato Governamental 3330\/88 de 04\/10\/1988. DOE 04\/10\/88, nos termos da indica\u00e7\u00e3o [&hellip;]<\/p>\n","protected":false},"author":1,"featured_media":0,"parent":162,"menu_order":15,"comment_status":"closed","ping_status":"closed","template":"page-templates\/full-width-page.php","meta":{"footnotes":""},"class_list":["post-221","page","type-page","status-publish","hentry"],"_links":{"self":[{"href":"https:\/\/tce.pb.gov.br\/site-50-anos\/wp-json\/wp\/v2\/pages\/221","targetHints":{"allow":["GET"]}}],"collection":[{"href":"https:\/\/tce.pb.gov.br\/site-50-anos\/wp-json\/wp\/v2\/pages"}],"about":[{"href":"https:\/\/tce.pb.gov.br\/site-50-anos\/wp-json\/wp\/v2\/types\/page"}],"author":[{"embeddable":true,"href":"https:\/\/tce.pb.gov.br\/site-50-anos\/wp-json\/wp\/v2\/users\/1"}],"replies":[{"embeddable":true,"href":"https:\/\/tce.pb.gov.br\/site-50-anos\/wp-json\/wp\/v2\/comments?post=221"}],"version-history":[{"count":9,"href":"https:\/\/tce.pb.gov.br\/site-50-anos\/wp-json\/wp\/v2\/pages\/221\/revisions"}],"predecessor-version":[{"id":2855,"href":"https:\/\/tce.pb.gov.br\/site-50-anos\/wp-json\/wp\/v2\/pages\/221\/revisions\/2855"}],"up":[{"embeddable":true,"href":"https:\/\/tce.pb.gov.br\/site-50-anos\/wp-json\/wp\/v2\/pages\/162"}],"wp:attachment":[{"href":"https:\/\/tce.pb.gov.br\/site-50-anos\/wp-json\/wp\/v2\/media?parent=221"}],"curies":[{"name":"wp","href":"https:\/\/api.w.org\/{rel}","templated":true}]}}