{"id":218,"date":"2021-02-26T23:21:00","date_gmt":"2021-02-27T02:21:00","guid":{"rendered":"http:\/\/tce.pb.gov.br\/site-50-anos\/?page_id=218"},"modified":"2021-11-18T10:40:31","modified_gmt":"2021-11-18T13:40:31","slug":"antonio-juarez-farias","status":"publish","type":"page","link":"https:\/\/tce.pb.gov.br\/site-50-anos\/galeria-de-presidentes\/antonio-juarez-farias\/","title":{"rendered":"Ant\u00f4nio Juarez Farias"},"content":{"rendered":"<div data-colibri-id=\"218-c1\" class=\"style-1301 style-local-218-c1 position-relative\">\n  <!---->\n  <div data-colibri-component=\"section\" data-colibri-id=\"218-c2\" id=\"about\" class=\"h-section h-section-global-spacing d-flex align-items-lg-center align-items-md-center align-items-center style-1306 style-local-218-c2 position-relative\">\n    <!---->\n    <!---->\n    <div class=\"h-section-grid-container h-section-boxed-container\">\n      <!---->\n      <div data-colibri-id=\"218-c3\" class=\"h-row-container gutters-row-lg-2 gutters-row-md-2 gutters-row-2 gutters-row-v-lg-2 gutters-row-v-md-2 gutters-row-v-2 style-1307 style-local-218-c3 position-relative\">\n        <!---->\n        <div class=\"h-row justify-content-lg-center justify-content-md-center justify-content-center align-items-lg-stretch align-items-md-stretch align-items-stretch gutters-col-lg-2 gutters-col-md-2 gutters-col-2 gutters-col-v-lg-2 gutters-col-v-md-2 gutters-col-v-2\">\n          <!---->\n          <div class=\"h-column h-column-container d-flex h-col-lg-auto h-col-md-auto h-col-auto style-1308-outer style-local-218-c4-outer\">\n            <div data-colibri-id=\"218-c4\" class=\"d-flex h-flex-basis h-column__inner h-px-lg-2 h-px-md-2 h-px-2 v-inner-lg-2 v-inner-md-2 v-inner-2 style-1308 style-local-218-c4 position-relative\">\n              <!---->\n              <!---->\n              <div class=\"w-100 h-y-container h-column__content h-column__v-align flex-basis-100 align-self-lg-center align-self-md-center align-self-center\">\n                <!---->\n                <div data-colibri-id=\"218-c5\" class=\"h-global-transition-all h-heading style-1309 style-local-218-c5 position-relative h-element\">\n                  <!---->\n                  <div class=\"h-heading__outer style-1309 style-local-218-c5\">\n                    <!---->\n                    <!---->\n                    <h5 class=\"\">ANT\u00d4NIO JUAREZ FARIAS.<\/h5>\n                  <\/div>\n                <\/div>\n                <div data-colibri-id=\"218-c6\" class=\"h-text h-text-component style-1311 style-local-218-c6 position-relative h-element\">\n                  <!---->\n                  <!---->\n                  <div class=\"\">\n                    <p><strong>Nascimento<\/strong>: 14\/09\/1934, Cabaceiras \u2013 PB.<\/p>\n                    <p><strong>Forma\u00e7\u00e3o acad\u00eamica<\/strong>:<\/p>\n                    <p>Bacharel em Direito, \u2014 (Universidade Federal de Pernambuco \u2013 UFPE).Bacharel em Ci\u00eancias Sociais, \u2014 (Faculdade de Filosofia de Pernambuco \u2013 UFPE).<\/p>\n                    <p><strong>Ingresso no TCE<\/strong>:<\/p>\n                    <p>Nomeado para o cargo de Conselheiro pelo Governador Ronaldo da Cunha Lima, Ato n\u00ba 1150, de 08\/06\/1991. DOE 08\/06\/91.\n                      <br>Posse de 30\/07\/1991.<\/p>\n                    <p><strong>Aposentadoria<\/strong>:<\/p>\n                    <p>Ato Governamental n\u00ba 2997, de 25\/03\/2003. DOE de 26\/03\/2003.<\/p>\n                    <p><strong>Atua\u00e7\u00e3o no TCE-PB<\/strong>:<\/p>\n                    <p>Presidente (1995-1996).<\/p>\n                    <p>Pres. 1\u00aa C\u00e2mara: (1999-2000).<\/p>\n                    <p>Corregedor: (2001-2002).<\/p>\n                    <p>Substituiu<strong>&nbsp;<\/strong>\n                      <a href=\"https:\/\/tce.pb.gov.br\/site-50-anos\/jose-braz-do-rego\" style=\"color: rgb(3, 169, 244); font-size: 1em; font-weight: 400; font-family: &quot;Open Sans&quot;;\"><strong>Jos\u00e9 Braz do Rego<\/strong><\/a>.<\/p>\n                    <p>Substitu\u00eddo por<strong>&nbsp;<\/strong>\n                      <a href=\"https:\/\/tce.pb.gov.br\/site-50-anos\/antonio-nominando-diniz-filho\" style=\"color: rgb(3, 169, 244); font-size: 1em; font-weight: 400; font-family: &quot;Open Sans&quot;;\"><strong>Ant\u00f4nio Nominando Dini<\/strong>z.<\/a>\n                    <\/p>\n                  <\/div>\n                <\/div>\n              <\/div>\n            <\/div>\n          <\/div>\n          <div class=\"h-column h-column-container d-flex h-col-lg-auto h-col-md-auto h-col-auto style-1314-outer style-local-218-c7-outer\">\n            <div data-colibri-id=\"218-c7\" class=\"d-flex h-flex-basis h-column__inner h-px-lg-2 h-px-md-2 h-px-2 v-inner-lg-2 v-inner-md-2 v-inner-2 style-1314 style-local-218-c7 position-relative\">\n              <!---->\n              <!---->\n              <div class=\"w-100 h-y-container h-column__content h-column__v-align flex-basis-100 align-self-lg-center align-self-md-center align-self-center\">\n                <!---->\n                <div data-colibri-id=\"218-c8\" class=\"d-block style-1315 style-local-218-c8 position-relative h-element\">\n                  <!---->\n                  <div class=\"h-image__frame-container-outer\">\n                    <div class=\"h-image__frame-container\">\n                      <!---->\n                      <!---->\n                      <img loading=\"lazy\" decoding=\"async\" width=\"747\" height=\"945\" src=\"http:\/\/tce.pb.gov.br\/site-50-anos\/wp-content\/uploads\/2021\/02\/ajuarez.jpg\" class=\"wp-image-340 style-1315-image style-local-218-c8-image\" alt=\"\" srcset=\"https:\/\/tce.pb.gov.br\/site-50-anos\/wp-content\/uploads\/2021\/02\/ajuarez.jpg 747w, https:\/\/tce.pb.gov.br\/site-50-anos\/wp-content\/uploads\/2021\/02\/ajuarez-237x300.jpg 237w\" sizes=\"auto, (max-width: 747px) 100vw, 747px\" \/>\n                      <div class=\"h-image__frame h-hide-sm style-1315-frameImage style-local-218-c8-frameImage\"><\/div>\n                    <\/div>\n                  <\/div>\n                <\/div>\n              <\/div>\n            <\/div>\n          <\/div>\n        <\/div>\n      <\/div>\n    <\/div>\n  <\/div>\n  <div data-colibri-component=\"section\" data-colibri-id=\"218-c9\" id=\"custom\" class=\"h-section h-section-global-spacing d-flex align-items-lg-center align-items-md-center align-items-center style-1516 style-local-218-c9 position-relative\">\n    <!---->\n    <!---->\n    <div class=\"h-section-grid-container h-section-boxed-container\">\n      <!---->\n      <div data-colibri-id=\"218-c10\" class=\"h-row-container gutters-row-lg-2 gutters-row-md-2 gutters-row-0 gutters-row-v-lg-2 gutters-row-v-md-2 gutters-row-v-2 style-1517 style-local-218-c10 position-relative\">\n        <!---->\n        <div class=\"h-row justify-content-lg-center justify-content-md-center justify-content-center align-items-lg-stretch align-items-md-stretch align-items-stretch gutters-col-lg-2 gutters-col-md-2 gutters-col-0 gutters-col-v-lg-2 gutters-col-v-md-2 gutters-col-v-2\">\n          <!---->\n          <div class=\"h-column h-column-container d-flex h-col-lg-auto h-col-md-auto h-col-auto style-1518-outer style-local-218-c11-outer\">\n            <div data-colibri-id=\"218-c11\" class=\"d-flex h-flex-basis h-column__inner h-px-lg-2 h-px-md-2 h-px-2 v-inner-lg-2 v-inner-md-2 v-inner-2 style-1518 style-local-218-c11 position-relative\">\n              <!---->\n              <!---->\n              <div class=\"w-100 h-y-container h-column__content h-column__v-align flex-basis-100 align-self-lg-start align-self-md-start align-self-start\">\n                <!---->\n                <div data-colibri-id=\"218-c12\" class=\"h-x-container style-1519 style-local-218-c12 position-relative h-element\">\n                  <!---->\n                  <div class=\"h-x-container-inner style-dynamic-218-c12-group style-1519-spacing style-local-218-c12-spacing\"><span class=\"h-button__outer style-1520-outer style-local-218-c13-outer d-inline-flex h-element\"><a h-use-smooth-scroll=\"true\" href=\"\/site-50-anos\/galeria-de-presidentes\/\"  data-colibri-id=\"218-c13\" class=\"d-flex w-100 align-items-center h-button justify-content-lg-center justify-content-md-center justify-content-center style-1520 style-local-218-c13 position-relative\"><!----><!----> <span>Voltar<\/span><\/a>\n                    <\/span>\n                  <\/div>\n                <\/div>\n              <\/div>\n            <\/div>\n          <\/div>\n        <\/div>\n      <\/div>\n    <\/div>\n  <\/div>\n<\/div>","protected":false},"excerpt":{"rendered":"<p>ANT\u00d4NIO JUAREZ FARIAS. Nascimento: 14\/09\/1934, Cabaceiras \u2013 PB. Forma\u00e7\u00e3o acad\u00eamica: Bacharel em Direito, \u2014 (Universidade Federal de Pernambuco \u2013 UFPE).Bacharel em Ci\u00eancias Sociais, \u2014 (Faculdade de Filosofia de Pernambuco \u2013 UFPE). Ingresso no TCE: Nomeado para o cargo de Conselheiro pelo Governador Ronaldo da Cunha Lima, Ato n\u00ba 1150, de 08\/06\/1991. DOE 08\/06\/91. Posse de [&hellip;]<\/p>\n","protected":false},"author":1,"featured_media":0,"parent":162,"menu_order":3,"comment_status":"closed","ping_status":"closed","template":"page-templates\/full-width-page.php","meta":{"footnotes":""},"class_list":["post-218","page","type-page","status-publish","hentry"],"_links":{"self":[{"href":"https:\/\/tce.pb.gov.br\/site-50-anos\/wp-json\/wp\/v2\/pages\/218","targetHints":{"allow":["GET"]}}],"collection":[{"href":"https:\/\/tce.pb.gov.br\/site-50-anos\/wp-json\/wp\/v2\/pages"}],"about":[{"href":"https:\/\/tce.pb.gov.br\/site-50-anos\/wp-json\/wp\/v2\/types\/page"}],"author":[{"embeddable":true,"href":"https:\/\/tce.pb.gov.br\/site-50-anos\/wp-json\/wp\/v2\/users\/1"}],"replies":[{"embeddable":true,"href":"https:\/\/tce.pb.gov.br\/site-50-anos\/wp-json\/wp\/v2\/comments?post=218"}],"version-history":[{"count":11,"href":"https:\/\/tce.pb.gov.br\/site-50-anos\/wp-json\/wp\/v2\/pages\/218\/revisions"}],"predecessor-version":[{"id":2869,"href":"https:\/\/tce.pb.gov.br\/site-50-anos\/wp-json\/wp\/v2\/pages\/218\/revisions\/2869"}],"up":[{"embeddable":true,"href":"https:\/\/tce.pb.gov.br\/site-50-anos\/wp-json\/wp\/v2\/pages\/162"}],"wp:attachment":[{"href":"https:\/\/tce.pb.gov.br\/site-50-anos\/wp-json\/wp\/v2\/media?parent=218"}],"curies":[{"name":"wp","href":"https:\/\/api.w.org\/{rel}","templated":true}]}}