{"id":216,"date":"2021-02-26T23:19:00","date_gmt":"2021-02-27T02:19:00","guid":{"rendered":"http:\/\/tce.pb.gov.br\/site-50-anos\/?page_id=216"},"modified":"2021-11-18T10:39:47","modified_gmt":"2021-11-18T13:39:47","slug":"jose-braz-do-rego","status":"publish","type":"page","link":"https:\/\/tce.pb.gov.br\/site-50-anos\/galeria-de-presidentes\/jose-braz-do-rego\/","title":{"rendered":"Jos\u00e9 Braz do Rego"},"content":{"rendered":"<div data-colibri-id=\"216-c1\" class=\"style-1331 style-local-216-c1 position-relative\">\n  <!---->\n  <div data-colibri-component=\"section\" data-colibri-id=\"216-c2\" id=\"about\" class=\"h-section h-section-global-spacing d-flex align-items-lg-center align-items-md-center align-items-center style-1336 style-local-216-c2 position-relative\">\n    <!---->\n    <!---->\n    <div class=\"h-section-grid-container h-section-boxed-container\">\n      <!---->\n      <div data-colibri-id=\"216-c3\" class=\"h-row-container gutters-row-lg-2 gutters-row-md-2 gutters-row-2 gutters-row-v-lg-2 gutters-row-v-md-2 gutters-row-v-2 style-1337 style-local-216-c3 position-relative\">\n        <!---->\n        <div class=\"h-row justify-content-lg-center justify-content-md-center justify-content-center align-items-lg-stretch align-items-md-stretch align-items-stretch gutters-col-lg-2 gutters-col-md-2 gutters-col-2 gutters-col-v-lg-2 gutters-col-v-md-2 gutters-col-v-2\">\n          <!---->\n          <div class=\"h-column h-column-container d-flex h-col-lg-auto h-col-md-auto h-col-auto style-1338-outer style-local-216-c4-outer\">\n            <div data-colibri-id=\"216-c4\" class=\"d-flex h-flex-basis h-column__inner h-px-lg-2 h-px-md-2 h-px-2 v-inner-lg-2 v-inner-md-2 v-inner-2 style-1338 style-local-216-c4 position-relative\">\n              <!---->\n              <!---->\n              <div class=\"w-100 h-y-container h-column__content h-column__v-align flex-basis-100 align-self-lg-center align-self-md-center align-self-center\">\n                <!---->\n                <div data-colibri-id=\"216-c5\" class=\"h-global-transition-all h-heading style-1339 style-local-216-c5 position-relative h-element\">\n                  <!---->\n                  <div class=\"h-heading__outer style-1339 style-local-216-c5\">\n                    <!---->\n                    <!---->\n                    <h5 class=\"\">JOS\u00c9 BRAZ DO R\u00caGO.<\/h5>\n                  <\/div>\n                <\/div>\n                <div data-colibri-id=\"216-c6\" class=\"h-text h-text-component style-1341 style-local-216-c6 position-relative h-element\">\n                  <!---->\n                  <!---->\n                  <div class=\"\">\n                    <p><strong>Nascimento<\/strong>: 07\/ 01\/1936, Limoeiro \u2013 PE.<\/p>\n                    <p><strong>Falecimento<\/strong>: 01\/05\/1989 (Em exerc\u00edcio).<\/p>\n                    <p><strong>Forma\u00e7\u00e3o acad\u00eamica<\/strong>:<\/p>\n                    <p>Bacharel em Direito, (Universidade Federal da Para\u00edba).<\/p>\n                    <p><strong>Ingresso no TCE<\/strong>:<\/p>\n                    <p>Nomeado para o cargo de Conselheiro pelo Governador Jo\u00e3o Agripino Maia Filho.\n                      <br>Expediente do dia 08\/01\/71, DOE de 09\/01\/71 com base na Lei 3.627, de 31\/08\/1970.Posse 01\/03\/1971.<\/p>\n                    <p><strong>Atua\u00e7\u00e3o no TCE-PB<\/strong>:<\/p>\n                    <p>Presidente (1987-1988).<\/p>\n                    <p>Vice-Presidente (1985-1986).<\/p>\n                    <p>Presidente da 1\u00aa C\u00e2mara (1985-1986).<\/p>\n                    <p>Presidente da 2\u00aa C\u00e2mara (1975-1976; 1989).<\/p>\n                    <p><strong>Conselheiro Fundador<\/strong>.<\/p>\n                    <p>Substitu\u00eddo por<strong>&nbsp;<\/strong>\n                      <a href=\"https:\/\/tce.pb.gov.br\/site-50-anos\/antonio-juarez-farias\" style=\"color: rgb(3, 169, 244); font-size: 1em; font-weight: 400; font-family: &quot;Open Sans&quot;;\"><strong>Ant\u00f4nio Juarez Farias<\/strong>.<\/a>\n                    <\/p>\n                  <\/div>\n                <\/div>\n              <\/div>\n            <\/div>\n          <\/div>\n          <div class=\"h-column h-column-container d-flex h-col-lg-auto h-col-md-auto h-col-auto style-1344-outer style-local-216-c7-outer\">\n            <div data-colibri-id=\"216-c7\" class=\"d-flex h-flex-basis h-column__inner h-px-lg-2 h-px-md-2 h-px-2 v-inner-lg-2 v-inner-md-2 v-inner-2 style-1344 style-local-216-c7 position-relative\">\n              <!---->\n              <!---->\n              <div class=\"w-100 h-y-container h-column__content h-column__v-align flex-basis-100 align-self-lg-center align-self-md-center align-self-center\">\n                <!---->\n                <div data-colibri-id=\"216-c8\" class=\"d-block style-1345 style-local-216-c8 position-relative h-element\">\n                  <!---->\n                  <div class=\"h-image__frame-container-outer\">\n                    <div class=\"h-image__frame-container\">\n                      <!---->\n                      <!---->\n                      <img loading=\"lazy\" decoding=\"async\" width=\"751\" height=\"914\" src=\"http:\/\/tce.pb.gov.br\/site-50-anos\/wp-content\/uploads\/2021\/02\/jbraz.jpg\" class=\"wp-image-349 style-1345-image style-local-216-c8-image\" alt=\"\" srcset=\"https:\/\/tce.pb.gov.br\/site-50-anos\/wp-content\/uploads\/2021\/02\/jbraz.jpg 751w, https:\/\/tce.pb.gov.br\/site-50-anos\/wp-content\/uploads\/2021\/02\/jbraz-246x300.jpg 246w\" sizes=\"auto, (max-width: 751px) 100vw, 751px\" \/>\n                      <div class=\"h-image__frame h-hide-sm style-1345-frameImage style-local-216-c8-frameImage\"><\/div>\n                    <\/div>\n                  <\/div>\n                <\/div>\n              <\/div>\n            <\/div>\n          <\/div>\n        <\/div>\n      <\/div>\n    <\/div>\n  <\/div>\n  <div data-colibri-component=\"section\" data-colibri-id=\"216-c9\" id=\"custom\" class=\"h-section h-section-global-spacing d-flex align-items-lg-center align-items-md-center align-items-center style-1564 style-local-216-c9 position-relative\">\n    <!---->\n    <!---->\n    <div class=\"h-section-grid-container h-section-boxed-container\">\n      <!---->\n      <div data-colibri-id=\"216-c10\" class=\"h-row-container gutters-row-lg-2 gutters-row-md-2 gutters-row-0 gutters-row-v-lg-2 gutters-row-v-md-2 gutters-row-v-2 style-1565 style-local-216-c10 position-relative\">\n        <!---->\n        <div class=\"h-row justify-content-lg-center justify-content-md-center justify-content-center align-items-lg-stretch align-items-md-stretch align-items-stretch gutters-col-lg-2 gutters-col-md-2 gutters-col-0 gutters-col-v-lg-2 gutters-col-v-md-2 gutters-col-v-2\">\n          <!---->\n          <div class=\"h-column h-column-container d-flex h-col-lg-auto h-col-md-auto h-col-auto style-1566-outer style-local-216-c11-outer\">\n            <div data-colibri-id=\"216-c11\" class=\"d-flex h-flex-basis h-column__inner h-px-lg-2 h-px-md-2 h-px-2 v-inner-lg-2 v-inner-md-2 v-inner-2 style-1566 style-local-216-c11 position-relative\">\n              <!---->\n              <!---->\n              <div class=\"w-100 h-y-container h-column__content h-column__v-align flex-basis-100 align-self-lg-start align-self-md-start align-self-start\">\n                <!---->\n                <div data-colibri-id=\"216-c12\" class=\"h-x-container style-1567 style-local-216-c12 position-relative h-element\">\n                  <!---->\n                  <div class=\"h-x-container-inner style-dynamic-216-c12-group style-1567-spacing style-local-216-c12-spacing\"><span class=\"h-button__outer style-1568-outer style-local-216-c13-outer d-inline-flex h-element\"><a h-use-smooth-scroll=\"true\" href=\"\/site-50-anos\/galeria-de-presidentes\/\"  data-colibri-id=\"216-c13\" class=\"d-flex w-100 align-items-center h-button justify-content-lg-center justify-content-md-center justify-content-center style-1568 style-local-216-c13 position-relative\"><!----><!----> <span>Voltar<\/span><\/a>\n                    <\/span>\n                  <\/div>\n                <\/div>\n              <\/div>\n            <\/div>\n          <\/div>\n        <\/div>\n      <\/div>\n    <\/div>\n  <\/div>\n<\/div>","protected":false},"excerpt":{"rendered":"<p>JOS\u00c9 BRAZ DO R\u00caGO. Nascimento: 07\/ 01\/1936, Limoeiro \u2013 PE. Falecimento: 01\/05\/1989 (Em exerc\u00edcio). Forma\u00e7\u00e3o acad\u00eamica: Bacharel em Direito, (Universidade Federal da Para\u00edba). Ingresso no TCE: Nomeado para o cargo de Conselheiro pelo Governador Jo\u00e3o Agripino Maia Filho. Expediente do dia 08\/01\/71, DOE de 09\/01\/71 com base na Lei 3.627, de 31\/08\/1970.Posse 01\/03\/1971. Atua\u00e7\u00e3o no [&hellip;]<\/p>\n","protected":false},"author":1,"featured_media":0,"parent":162,"menu_order":12,"comment_status":"closed","ping_status":"closed","template":"page-templates\/full-width-page.php","meta":{"footnotes":""},"class_list":["post-216","page","type-page","status-publish","hentry"],"_links":{"self":[{"href":"https:\/\/tce.pb.gov.br\/site-50-anos\/wp-json\/wp\/v2\/pages\/216","targetHints":{"allow":["GET"]}}],"collection":[{"href":"https:\/\/tce.pb.gov.br\/site-50-anos\/wp-json\/wp\/v2\/pages"}],"about":[{"href":"https:\/\/tce.pb.gov.br\/site-50-anos\/wp-json\/wp\/v2\/types\/page"}],"author":[{"embeddable":true,"href":"https:\/\/tce.pb.gov.br\/site-50-anos\/wp-json\/wp\/v2\/users\/1"}],"replies":[{"embeddable":true,"href":"https:\/\/tce.pb.gov.br\/site-50-anos\/wp-json\/wp\/v2\/comments?post=216"}],"version-history":[{"count":10,"href":"https:\/\/tce.pb.gov.br\/site-50-anos\/wp-json\/wp\/v2\/pages\/216\/revisions"}],"predecessor-version":[{"id":2862,"href":"https:\/\/tce.pb.gov.br\/site-50-anos\/wp-json\/wp\/v2\/pages\/216\/revisions\/2862"}],"up":[{"embeddable":true,"href":"https:\/\/tce.pb.gov.br\/site-50-anos\/wp-json\/wp\/v2\/pages\/162"}],"wp:attachment":[{"href":"https:\/\/tce.pb.gov.br\/site-50-anos\/wp-json\/wp\/v2\/media?parent=216"}],"curies":[{"name":"wp","href":"https:\/\/api.w.org\/{rel}","templated":true}]}}