{"id":213,"date":"2021-02-26T23:17:00","date_gmt":"2021-02-27T02:17:00","guid":{"rendered":"http:\/\/tce.pb.gov.br\/site-50-anos\/?page_id=213"},"modified":"2021-11-18T10:41:01","modified_gmt":"2021-11-18T13:41:01","slug":"fabio-mariz-maia","status":"publish","type":"page","link":"https:\/\/tce.pb.gov.br\/site-50-anos\/galeria-de-presidentes\/fabio-mariz-maia\/","title":{"rendered":"F\u00e1bio Mariz Maia"},"content":{"rendered":"<div data-colibri-id=\"213-c1\" class=\"style-1346 style-local-213-c1 position-relative\">\n  <!---->\n  <div data-colibri-component=\"section\" data-colibri-id=\"213-c2\" id=\"about\" class=\"h-section h-section-global-spacing d-flex align-items-lg-center align-items-md-center align-items-center style-1351 style-local-213-c2 position-relative\">\n    <!---->\n    <!---->\n    <div class=\"h-section-grid-container h-section-boxed-container\">\n      <!---->\n      <div data-colibri-id=\"213-c3\" class=\"h-row-container gutters-row-lg-2 gutters-row-md-2 gutters-row-2 gutters-row-v-lg-2 gutters-row-v-md-2 gutters-row-v-2 style-1352 style-local-213-c3 position-relative\">\n        <!---->\n        <div class=\"h-row justify-content-lg-center justify-content-md-center justify-content-center align-items-lg-stretch align-items-md-stretch align-items-stretch gutters-col-lg-2 gutters-col-md-2 gutters-col-2 gutters-col-v-lg-2 gutters-col-v-md-2 gutters-col-v-2\">\n          <!---->\n          <div class=\"h-column h-column-container d-flex h-col-lg-auto h-col-md-auto h-col-auto style-1353-outer style-local-213-c4-outer\">\n            <div data-colibri-id=\"213-c4\" class=\"d-flex h-flex-basis h-column__inner h-px-lg-2 h-px-md-2 h-px-2 v-inner-lg-2 v-inner-md-2 v-inner-2 style-1353 style-local-213-c4 position-relative\">\n              <!---->\n              <!---->\n              <div class=\"w-100 h-y-container h-column__content h-column__v-align flex-basis-100 align-self-lg-center align-self-md-center align-self-center\">\n                <!---->\n                <div data-colibri-id=\"213-c5\" class=\"h-global-transition-all h-heading style-1354 style-local-213-c5 position-relative h-element\">\n                  <!---->\n                  <div class=\"h-heading__outer style-1354 style-local-213-c5\">\n                    <!---->\n                    <!---->\n                    <h5 class=\"\">F\u00c1BIO MARIZ MAIA.<\/h5>\n                  <\/div>\n                <\/div>\n                <div data-colibri-id=\"213-c6\" class=\"h-text h-text-component style-1356 style-local-213-c6 position-relative h-element\">\n                  <!---->\n                  <!---->\n                  <div class=\"\">\n                    <p><strong>Nascimento<\/strong>: 26\/ 09 \/1921, Catol\u00e9 do Rocha \u2013 PB.<\/p>\n                    <p><strong>Falecimento<\/strong>: 16\/02\/1995.<\/p>\n                    <p><strong>Forma\u00e7\u00e3o acad\u00eamica:<\/strong><\/p>\n                    <p>Bacharelado em Engenharia Agron\u00f4mica, \u2014 (Escola de Agronomia da Universidade de S\u00e3o Paulo \u2013 USP).<\/p>\n                    <p><strong>Ingresso no TCE<\/strong>:<\/p>\n                    <p>Nomeado para o cargo de Conselheiro pelo Governador Ivan Bichara Sobreira, Ato Governamental de 14\/07\/1977. DOE 15\/07\/77.\n                      <br>Posse 29\/07\/1977.<\/p>\n                    <p><strong>Aposentadoria<\/strong>:<\/p>\n                    <p>Ato Governamental n\u00ba 2042\/88. Processo TC 2077. DOE de 24\/05\/1988.<\/p>\n                    <p><strong>Atua\u00e7\u00e3o no TCE-PB<\/strong>:<\/p>\n                    <p>Presidente (1985-1986).<\/p>\n                    <p>Vice-Presidente (1981-1982).<\/p>\n                    <p>Presidente da 1\u00aa C\u00e2mara (1981-1982).<\/p>\n                    <p>Presidente da 2\u00aa C\u00e2mara (1987-1988).<\/p>\n                    <p>Substituiu&nbsp;\n                      <a href=\"https:\/\/tce.pb.gov.br\/site-50-anos\/otacilio-silva-da-silveira\" style=\"color: rgb(3, 169, 244); font-size: 1em; font-weight: 400; font-family: &quot;Open Sans&quot;;\"><strong>Otac\u00edlio Silva da Silveira<\/strong><\/a>.<\/p>\n                    <p>Substitu\u00eddo por&nbsp;\n                      <a href=\"https:\/\/tce.pb.gov.br\/site-50-anos\/galeria-dos-conselheiros\/antonio-pinheiro-dantas\" style=\"color: rgb(3, 169, 244); font-size: 1em; font-weight: 400; font-family: &quot;Open Sans&quot;;\"><strong>Ant\u00f4nio Pinheiro Dantas<\/strong><\/a>.<\/p>\n                  <\/div>\n                <\/div>\n              <\/div>\n            <\/div>\n          <\/div>\n          <div class=\"h-column h-column-container d-flex h-col-lg-auto h-col-md-auto h-col-auto style-1359-outer style-local-213-c7-outer\">\n            <div data-colibri-id=\"213-c7\" class=\"d-flex h-flex-basis h-column__inner h-px-lg-2 h-px-md-2 h-px-2 v-inner-lg-2 v-inner-md-2 v-inner-2 style-1359 style-local-213-c7 position-relative\">\n              <!---->\n              <!---->\n              <div class=\"w-100 h-y-container h-column__content h-column__v-align flex-basis-100 align-self-lg-center align-self-md-center align-self-center\">\n                <!---->\n                <div data-colibri-id=\"213-c8\" class=\"d-block style-1360 style-local-213-c8 position-relative h-element\">\n                  <!---->\n                  <div class=\"h-image__frame-container-outer\">\n                    <div class=\"h-image__frame-container\">\n                      <!---->\n                      <!---->\n                      <img loading=\"lazy\" decoding=\"async\" width=\"940\" height=\"1159\" src=\"http:\/\/tce.pb.gov.br\/site-50-anos\/wp-content\/uploads\/2021\/02\/fmariz.jpg\" class=\"wp-image-345 style-1360-image style-local-213-c8-image\" alt=\"\" srcset=\"https:\/\/tce.pb.gov.br\/site-50-anos\/wp-content\/uploads\/2021\/02\/fmariz.jpg 940w, https:\/\/tce.pb.gov.br\/site-50-anos\/wp-content\/uploads\/2021\/02\/fmariz-243x300.jpg 243w, https:\/\/tce.pb.gov.br\/site-50-anos\/wp-content\/uploads\/2021\/02\/fmariz-831x1024.jpg 831w, https:\/\/tce.pb.gov.br\/site-50-anos\/wp-content\/uploads\/2021\/02\/fmariz-768x947.jpg 768w\" sizes=\"auto, (max-width: 940px) 100vw, 940px\" \/>\n                      <div class=\"h-image__frame h-hide-sm style-1360-frameImage style-local-213-c8-frameImage\"><\/div>\n                    <\/div>\n                  <\/div>\n                <\/div>\n              <\/div>\n            <\/div>\n          <\/div>\n        <\/div>\n      <\/div>\n    <\/div>\n  <\/div>\n  <div data-colibri-component=\"section\" data-colibri-id=\"213-c9\" id=\"custom\" class=\"h-section h-section-global-spacing d-flex align-items-lg-center align-items-md-center align-items-center style-1540 style-local-213-c9 position-relative\">\n    <!---->\n    <!---->\n    <div class=\"h-section-grid-container h-section-boxed-container\">\n      <!---->\n      <div data-colibri-id=\"213-c10\" class=\"h-row-container gutters-row-lg-2 gutters-row-md-2 gutters-row-0 gutters-row-v-lg-2 gutters-row-v-md-2 gutters-row-v-2 style-1541 style-local-213-c10 position-relative\">\n        <!---->\n        <div class=\"h-row justify-content-lg-center justify-content-md-center justify-content-center align-items-lg-stretch align-items-md-stretch align-items-stretch gutters-col-lg-2 gutters-col-md-2 gutters-col-0 gutters-col-v-lg-2 gutters-col-v-md-2 gutters-col-v-2\">\n          <!---->\n          <div class=\"h-column h-column-container d-flex h-col-lg-auto h-col-md-auto h-col-auto style-1542-outer style-local-213-c11-outer\">\n            <div data-colibri-id=\"213-c11\" class=\"d-flex h-flex-basis h-column__inner h-px-lg-2 h-px-md-2 h-px-2 v-inner-lg-2 v-inner-md-2 v-inner-2 style-1542 style-local-213-c11 position-relative\">\n              <!---->\n              <!---->\n              <div class=\"w-100 h-y-container h-column__content h-column__v-align flex-basis-100 align-self-lg-start align-self-md-start align-self-start\">\n                <!---->\n                <div data-colibri-id=\"213-c12\" class=\"h-x-container style-1543 style-local-213-c12 position-relative h-element\">\n                  <!---->\n                  <div class=\"h-x-container-inner style-dynamic-213-c12-group style-1543-spacing style-local-213-c12-spacing\"><span class=\"h-button__outer style-1544-outer style-local-213-c13-outer d-inline-flex h-element\"><a h-use-smooth-scroll=\"true\" href=\"\/site-50-anos\/galeria-de-presidentes\/\"  data-colibri-id=\"213-c13\" class=\"d-flex w-100 align-items-center h-button justify-content-lg-center justify-content-md-center justify-content-center style-1544 style-local-213-c13 position-relative\"><!----><!----> <span>Voltar<\/span><\/a>\n                    <\/span>\n                  <\/div>\n                <\/div>\n              <\/div>\n            <\/div>\n          <\/div>\n        <\/div>\n      <\/div>\n    <\/div>\n  <\/div>\n<\/div>","protected":false},"excerpt":{"rendered":"<p>F\u00c1BIO MARIZ MAIA. Nascimento: 26\/ 09 \/1921, Catol\u00e9 do Rocha \u2013 PB. Falecimento: 16\/02\/1995. Forma\u00e7\u00e3o acad\u00eamica: Bacharelado em Engenharia Agron\u00f4mica, \u2014 (Escola de Agronomia da Universidade de S\u00e3o Paulo \u2013 USP). Ingresso no TCE: Nomeado para o cargo de Conselheiro pelo Governador Ivan Bichara Sobreira, Ato Governamental de 14\/07\/1977. DOE 15\/07\/77. Posse 29\/07\/1977. Aposentadoria: Ato [&hellip;]<\/p>\n","protected":false},"author":1,"featured_media":0,"parent":162,"menu_order":7,"comment_status":"closed","ping_status":"closed","template":"page-templates\/full-width-page.php","meta":{"footnotes":""},"class_list":["post-213","page","type-page","status-publish","hentry"],"_links":{"self":[{"href":"https:\/\/tce.pb.gov.br\/site-50-anos\/wp-json\/wp\/v2\/pages\/213","targetHints":{"allow":["GET"]}}],"collection":[{"href":"https:\/\/tce.pb.gov.br\/site-50-anos\/wp-json\/wp\/v2\/pages"}],"about":[{"href":"https:\/\/tce.pb.gov.br\/site-50-anos\/wp-json\/wp\/v2\/types\/page"}],"author":[{"embeddable":true,"href":"https:\/\/tce.pb.gov.br\/site-50-anos\/wp-json\/wp\/v2\/users\/1"}],"replies":[{"embeddable":true,"href":"https:\/\/tce.pb.gov.br\/site-50-anos\/wp-json\/wp\/v2\/comments?post=213"}],"version-history":[{"count":11,"href":"https:\/\/tce.pb.gov.br\/site-50-anos\/wp-json\/wp\/v2\/pages\/213\/revisions"}],"predecessor-version":[{"id":2876,"href":"https:\/\/tce.pb.gov.br\/site-50-anos\/wp-json\/wp\/v2\/pages\/213\/revisions\/2876"}],"up":[{"embeddable":true,"href":"https:\/\/tce.pb.gov.br\/site-50-anos\/wp-json\/wp\/v2\/pages\/162"}],"wp:attachment":[{"href":"https:\/\/tce.pb.gov.br\/site-50-anos\/wp-json\/wp\/v2\/media?parent=213"}],"curies":[{"name":"wp","href":"https:\/\/api.w.org\/{rel}","templated":true}]}}