{"id":210,"date":"2021-02-26T23:15:00","date_gmt":"2021-02-27T02:15:00","guid":{"rendered":"http:\/\/tce.pb.gov.br\/site-50-anos\/?page_id=210"},"modified":"2021-11-18T10:36:19","modified_gmt":"2021-11-18T13:36:19","slug":"flavio-satiro-fernandes","status":"publish","type":"page","link":"https:\/\/tce.pb.gov.br\/site-50-anos\/galeria-de-presidentes\/flavio-satiro-fernandes\/","title":{"rendered":"Fl\u00e1vio S\u00e1tiro Fernandes"},"content":{"rendered":"<div data-colibri-id=\"210-c1\" class=\"style-1256 style-local-210-c1 position-relative\">\n  <!---->\n  <div data-colibri-component=\"section\" data-colibri-id=\"210-c2\" id=\"about\" class=\"h-section h-section-global-spacing d-flex align-items-lg-center align-items-md-center align-items-center style-1261 style-local-210-c2 position-relative\">\n    <!---->\n    <!---->\n    <div class=\"h-section-grid-container h-section-boxed-container\">\n      <!---->\n      <div data-colibri-id=\"210-c3\" class=\"h-row-container gutters-row-lg-2 gutters-row-md-2 gutters-row-2 gutters-row-v-lg-2 gutters-row-v-md-2 gutters-row-v-2 style-1262 style-local-210-c3 position-relative\">\n        <!---->\n        <div class=\"h-row justify-content-lg-center justify-content-md-center justify-content-center align-items-lg-stretch align-items-md-stretch align-items-stretch gutters-col-lg-2 gutters-col-md-2 gutters-col-2 gutters-col-v-lg-2 gutters-col-v-md-2 gutters-col-v-2\">\n          <!---->\n          <div class=\"h-column h-column-container d-flex h-col-lg-auto h-col-md-auto h-col-auto style-1263-outer style-local-210-c4-outer\">\n            <div data-colibri-id=\"210-c4\" class=\"d-flex h-flex-basis h-column__inner h-px-lg-2 h-px-md-2 h-px-2 v-inner-lg-2 v-inner-md-2 v-inner-2 style-1263 style-local-210-c4 position-relative\">\n              <!---->\n              <!---->\n              <div class=\"w-100 h-y-container h-column__content h-column__v-align flex-basis-100 align-self-lg-center align-self-md-center align-self-center\">\n                <!---->\n                <div data-colibri-id=\"210-c5\" class=\"h-global-transition-all h-heading style-1264 style-local-210-c5 position-relative h-element\">\n                  <!---->\n                  <div class=\"h-heading__outer style-1264 style-local-210-c5\">\n                    <!---->\n                    <!---->\n                    <h5 class=\"\">FL\u00c1VIO S\u00c1TIRO FERNANDES.<\/h5>\n                  <\/div>\n                <\/div>\n                <div data-colibri-id=\"210-c6\" class=\"h-text h-text-component style-1266 style-local-210-c6 position-relative h-element\">\n                  <!---->\n                  <!---->\n                  <div class=\"\">\n                    <p><strong>Nascimento<\/strong>: 13\/01\/1942, Patos \u2013&nbsp;PB.<\/p>\n                    <p><strong>Forma\u00e7\u00e3o acad\u00eamica:<\/strong><\/p>\n                    <p>Bacharel em Direito, 1964 (Faculdade de Direito do Recife \u2013 UFPE).<\/p>\n                    <p><strong>Ingresso no TCE<\/strong>:<\/p>\n                    <p>01\/03\/75, posse 06\/03\/1975. Exonerado a pedido Expediente do Dia 15\/09\/75, DOE 16\/09\/75 para assumir o cargo de Conselheiro.\n                      <br>Nomeado para o cargo de Conselheiro pelo Governador Ivan Bichara Sobreira.&nbsp;Expediente do Dia 15\/09\/75, DOE 16\/09\/75.\n                      <br>Pose em 23\/09\/1975<\/p>\n                    <p><strong>Aposentadoria<\/strong>:<\/p>\n                    <p>Portaria n\u00ba 014, de 10\/01\/2012 \u2013 DOE 11\/01\/12<\/p>\n                    <p><strong>Atua\u00e7\u00e3o no TCE-PB<\/strong>:<\/p>\n                    <p>Presidente (1983-1984; 1991-1992; 2001-2002).\n                      <br> Vice-Presidente (1979-1980; 1989-1990).<\/p>\n                    <p>Presidente da 1\u00aa C\u00e2mara (1979-1980).<\/p>\n                    <p>Presidente da 2\u00aa C\u00e2mara (1993-1994; 1995-1996).<\/p>\n                    <p>Procurador-Geral&nbsp;(06-03-75 a 16-09-75).<\/p>\n                    <p>Corregedor:<strong>&nbsp;(<\/strong>1997-1998; 1999-2000; 2003-2004; 2005-2006).<\/p>\n                    <p>Ouvidor: (2007-2008; 2009-2010; 2011-2012).<\/p>\n                    <p>Substituiu<strong>&nbsp;<\/strong>\n                      <a href=\"https:\/\/tce.pb.gov.br\/site-50-anos\/galeria-dos-conselheiros\/carmelo-dos-santos-coelho\" style=\"font-family: &quot;Open Sans&quot;; font-weight: 400; font-size: 1em; color: rgb(3, 169, 244);\"><strong>Carmelo dos Santos Coelho<\/strong><\/a>\n                    <\/p>\n                    <p>Substitu\u00eddo por<strong>&nbsp;<\/strong>\n                      <a href=\"https:\/\/tce.pb.gov.br\/site-50-anos\/andre-carlo-torres-pontes\" style=\"font-family: &quot;Open Sans&quot;; font-weight: 400; font-size: 1em; color: rgb(3, 169, 244);\"><strong>Andr\u00e9 Carlo Torres Pontes<\/strong>.<\/a>\n                    <\/p>\n                  <\/div>\n                <\/div>\n              <\/div>\n            <\/div>\n          <\/div>\n          <div class=\"h-column h-column-container d-flex h-col-lg-auto h-col-md-auto h-col-auto style-1269-outer style-local-210-c7-outer\">\n            <div data-colibri-id=\"210-c7\" class=\"d-flex h-flex-basis h-column__inner h-px-lg-2 h-px-md-2 h-px-2 v-inner-lg-2 v-inner-md-2 v-inner-2 style-1269 style-local-210-c7 position-relative\">\n              <!---->\n              <!---->\n              <div class=\"w-100 h-y-container h-column__content h-column__v-align flex-basis-100 align-self-lg-center align-self-md-center align-self-center\">\n                <!---->\n                <div data-colibri-id=\"210-c8\" class=\"d-block style-1270 style-local-210-c8 position-relative h-element\">\n                  <!---->\n                  <div class=\"h-image__frame-container-outer\">\n                    <div class=\"h-image__frame-container\">\n                      <!---->\n                      <!---->\n                      <img loading=\"lazy\" decoding=\"async\" width=\"722\" height=\"887\" src=\"http:\/\/tce.pb.gov.br\/site-50-anos\/wp-content\/uploads\/2021\/02\/fsatiro.jpg\" class=\"wp-image-346 style-1270-image style-local-210-c8-image\" alt=\"\" srcset=\"https:\/\/tce.pb.gov.br\/site-50-anos\/wp-content\/uploads\/2021\/02\/fsatiro.jpg 722w, https:\/\/tce.pb.gov.br\/site-50-anos\/wp-content\/uploads\/2021\/02\/fsatiro-244x300.jpg 244w\" sizes=\"auto, (max-width: 722px) 100vw, 722px\" \/>\n                      <div class=\"h-image__frame h-hide-sm style-1270-frameImage style-local-210-c8-frameImage\"><\/div>\n                    <\/div>\n                  <\/div>\n                <\/div>\n              <\/div>\n            <\/div>\n          <\/div>\n        <\/div>\n      <\/div>\n    <\/div>\n  <\/div>\n  <div data-colibri-component=\"section\" data-colibri-id=\"210-c9\" id=\"custom\" class=\"h-section h-section-global-spacing d-flex align-items-lg-center align-items-md-center align-items-center style-1552 style-local-210-c9 position-relative\">\n    <!---->\n    <!---->\n    <div class=\"h-section-grid-container h-section-boxed-container\">\n      <!---->\n      <div data-colibri-id=\"210-c10\" class=\"h-row-container gutters-row-lg-2 gutters-row-md-2 gutters-row-0 gutters-row-v-lg-2 gutters-row-v-md-2 gutters-row-v-2 style-1555 style-local-210-c10 position-relative\">\n        <!---->\n        <div class=\"h-row justify-content-lg-center justify-content-md-center justify-content-center align-items-lg-stretch align-items-md-stretch align-items-stretch gutters-col-lg-2 gutters-col-md-2 gutters-col-0 gutters-col-v-lg-2 gutters-col-v-md-2 gutters-col-v-2\">\n          <!---->\n          <div class=\"h-column h-column-container d-flex h-col-lg-auto h-col-md-auto h-col-auto style-1556-outer style-local-210-c11-outer\">\n            <div data-colibri-id=\"210-c11\" class=\"d-flex h-flex-basis h-column__inner h-px-lg-2 h-px-md-2 h-px-2 v-inner-lg-2 v-inner-md-2 v-inner-2 style-1556 style-local-210-c11 position-relative\">\n              <!---->\n              <!---->\n              <div class=\"w-100 h-y-container h-column__content h-column__v-align flex-basis-100 align-self-lg-start align-self-md-start align-self-start\">\n                <!---->\n                <div data-colibri-id=\"210-c12\" class=\"h-x-container style-1557 style-local-210-c12 position-relative h-element\">\n                  <!---->\n                  <div class=\"h-x-container-inner style-dynamic-210-c12-group style-1557-spacing style-local-210-c12-spacing\"><span class=\"h-button__outer style-1558-outer style-local-210-c13-outer d-inline-flex h-element\"><a h-use-smooth-scroll=\"true\" href=\"\/site-50-anos\/galeria-de-presidentes\/\"  data-colibri-id=\"210-c13\" class=\"d-flex w-100 align-items-center h-button justify-content-lg-center justify-content-md-center justify-content-center style-1558 style-local-210-c13 position-relative\"><!----><!----> <span>Voltar<\/span><\/a>\n                    <\/span>\n                  <\/div>\n                <\/div>\n              <\/div>\n            <\/div>\n          <\/div>\n        <\/div>\n      <\/div>\n    <\/div>\n  <\/div>\n<\/div>","protected":false},"excerpt":{"rendered":"<p>FL\u00c1VIO S\u00c1TIRO FERNANDES. Nascimento: 13\/01\/1942, Patos \u2013&nbsp;PB. Forma\u00e7\u00e3o acad\u00eamica: Bacharel em Direito, 1964 (Faculdade de Direito do Recife \u2013 UFPE). Ingresso no TCE: 01\/03\/75, posse 06\/03\/1975. Exonerado a pedido Expediente do Dia 15\/09\/75, DOE 16\/09\/75 para assumir o cargo de Conselheiro. Nomeado para o cargo de Conselheiro pelo Governador Ivan Bichara Sobreira.&nbsp;Expediente do Dia 15\/09\/75, [&hellip;]<\/p>\n","protected":false},"author":1,"featured_media":0,"parent":162,"menu_order":10,"comment_status":"closed","ping_status":"closed","template":"page-templates\/full-width-page.php","meta":{"footnotes":""},"class_list":["post-210","page","type-page","status-publish","hentry"],"_links":{"self":[{"href":"https:\/\/tce.pb.gov.br\/site-50-anos\/wp-json\/wp\/v2\/pages\/210","targetHints":{"allow":["GET"]}}],"collection":[{"href":"https:\/\/tce.pb.gov.br\/site-50-anos\/wp-json\/wp\/v2\/pages"}],"about":[{"href":"https:\/\/tce.pb.gov.br\/site-50-anos\/wp-json\/wp\/v2\/types\/page"}],"author":[{"embeddable":true,"href":"https:\/\/tce.pb.gov.br\/site-50-anos\/wp-json\/wp\/v2\/users\/1"}],"replies":[{"embeddable":true,"href":"https:\/\/tce.pb.gov.br\/site-50-anos\/wp-json\/wp\/v2\/comments?post=210"}],"version-history":[{"count":12,"href":"https:\/\/tce.pb.gov.br\/site-50-anos\/wp-json\/wp\/v2\/pages\/210\/revisions"}],"predecessor-version":[{"id":2834,"href":"https:\/\/tce.pb.gov.br\/site-50-anos\/wp-json\/wp\/v2\/pages\/210\/revisions\/2834"}],"up":[{"embeddable":true,"href":"https:\/\/tce.pb.gov.br\/site-50-anos\/wp-json\/wp\/v2\/pages\/162"}],"wp:attachment":[{"href":"https:\/\/tce.pb.gov.br\/site-50-anos\/wp-json\/wp\/v2\/media?parent=210"}],"curies":[{"name":"wp","href":"https:\/\/api.w.org\/{rel}","templated":true}]}}