{"id":206,"date":"2021-02-26T23:13:00","date_gmt":"2021-02-27T02:13:00","guid":{"rendered":"http:\/\/tce.pb.gov.br\/site-50-anos\/?page_id=206"},"modified":"2021-11-18T09:45:32","modified_gmt":"2021-11-18T12:45:32","slug":"aecio-villar-de-aquino","status":"publish","type":"page","link":"https:\/\/tce.pb.gov.br\/site-50-anos\/galeria-de-presidentes\/aecio-villar-de-aquino\/","title":{"rendered":"A\u00e9cio Villar de Aquino"},"content":{"rendered":"<div data-colibri-id=\"206-c1\" class=\"style-1316 style-local-206-c1 position-relative\">\n  <!---->\n  <div data-colibri-component=\"section\" data-colibri-id=\"206-c2\" id=\"about\" class=\"h-section h-section-global-spacing d-flex align-items-lg-center align-items-md-center align-items-center style-1321 style-local-206-c2 position-relative\">\n    <!---->\n    <!---->\n    <div class=\"h-section-grid-container h-section-boxed-container\">\n      <!---->\n      <div data-colibri-id=\"206-c3\" class=\"h-row-container gutters-row-lg-2 gutters-row-md-2 gutters-row-2 gutters-row-v-lg-2 gutters-row-v-md-2 gutters-row-v-2 style-1322 style-local-206-c3 position-relative\">\n        <!---->\n        <div class=\"h-row justify-content-lg-center justify-content-md-center justify-content-center align-items-lg-stretch align-items-md-stretch align-items-stretch gutters-col-lg-2 gutters-col-md-2 gutters-col-2 gutters-col-v-lg-2 gutters-col-v-md-2 gutters-col-v-2\">\n          <!---->\n          <div class=\"h-column h-column-container d-flex h-col-lg-auto h-col-md-auto h-col-auto style-1323-outer style-local-206-c4-outer\">\n            <div data-colibri-id=\"206-c4\" class=\"d-flex h-flex-basis h-column__inner h-px-lg-2 h-px-md-2 h-px-2 v-inner-lg-2 v-inner-md-2 v-inner-2 style-1323 style-local-206-c4 position-relative\">\n              <!---->\n              <!---->\n              <div class=\"w-100 h-y-container h-column__content h-column__v-align flex-basis-100 align-self-lg-center align-self-md-center align-self-center\">\n                <!---->\n                <div data-colibri-id=\"206-c5\" class=\"h-global-transition-all h-heading style-1324 style-local-206-c5 position-relative h-element\">\n                  <!---->\n                  <div class=\"h-heading__outer style-1324 style-local-206-c5\">\n                    <!---->\n                    <!---->\n                    <h5 class=\"\">A\u00c9CIO VILAR DE AQUINO.<\/h5>\n                  <\/div>\n                <\/div>\n                <div data-colibri-id=\"206-c6\" class=\"h-text h-text-component style-1326 style-local-206-c6 position-relative h-element\">\n                  <!---->\n                  <!---->\n                  <div class=\"\">\n                    <p><strong>Nascimento<\/strong>: 10\/04\/1931, Natal \u2013 RN.<\/p>\n                    <p><strong>Falecimento<\/strong>: 04\/12\/1999.<\/p>\n                    <p><strong>Forma\u00e7\u00e3o acad\u00eamica<\/strong>:<\/p>\n                    <p>Bacharel em Direito, \u2014 (Universidade Federal de Pernambuco \u2013 UFPE).\n                      <br>Bacharel em Ci\u00eancias Sociais, Faculdade de Filosofia de Pernambuco (UFPE).<\/p>\n                    <p><strong>Ingresso no TCE<\/strong>:<\/p>\n                    <p>Nomeado para o cargo de Conselheiro pelo Governador Jo\u00e3o Agripino Maia Filho.\n                      <br>Expediente do dia 08\/01\/71, DOE de 09\/01\/71 com base na Lei 3.627, de 31\/08\/1970.\n                      <br>Posse 01\/03\/1971.<\/p>\n                    <p><strong>Aposentadoria<\/strong>: Processo TC 9014\/91 de 30\/10\/91. Doe de 30\/10\/91.<\/p>\n                    <p><strong>Atua\u00e7\u00e3o no TCE-PB<\/strong>:<\/p>\n                    <p>Presidente (1981-1982) (1989-1990).<\/p>\n                    <p>Presidente da 2\u00aa C\u00e2mara: (1977-1978).<\/p>\n                    <p><strong>Conselheiro Fundador.<\/strong><\/p>\n                    <p>Substitu\u00eddo por&nbsp;\n                      <a href=\"https:\/\/tce.pb.gov.br\/site-50-anos\/gleryston-holanda-de-lucena\" style=\"font-family: &quot;Open Sans&quot;; font-weight: 400; font-size: 1em; color: rgb(3, 169, 244);\"><strong>Gleryston Holanda de Lucena<\/strong>.<\/a>\n                    <\/p>\n                  <\/div>\n                <\/div>\n              <\/div>\n            <\/div>\n          <\/div>\n          <div class=\"h-column h-column-container d-flex h-col-lg-auto h-col-md-auto h-col-auto style-1329-outer style-local-206-c7-outer\">\n            <div data-colibri-id=\"206-c7\" class=\"d-flex h-flex-basis h-column__inner h-px-lg-2 h-px-md-2 h-px-2 v-inner-lg-2 v-inner-md-2 v-inner-2 style-1329 style-local-206-c7 position-relative\">\n              <!---->\n              <!---->\n              <div class=\"w-100 h-y-container h-column__content h-column__v-align flex-basis-100 align-self-lg-center align-self-md-center align-self-center\">\n                <!---->\n                <div data-colibri-id=\"206-c8\" class=\"d-block style-1330 style-local-206-c8 position-relative h-element\">\n                  <!---->\n                  <div class=\"h-image__frame-container-outer\">\n                    <div class=\"h-image__frame-container\">\n                      <!---->\n                      <!---->\n                      <img loading=\"lazy\" decoding=\"async\" width=\"748\" height=\"927\" src=\"http:\/\/tce.pb.gov.br\/site-50-anos\/wp-content\/uploads\/2021\/02\/aecio.jpg\" class=\"wp-image-338 style-1330-image style-local-206-c8-image\" alt=\"\" srcset=\"https:\/\/tce.pb.gov.br\/site-50-anos\/wp-content\/uploads\/2021\/02\/aecio.jpg 748w, https:\/\/tce.pb.gov.br\/site-50-anos\/wp-content\/uploads\/2021\/02\/aecio-242x300.jpg 242w\" sizes=\"auto, (max-width: 748px) 100vw, 748px\" \/>\n                      <div class=\"h-image__frame h-hide-sm style-1330-frameImage style-local-206-c8-frameImage\"><\/div>\n                    <\/div>\n                  <\/div>\n                <\/div>\n              <\/div>\n            <\/div>\n          <\/div>\n        <\/div>\n      <\/div>\n    <\/div>\n  <\/div>\n  <div data-colibri-component=\"section\" data-colibri-id=\"206-c9\" id=\"custom\" class=\"h-section h-section-global-spacing d-flex align-items-lg-center align-items-md-center align-items-center style-1499 style-local-206-c9 position-relative\">\n    <!---->\n    <!---->\n    <div class=\"h-section-grid-container h-section-boxed-container\">\n      <!---->\n      <div data-colibri-id=\"206-c10\" class=\"h-row-container gutters-row-lg-2 gutters-row-md-2 gutters-row-0 gutters-row-v-lg-2 gutters-row-v-md-2 gutters-row-v-2 style-1500 style-local-206-c10 position-relative\">\n        <!---->\n        <div class=\"h-row justify-content-lg-center justify-content-md-center justify-content-center align-items-lg-center align-items-md-center align-items-center gutters-col-lg-2 gutters-col-md-2 gutters-col-0 gutters-col-v-lg-2 gutters-col-v-md-2 gutters-col-v-2\">\n          <!---->\n          <div class=\"h-column h-column-container d-flex h-col-lg-12 h-col-md-12 h-col-12 align-self-lg-center align-self-md-center align-self-center style-1501-outer style-local-206-c11-outer\">\n            <div data-colibri-id=\"206-c11\" class=\"d-flex h-flex-basis h-column__inner h-px-lg-2 h-px-md-2 h-px-2 v-inner-lg-2 v-inner-md-2 v-inner-2 style-1501 style-local-206-c11 position-relative\">\n              <!---->\n              <!---->\n              <div class=\"w-100 h-y-container h-column__content h-column__v-align flex-basis-100 align-self-lg-start align-self-md-start align-self-start\">\n                <!---->\n                <div data-colibri-id=\"206-c12\" class=\"h-x-container style-1502 style-local-206-c12 position-relative h-element\">\n                  <!---->\n                  <div class=\"h-x-container-inner style-dynamic-206-c12-group style-1502-spacing style-local-206-c12-spacing\"><span class=\"h-button__outer style-1503-outer style-local-206-c13-outer d-inline-flex h-element\"><a h-use-smooth-scroll=\"true\" href=\"\/site-50-anos\/galeria-de-presidentes\/\"  data-colibri-id=\"206-c13\" class=\"d-flex w-100 align-items-center h-button justify-content-lg-center justify-content-md-center justify-content-center style-1503 style-local-206-c13 position-relative\"><!----><!----> <span>Voltar<\/span><\/a>\n                    <\/span>\n                  <\/div>\n                <\/div>\n              <\/div>\n            <\/div>\n          <\/div>\n        <\/div>\n      <\/div>\n    <\/div>\n  <\/div>\n<\/div>","protected":false},"excerpt":{"rendered":"<p>A\u00c9CIO VILAR DE AQUINO. Nascimento: 10\/04\/1931, Natal \u2013 RN. Falecimento: 04\/12\/1999. Forma\u00e7\u00e3o acad\u00eamica: Bacharel em Direito, \u2014 (Universidade Federal de Pernambuco \u2013 UFPE). Bacharel em Ci\u00eancias Sociais, Faculdade de Filosofia de Pernambuco (UFPE). Ingresso no TCE: Nomeado para o cargo de Conselheiro pelo Governador Jo\u00e3o Agripino Maia Filho. Expediente do dia 08\/01\/71, DOE de 09\/01\/71 [&hellip;]<\/p>\n","protected":false},"author":1,"featured_media":0,"parent":162,"menu_order":0,"comment_status":"closed","ping_status":"closed","template":"page-templates\/full-width-page.php","meta":{"footnotes":""},"class_list":["post-206","page","type-page","status-publish","hentry"],"_links":{"self":[{"href":"https:\/\/tce.pb.gov.br\/site-50-anos\/wp-json\/wp\/v2\/pages\/206","targetHints":{"allow":["GET"]}}],"collection":[{"href":"https:\/\/tce.pb.gov.br\/site-50-anos\/wp-json\/wp\/v2\/pages"}],"about":[{"href":"https:\/\/tce.pb.gov.br\/site-50-anos\/wp-json\/wp\/v2\/types\/page"}],"author":[{"embeddable":true,"href":"https:\/\/tce.pb.gov.br\/site-50-anos\/wp-json\/wp\/v2\/users\/1"}],"replies":[{"embeddable":true,"href":"https:\/\/tce.pb.gov.br\/site-50-anos\/wp-json\/wp\/v2\/comments?post=206"}],"version-history":[{"count":15,"href":"https:\/\/tce.pb.gov.br\/site-50-anos\/wp-json\/wp\/v2\/pages\/206\/revisions"}],"predecessor-version":[{"id":2646,"href":"https:\/\/tce.pb.gov.br\/site-50-anos\/wp-json\/wp\/v2\/pages\/206\/revisions\/2646"}],"up":[{"embeddable":true,"href":"https:\/\/tce.pb.gov.br\/site-50-anos\/wp-json\/wp\/v2\/pages\/162"}],"wp:attachment":[{"href":"https:\/\/tce.pb.gov.br\/site-50-anos\/wp-json\/wp\/v2\/media?parent=206"}],"curies":[{"name":"wp","href":"https:\/\/api.w.org\/{rel}","templated":true}]}}