{"id":203,"date":"2021-02-26T23:11:00","date_gmt":"2021-02-27T02:11:00","guid":{"rendered":"http:\/\/tce.pb.gov.br\/site-50-anos\/?page_id=203"},"modified":"2021-11-18T10:42:22","modified_gmt":"2021-11-18T13:42:22","slug":"antonio-carlos-escorel-de-almeida","status":"publish","type":"page","link":"https:\/\/tce.pb.gov.br\/site-50-anos\/galeria-de-presidentes\/antonio-carlos-escorel-de-almeida\/","title":{"rendered":"Ant\u00f4nio Carlos Escorel de Almeida"},"content":{"rendered":"<div data-colibri-id=\"203-c1\" class=\"style-1361 style-local-203-c1 position-relative\">\n  <!---->\n  <div data-colibri-component=\"section\" data-colibri-id=\"203-c2\" id=\"about\" class=\"h-section h-section-global-spacing d-flex align-items-lg-center align-items-md-center align-items-center style-1366 style-local-203-c2 position-relative\">\n    <!---->\n    <!---->\n    <div class=\"h-section-grid-container h-section-boxed-container\">\n      <!---->\n      <div data-colibri-id=\"203-c3\" class=\"h-row-container gutters-row-lg-2 gutters-row-md-2 gutters-row-2 gutters-row-v-lg-2 gutters-row-v-md-2 gutters-row-v-2 style-1367 style-local-203-c3 position-relative\">\n        <!---->\n        <div class=\"h-row justify-content-lg-center justify-content-md-center justify-content-center align-items-lg-stretch align-items-md-stretch align-items-stretch gutters-col-lg-2 gutters-col-md-2 gutters-col-2 gutters-col-v-lg-2 gutters-col-v-md-2 gutters-col-v-2\">\n          <!---->\n          <div class=\"h-column h-column-container d-flex h-col-lg-auto h-col-md-auto h-col-auto style-1368-outer style-local-203-c4-outer\">\n            <div data-colibri-id=\"203-c4\" class=\"d-flex h-flex-basis h-column__inner h-px-lg-2 h-px-md-2 h-px-2 v-inner-lg-2 v-inner-md-2 v-inner-2 style-1368 style-local-203-c4 position-relative\">\n              <!---->\n              <!---->\n              <div class=\"w-100 h-y-container h-column__content h-column__v-align flex-basis-100 align-self-lg-center align-self-md-center align-self-center\">\n                <!---->\n                <div data-colibri-id=\"203-c5\" class=\"h-global-transition-all h-heading style-1369 style-local-203-c5 position-relative h-element\">\n                  <!---->\n                  <div class=\"h-heading__outer style-1369 style-local-203-c5\">\n                    <!---->\n                    <!---->\n                    <h5 class=\"\">ANT\u00d4NIO CARLOS ESCOREL DE ALMEIDA.<\/h5>\n                  <\/div>\n                <\/div>\n                <div data-colibri-id=\"203-c6\" class=\"h-text h-text-component style-1371 style-local-203-c6 position-relative h-element\">\n                  <!---->\n                  <!---->\n                  <div class=\"\">\n                    <p><strong>Nascimento<\/strong>: 31\/07\/1931, Guarabira, PB.<\/p>\n                    <p><strong>Falecimento<\/strong>: 07\/12\/2016.<\/p>\n                    <p><strong>Forma\u00e7\u00e3o acad\u00eamica<\/strong>:<\/p>\n                    <p>Bacharel em Direito pela Universidade do Estado de Guanabara.<\/p>\n                    <p><strong>Ingresso no TCE<\/strong>:.<\/p>\n                    <p>Nomeado para o cargo de Conselheiro pelo Governador Jo\u00e3o Agripino Maia Filho.\n                      <br>Expediente do dia 08\/01\/71, DOE de 09\/01\/71 com base na Lei 3.627, de 31\/08\/1970.\n                      <br>Posse em 01\/03\/1971.<\/p>\n                    <p><strong>Aposentadoria<\/strong>:<\/p>\n                    <p>Ato n\u00ba 2187\/88, de 28\/05\/1988. DOE 28\/05\/88. Processo TC 3316\/88.<\/p>\n                    <p><strong>Atua\u00e7\u00e3o no TCE-PB<\/strong>:<\/p>\n                    <p>Presidente (1977-1978).<\/p>\n                    <p>Vice-Presidente e Presidente 1\u00aa C\u00e2mara (1971-1972; 1973).<\/p>\n                    <p><strong>Conselheiro Fundador.<\/strong><\/p>\n                    <p>Foi substitu\u00eddo por&nbsp;\n                      <a href=\"https:\/\/tce.pb.gov.br\/site-50-anos\/marcos-ubiratan-guedes-pereira\" style=\"color: rgb(3, 169, 244); font-size: 1em; font-weight: 400; font-family: &quot;Open Sans&quot;;\"><strong>Marcos Ubiratan Guedes Pereira.<\/strong><\/a>\n                    <\/p>\n                  <\/div>\n                <\/div>\n              <\/div>\n            <\/div>\n          <\/div>\n          <div class=\"h-column h-column-container d-flex h-col-lg-auto h-col-md-auto h-col-auto style-1374-outer style-local-203-c7-outer\">\n            <div data-colibri-id=\"203-c7\" class=\"d-flex h-flex-basis h-column__inner h-px-lg-2 h-px-md-2 h-px-2 v-inner-lg-2 v-inner-md-2 v-inner-2 style-1374 style-local-203-c7 position-relative\">\n              <!---->\n              <!---->\n              <div class=\"w-100 h-y-container h-column__content h-column__v-align flex-basis-100 align-self-lg-center align-self-md-center align-self-center\">\n                <!---->\n                <div data-colibri-id=\"203-c8\" class=\"d-block style-1375 style-local-203-c8 position-relative h-element\">\n                  <!---->\n                  <div class=\"h-image__frame-container-outer\">\n                    <div class=\"h-image__frame-container\">\n                      <!---->\n                      <!---->\n                      <img loading=\"lazy\" decoding=\"async\" width=\"729\" height=\"891\" src=\"http:\/\/tce.pb.gov.br\/site-50-anos\/wp-content\/uploads\/2021\/02\/aescorel.jpg\" class=\"wp-image-339 style-1375-image style-local-203-c8-image\" alt=\"\" srcset=\"https:\/\/tce.pb.gov.br\/site-50-anos\/wp-content\/uploads\/2021\/02\/aescorel.jpg 729w, https:\/\/tce.pb.gov.br\/site-50-anos\/wp-content\/uploads\/2021\/02\/aescorel-245x300.jpg 245w\" sizes=\"auto, (max-width: 729px) 100vw, 729px\" \/>\n                      <div class=\"h-image__frame h-hide-sm style-1375-frameImage style-local-203-c8-frameImage\"><\/div>\n                    <\/div>\n                  <\/div>\n                <\/div>\n              <\/div>\n            <\/div>\n          <\/div>\n        <\/div>\n      <\/div>\n    <\/div>\n  <\/div>\n  <div data-colibri-component=\"section\" data-colibri-id=\"203-c9\" id=\"custom\" class=\"h-section h-section-global-spacing d-flex align-items-lg-center align-items-md-center align-items-center style-1511 style-local-203-c9 position-relative\">\n    <!---->\n    <!---->\n    <div class=\"h-section-grid-container h-section-boxed-container\">\n      <!---->\n      <div data-colibri-id=\"203-c10\" class=\"h-row-container gutters-row-lg-2 gutters-row-md-2 gutters-row-0 gutters-row-v-lg-2 gutters-row-v-md-2 gutters-row-v-2 style-1512 style-local-203-c10 position-relative\">\n        <!---->\n        <div class=\"h-row justify-content-lg-center justify-content-md-center justify-content-center align-items-lg-stretch align-items-md-stretch align-items-stretch gutters-col-lg-2 gutters-col-md-2 gutters-col-0 gutters-col-v-lg-2 gutters-col-v-md-2 gutters-col-v-2\">\n          <!---->\n          <div class=\"h-column h-column-container d-flex h-col-lg-auto h-col-md-auto h-col-auto style-1513-outer style-local-203-c11-outer\">\n            <div data-colibri-id=\"203-c11\" class=\"d-flex h-flex-basis h-column__inner h-px-lg-2 h-px-md-2 h-px-2 v-inner-lg-2 v-inner-md-2 v-inner-2 style-1513 style-local-203-c11 position-relative\">\n              <!---->\n              <!---->\n              <div class=\"w-100 h-y-container h-column__content h-column__v-align flex-basis-100 align-self-lg-start align-self-md-start align-self-start\">\n                <!---->\n                <div data-colibri-id=\"203-c12\" class=\"h-x-container style-1514 style-local-203-c12 position-relative h-element\">\n                  <!---->\n                  <div class=\"h-x-container-inner style-dynamic-203-c12-group style-1514-spacing style-local-203-c12-spacing\"><span class=\"h-button__outer style-1515-outer style-local-203-c13-outer d-inline-flex h-element\"><a h-use-smooth-scroll=\"true\" href=\"\/site-50-anos\/galeria-de-presidentes\/\"  data-colibri-id=\"203-c13\" class=\"d-flex w-100 align-items-center h-button justify-content-lg-center justify-content-md-center justify-content-center style-1515 style-local-203-c13 position-relative\"><!----><!----> <span>Voltar<\/span><\/a>\n                    <\/span>\n                  <\/div>\n                <\/div>\n              <\/div>\n            <\/div>\n          <\/div>\n        <\/div>\n      <\/div>\n    <\/div>\n  <\/div>\n<\/div>","protected":false},"excerpt":{"rendered":"<p>ANT\u00d4NIO CARLOS ESCOREL DE ALMEIDA. Nascimento: 31\/07\/1931, Guarabira, PB. Falecimento: 07\/12\/2016. Forma\u00e7\u00e3o acad\u00eamica: Bacharel em Direito pela Universidade do Estado de Guanabara. Ingresso no TCE:. Nomeado para o cargo de Conselheiro pelo Governador Jo\u00e3o Agripino Maia Filho. Expediente do dia 08\/01\/71, DOE de 09\/01\/71 com base na Lei 3.627, de 31\/08\/1970. Posse em 01\/03\/1971. Aposentadoria: [&hellip;]<\/p>\n","protected":false},"author":1,"featured_media":0,"parent":162,"menu_order":2,"comment_status":"closed","ping_status":"closed","template":"page-templates\/full-width-page.php","meta":{"footnotes":""},"class_list":["post-203","page","type-page","status-publish","hentry"],"_links":{"self":[{"href":"https:\/\/tce.pb.gov.br\/site-50-anos\/wp-json\/wp\/v2\/pages\/203","targetHints":{"allow":["GET"]}}],"collection":[{"href":"https:\/\/tce.pb.gov.br\/site-50-anos\/wp-json\/wp\/v2\/pages"}],"about":[{"href":"https:\/\/tce.pb.gov.br\/site-50-anos\/wp-json\/wp\/v2\/types\/page"}],"author":[{"embeddable":true,"href":"https:\/\/tce.pb.gov.br\/site-50-anos\/wp-json\/wp\/v2\/users\/1"}],"replies":[{"embeddable":true,"href":"https:\/\/tce.pb.gov.br\/site-50-anos\/wp-json\/wp\/v2\/comments?post=203"}],"version-history":[{"count":9,"href":"https:\/\/tce.pb.gov.br\/site-50-anos\/wp-json\/wp\/v2\/pages\/203\/revisions"}],"predecessor-version":[{"id":2883,"href":"https:\/\/tce.pb.gov.br\/site-50-anos\/wp-json\/wp\/v2\/pages\/203\/revisions\/2883"}],"up":[{"embeddable":true,"href":"https:\/\/tce.pb.gov.br\/site-50-anos\/wp-json\/wp\/v2\/pages\/162"}],"wp:attachment":[{"href":"https:\/\/tce.pb.gov.br\/site-50-anos\/wp-json\/wp\/v2\/media?parent=203"}],"curies":[{"name":"wp","href":"https:\/\/api.w.org\/{rel}","templated":true}]}}