{"id":1163,"date":"2021-03-01T14:24:00","date_gmt":"2021-03-01T17:24:00","guid":{"rendered":"http:\/\/tce.pb.gov.br\/site-50-anos\/?page_id=1163"},"modified":"2021-03-24T23:27:00","modified_gmt":"2021-03-25T02:27:00","slug":"selo-comemorativo-50-anos","status":"publish","type":"page","link":"https:\/\/tce.pb.gov.br\/site-50-anos\/selo-comemorativo-50-anos\/","title":{"rendered":"Selo Comemorativo 50 anos"},"content":{"rendered":"<div data-colibri-id=\"1163-c1\" class=\"style-608 style-local-1163-c1 position-relative\">\n  <!---->\n  <div data-colibri-component=\"section\" data-colibri-id=\"1163-c2\" id=\"initial-content\" class=\"h-section h-section-global-spacing d-flex align-items-lg-center align-items-md-center align-items-center style-609 style-local-1163-c2 position-relative\">\n    <!---->\n    <!---->\n    <div class=\"h-section-grid-container h-section-boxed-container\">\n      <!---->\n      <div data-colibri-id=\"1163-c3\" class=\"h-row-container gutters-row-lg-2 gutters-row-md-2 gutters-row-0 gutters-row-v-lg-2 gutters-row-v-md-2 gutters-row-v-2 style-610 style-local-1163-c3 position-relative\">\n        <!---->\n        <div class=\"h-row justify-content-lg-center justify-content-md-center justify-content-center align-items-lg-stretch align-items-md-stretch align-items-stretch gutters-col-lg-2 gutters-col-md-2 gutters-col-0 gutters-col-v-lg-2 gutters-col-v-md-2 gutters-col-v-2\">\n          <!---->\n          <div class=\"h-column h-column-container d-flex h-col-lg-auto h-col-md-auto h-col-auto style-611-outer style-local-1163-c4-outer\">\n            <div data-colibri-id=\"1163-c4\" class=\"d-flex h-flex-basis h-column__inner h-px-lg-2 h-px-md-2 h-px-2 v-inner-lg-2 v-inner-md-2 v-inner-2 style-611 style-local-1163-c4 position-relative\">\n              <!---->\n              <!---->\n              <div class=\"w-100 h-y-container h-column__content h-column__v-align flex-basis-100 align-self-lg-start align-self-md-start align-self-start\">\n                <!---->\n                <div data-colibri-id=\"1163-c5\" class=\"h-row-container gutters-row-lg-2 gutters-row-md-2 gutters-row-0 gutters-row-v-lg-2 gutters-row-v-md-2 gutters-row-v-2 style-613 style-local-1163-c5 position-relative\">\n                  <!---->\n                  <div class=\"h-row justify-content-lg-center justify-content-md-center justify-content-center align-items-lg-stretch align-items-md-stretch align-items-stretch gutters-col-lg-2 gutters-col-md-2 gutters-col-0 gutters-col-v-lg-2 gutters-col-v-md-2 gutters-col-v-2\">\n                    <!---->\n                    <div class=\"h-column h-column-container d-flex h-col-lg-auto h-col-md-auto h-col-auto style-614-outer style-local-1163-c6-outer\">\n                      <div data-colibri-id=\"1163-c6\" class=\"d-flex h-flex-basis h-column__inner h-px-lg-2 h-px-md-2 h-px-2 v-inner-lg-2 v-inner-md-2 v-inner-2 style-614 style-local-1163-c6 position-relative\">\n                        <!---->\n                        <!---->\n                        <div class=\"w-100 h-y-container h-column__content h-column__v-align flex-basis-100 align-self-lg-center align-self-md-center align-self-center\">\n                          <!---->\n                          <div data-colibri-id=\"1163-c7\" class=\"h-text h-text-component style-616 style-local-1163-c7 position-relative h-element\">\n                            <!---->\n                            <!---->\n                            <div class=\"\">\n                              <p>Clique na Imagem para baixar a logomarca dos 50 anos do Tribunal de Contas do Estado da Para\u00edba. A imagem encontra-se no formato PNG e possu\u00ed as dimens\u00f5es de 512&#215;512 px.<\/p>\n                            <\/div>\n                          <\/div>\n                        <\/div>\n                      <\/div>\n                    <\/div>\n                    <div class=\"h-column h-column-container d-flex h-col-lg-auto h-col-md-auto h-col-auto style-615-outer style-local-1163-c8-outer\">\n                      <div data-colibri-id=\"1163-c8\" class=\"d-flex h-flex-basis h-column__inner h-px-lg-2 h-px-md-2 h-px-2 v-inner-lg-2 v-inner-md-2 v-inner-2 style-615 style-local-1163-c8 position-relative\">\n                        <!---->\n                        <!---->\n                        <div class=\"w-100 h-y-container h-column__content h-column__v-align flex-basis-100 align-self-lg-start align-self-md-start align-self-start\">\n                          <!---->\n                          <div data-colibri-id=\"1163-c9\" class=\"d-block style-617 style-local-1163-c9 position-relative h-element\">\n                            <!---->\n                            <div class=\"h-image__frame-container-outer\">\n                              <a href=\"http:\/\/tce.pb.gov.br\/site-50-anos\/wp-content\/uploads\/2021\/02\/cropped-selo-50-anos-512.png\" h-use-smooth-scroll=\"true\" class=\"image-link\">\n                                <div class=\"h-image__frame-container\">\n                                  <!---->\n                                  <!---->\n                                  <img loading=\"lazy\" decoding=\"async\" width=\"519\" height=\"519\" src=\"http:\/\/tce.pb.gov.br\/site-50-anos\/wp-content\/uploads\/2021\/03\/Selo-50-512.png\" class=\"wp-image-1616 style-617-image style-local-1163-c9-image\" alt=\"\" srcset=\"https:\/\/tce.pb.gov.br\/site-50-anos\/wp-content\/uploads\/2021\/03\/Selo-50-512.png 519w, https:\/\/tce.pb.gov.br\/site-50-anos\/wp-content\/uploads\/2021\/03\/Selo-50-512-300x300.png 300w, https:\/\/tce.pb.gov.br\/site-50-anos\/wp-content\/uploads\/2021\/03\/Selo-50-512-150x150.png 150w\" sizes=\"auto, (max-width: 519px) 100vw, 519px\" \/>\n                                  <div class=\"h-image__frame h-hide-lg h-hide-md h-hide-sm style-617-frameImage style-local-1163-c9-frameImage\"><\/div>\n                                <\/div>\n                              <\/a>\n                            <\/div>\n                          <\/div>\n                        <\/div>\n                      <\/div>\n                    <\/div>\n                  <\/div>\n                <\/div>\n              <\/div>\n            <\/div>\n          <\/div>\n        <\/div>\n      <\/div>\n      <div data-colibri-id=\"1163-c10\" class=\"h-row-container gutters-row-lg-2 gutters-row-md-2 gutters-row-3 gutters-row-v-lg-2 gutters-row-v-md-2 gutters-row-v-3 style-720 style-local-1163-c10 position-relative\">\n        <!---->\n        <div class=\"h-row justify-content-lg-center justify-content-md-center justify-content-center align-items-lg-stretch align-items-md-stretch align-items-stretch gutters-col-lg-2 gutters-col-md-2 gutters-col-3 gutters-col-v-lg-2 gutters-col-v-md-2 gutters-col-v-3\">\n          <!---->\n          <div class=\"h-column h-column-container d-flex h-col-lg-auto h-col-md-auto h-col-auto style-721-outer style-local-1163-c11-outer\">\n            <div data-colibri-id=\"1163-c11\" class=\"d-flex h-flex-basis h-column__inner h-px-lg-2 h-px-md-2 h-px-3 v-inner-lg-2 v-inner-md-2 v-inner-3 style-721 style-local-1163-c11 position-relative\">\n              <!---->\n              <!---->\n              <div class=\"w-100 h-y-container h-column__content h-column__v-align flex-basis-100 align-self-lg-start align-self-md-start align-self-center\">\n                <!---->\n                <div data-colibri-id=\"1163-c12\" class=\"h-global-transition-all h-heading style-722 style-local-1163-c12 position-relative h-element\">\n                  <!---->\n                  <div class=\"h-heading__outer style-722 style-local-1163-c12\">\n                    <!---->\n                    <!---->\n                    <h3 class=\"\"><span data-animation-duration=\"4\" data-type-animation=\"rotate-1\" data-colibri-component=\"fancy-title\"><span class=\"ah-headline rotate-1\"><span style=\"position: relative\" class=\"ah-words-wrapper\"><b class=\"is-visible\">Como&nbsp;surgiu&nbsp;o&nbsp;nosso&nbsp;selo<\/b><b>Como&nbsp;surgiu&nbsp;o&nbsp;nosso&nbsp;selo<\/b><\/span><\/span>\n                      <\/span>\n                    <\/h3>\n                  <\/div>\n                <\/div>\n                <div data-colibri-id=\"1163-c13\" class=\"h-text h-text-component style-723 style-local-1163-c13 position-relative h-element\">\n                  <!---->\n                  <!---->\n                  <div class=\"\">\n                    <p>Para comemorar essa longa e firme trajet\u00f3ria, o Tribunal de Contas da Para\u00edba lan\u00e7a um selo comemorativo, que ficar\u00e1 vinculado \u00e0 logomarca do \u00f3rg\u00e3o em suas publica\u00e7\u00f5es.<\/p>\n                    <p>O selo lembra a data de inaugura\u00e7\u00e3o da Corte de Contas (1971) e a data em que se comemoram os 50 anos (2021). O tom dourado representa a solidez da institui\u00e7\u00e3o e remete ao nosso Jubileu de Ouro. O c\u00edrculo interno, enfatiza um mundo\n                      conectado em teias de internet, que remetem a movimento, inova\u00e7\u00e3o, velocidade da informa\u00e7\u00e3o e a busca constante pela modernidade nos mecanismos de controle externo.<\/p>\n                  <\/div>\n                <\/div>\n              <\/div>\n            <\/div>\n          <\/div>\n        <\/div>\n      <\/div>\n    <\/div>\n  <\/div>\n  <div data-colibri-component=\"section\" data-colibri-id=\"1163-c14\" id=\"overlappable\" class=\"h-section h-section-global-spacing d-flex align-items-lg-center align-items-md-center align-items-center style-691 style-local-1163-c14 position-relative\">\n    <!---->\n    <!---->\n    <div class=\"h-section-grid-container h-section-boxed-container\">\n      <!---->\n      <div data-colibri-id=\"1163-c15\" class=\"h-row-container gutters-row-lg-0 gutters-row-md-0 gutters-row-2 gutters-row-v-lg-0 gutters-row-v-md-0 gutters-row-v-0 style-692 style-local-1163-c15 position-relative\">\n        <!---->\n        <div class=\"h-row justify-content-lg-center justify-content-md-center justify-content-center align-items-lg-stretch align-items-md-stretch align-items-stretch gutters-col-lg-0 gutters-col-md-0 gutters-col-2 gutters-col-v-lg-0 gutters-col-v-md-0 gutters-col-v-0\">\n          <!---->\n          <div class=\"h-column h-column-container d-flex h-col-lg-4 h-col-md-4 h-col-12 style-693-outer style-local-1163-c16-outer\">\n            <div data-colibri-id=\"1163-c16\" class=\"d-flex h-flex-basis h-column__inner h-px-lg-2 h-px-md-3 h-px-2 v-inner-lg-0 v-inner-md-3 v-inner-2 style-693 style-local-1163-c16 position-relative\">\n              <!---->\n              <!---->\n              <div class=\"w-100 h-y-container h-column__content h-column__v-align flex-basis-100 align-self-lg-start align-self-md-start align-self-start\">\n                <!---->\n                <div data-colibri-id=\"1163-c17\" class=\"d-block style-697 style-local-1163-c17 position-relative h-element\">\n                  <!---->\n                  <div class=\"h-image__frame-container-outer\">\n                    <div class=\"h-image__frame-container\">\n                      <!---->\n                      <!---->\n                      <img loading=\"lazy\" decoding=\"async\" width=\"201\" height=\"201\" src=\"http:\/\/tce.pb.gov.br\/site-50-anos\/wp-content\/uploads\/2021\/03\/selo-conexoes.png\" class=\"wp-image-1484 style-697-image style-local-1163-c17-image\" alt=\"\" srcset=\"https:\/\/tce.pb.gov.br\/site-50-anos\/wp-content\/uploads\/2021\/03\/selo-conexoes.png 201w, https:\/\/tce.pb.gov.br\/site-50-anos\/wp-content\/uploads\/2021\/03\/selo-conexoes-150x150.png 150w\" sizes=\"auto, (max-width: 201px) 100vw, 201px\" \/>\n                      <div class=\"h-image__frame h-hide-lg h-hide-md h-hide-sm style-697-frameImage style-local-1163-c17-frameImage\"><\/div>\n                    <\/div>\n                  <\/div>\n                <\/div>\n                <div data-colibri-id=\"1163-c18\" class=\"h-global-transition-all h-heading style-695 style-local-1163-c18 position-relative h-element\">\n                  <!---->\n                  <div class=\"h-heading__outer style-695 style-local-1163-c18\">\n                    <!---->\n                    <!---->\n                    <h4 class=\"\">um mundo conectado<\/h4>\n                  <\/div>\n                <\/div>\n                <div data-colibri-id=\"1163-c19\" class=\"h-text h-text-component style-696 style-local-1163-c19 position-relative h-element\">\n                  <!---->\n                  <!---->\n                  <div class=\"\">\n                    <p>Conex\u00f5es que fazem o mundo funcionar<\/p>\n                    <p>de forma multim\u00eddia, trazendo perspectivas<\/p>\n                    <p>nunca antes imaginadas para o futuro.<\/p>\n                  <\/div>\n                <\/div>\n              <\/div>\n            <\/div>\n          <\/div>\n          <div class=\"h-column h-column-container d-flex h-col-lg-4 h-col-md-4 h-col-12 style-693-outer style-local-1163-c20-outer\">\n            <div data-colibri-id=\"1163-c20\" class=\"d-flex h-flex-basis h-column__inner h-px-lg-2 h-px-md-3 h-px-2 v-inner-lg-0 v-inner-md-3 v-inner-2 style-693 style-local-1163-c20 position-relative\">\n              <!---->\n              <!---->\n              <div class=\"w-100 h-y-container h-column__content h-column__v-align flex-basis-100 align-self-lg-start align-self-md-start align-self-start\">\n                <!---->\n                <div data-colibri-id=\"1163-c21\" class=\"d-block style-699 style-local-1163-c21 position-relative h-element\">\n                  <!---->\n                  <div class=\"h-image__frame-container-outer\">\n                    <div class=\"h-image__frame-container\">\n                      <!---->\n                      <!---->\n                      <img loading=\"lazy\" decoding=\"async\" width=\"201\" height=\"201\" src=\"http:\/\/tce.pb.gov.br\/site-50-anos\/wp-content\/uploads\/2021\/03\/selo-conexoes1-1.png\" class=\"wp-image-1486 style-699-image style-local-1163-c21-image\" alt=\"\" srcset=\"https:\/\/tce.pb.gov.br\/site-50-anos\/wp-content\/uploads\/2021\/03\/selo-conexoes1-1.png 201w, https:\/\/tce.pb.gov.br\/site-50-anos\/wp-content\/uploads\/2021\/03\/selo-conexoes1-1-150x150.png 150w\" sizes=\"auto, (max-width: 201px) 100vw, 201px\" \/>\n                      <div class=\"h-image__frame h-hide-lg h-hide-md h-hide-sm style-699-frameImage style-local-1163-c21-frameImage\"><\/div>\n                    <\/div>\n                  <\/div>\n                <\/div>\n                <div data-colibri-id=\"1163-c22\" class=\"h-global-transition-all h-heading style-695 style-local-1163-c22 position-relative h-element\">\n                  <!---->\n                  <div class=\"h-heading__outer style-695 style-local-1163-c22\">\n                    <!---->\n                    <!---->\n                    <h4 class=\"\">velocidade da informa\u00e7\u00e3o<\/h4>\n                  <\/div>\n                <\/div>\n                <div data-colibri-id=\"1163-c23\" class=\"h-text h-text-component style-696 style-local-1163-c23 position-relative h-element\">\n                  <!---->\n                  <!---->\n                  <div class=\"\">\n                    <p>Micro chips, Intelig\u00eancia Artificial, Fibra \u00f3ptica,<\/p>\n                    <p>elementos cada vez mais presentes em nosso<\/p>\n                    <p>cotidiano.<\/p>\n                  <\/div>\n                <\/div>\n              <\/div>\n            <\/div>\n          <\/div>\n          <div class=\"h-column h-column-container d-flex h-col-lg-4 h-col-md-4 h-col-12 style-693-outer style-local-1163-c24-outer\">\n            <div data-colibri-id=\"1163-c24\" class=\"d-flex h-flex-basis h-column__inner h-px-lg-2 h-px-md-3 h-px-2 v-inner-lg-0 v-inner-md-3 v-inner-2 style-693 style-local-1163-c24 position-relative\">\n              <!---->\n              <!---->\n              <div class=\"w-100 h-y-container h-column__content h-column__v-align flex-basis-100 align-self-lg-start align-self-md-start align-self-start\">\n                <!---->\n                <div data-colibri-id=\"1163-c25\" class=\"d-block style-698 style-local-1163-c25 position-relative h-element\">\n                  <!---->\n                  <div class=\"h-image__frame-container-outer\">\n                    <div class=\"h-image__frame-container\">\n                      <!---->\n                      <!---->\n                      <img loading=\"lazy\" decoding=\"async\" width=\"201\" height=\"201\" src=\"http:\/\/tce.pb.gov.br\/site-50-anos\/wp-content\/uploads\/2021\/03\/uniao-ok.png\" class=\"wp-image-1618 style-698-image style-local-1163-c25-image\" alt=\"\" srcset=\"https:\/\/tce.pb.gov.br\/site-50-anos\/wp-content\/uploads\/2021\/03\/uniao-ok.png 201w, https:\/\/tce.pb.gov.br\/site-50-anos\/wp-content\/uploads\/2021\/03\/uniao-ok-150x150.png 150w\" sizes=\"auto, (max-width: 201px) 100vw, 201px\" \/>\n                      <div class=\"h-image__frame h-hide-lg h-hide-md h-hide-sm style-698-frameImage style-local-1163-c25-frameImage\"><\/div>\n                    <\/div>\n                  <\/div>\n                <\/div>\n                <div data-colibri-id=\"1163-c26\" class=\"h-global-transition-all h-heading style-695 style-local-1163-c26 position-relative h-element\">\n                  <!---->\n                  <div class=\"h-heading__outer style-695 style-local-1163-c26\">\n                    <!---->\n                    <!---->\n                    <h4 class=\"\">50 anos \u00e0 frente do seu tempo<\/h4>\n                  <\/div>\n                <\/div>\n                <div data-colibri-id=\"1163-c27\" class=\"h-text h-text-component style-696 style-local-1163-c27 position-relative h-element\">\n                  <!---->\n                  <!---->\n                  <div class=\"\">\n                    <p>Temos a honra de estar sempre na vanguarda<\/p>\n                    <p>destes elementos, levando \u00e0 sociedade a busca<\/p>\n                    <p>pela maior efici\u00eancia do controle externo,<\/p>\n                    <p>sintetizando o conjunto do nosso selo.<\/p>\n                  <\/div>\n                <\/div>\n              <\/div>\n            <\/div>\n          <\/div>\n        <\/div>\n      <\/div>\n    <\/div>\n  <\/div>\n<\/div>","protected":false},"excerpt":{"rendered":"<p>Clique na Imagem para baixar a logomarca dos 50 anos do Tribunal de Contas do Estado da Para\u00edba. A imagem encontra-se no formato PNG e possu\u00ed as dimens\u00f5es de 512&#215;512 px. Como&nbsp;surgiu&nbsp;o&nbsp;nosso&nbsp;seloComo&nbsp;surgiu&nbsp;o&nbsp;nosso&nbsp;selo Para comemorar essa longa e firme trajet\u00f3ria, o Tribunal de Contas da Para\u00edba lan\u00e7a um selo comemorativo, que ficar\u00e1 vinculado \u00e0 logomarca do [&hellip;]<\/p>\n","protected":false},"author":2,"featured_media":0,"parent":0,"menu_order":0,"comment_status":"closed","ping_status":"closed","template":"page-templates\/full-width-page.php","meta":{"footnotes":""},"class_list":["post-1163","page","type-page","status-publish","hentry"],"_links":{"self":[{"href":"https:\/\/tce.pb.gov.br\/site-50-anos\/wp-json\/wp\/v2\/pages\/1163","targetHints":{"allow":["GET"]}}],"collection":[{"href":"https:\/\/tce.pb.gov.br\/site-50-anos\/wp-json\/wp\/v2\/pages"}],"about":[{"href":"https:\/\/tce.pb.gov.br\/site-50-anos\/wp-json\/wp\/v2\/types\/page"}],"author":[{"embeddable":true,"href":"https:\/\/tce.pb.gov.br\/site-50-anos\/wp-json\/wp\/v2\/users\/2"}],"replies":[{"embeddable":true,"href":"https:\/\/tce.pb.gov.br\/site-50-anos\/wp-json\/wp\/v2\/comments?post=1163"}],"version-history":[{"count":11,"href":"https:\/\/tce.pb.gov.br\/site-50-anos\/wp-json\/wp\/v2\/pages\/1163\/revisions"}],"predecessor-version":[{"id":1620,"href":"https:\/\/tce.pb.gov.br\/site-50-anos\/wp-json\/wp\/v2\/pages\/1163\/revisions\/1620"}],"wp:attachment":[{"href":"https:\/\/tce.pb.gov.br\/site-50-anos\/wp-json\/wp\/v2\/media?parent=1163"}],"curies":[{"name":"wp","href":"https:\/\/api.w.org\/{rel}","templated":true}]}}